{"id":10293,"date":"2025-03-24T17:35:47","date_gmt":"2025-03-24T17:35:47","guid":{"rendered":"https:\/\/cozydeco.be\/?post_type=product&#038;p=10293"},"modified":"2026-03-11T15:42:45","modified_gmt":"2026-03-11T15:42:45","slug":"etherische-olie-citroen","status":"publish","type":"product","link":"https:\/\/cozydeco.be\/nl\/product\/etherische-olie-citroen\/","title":{"rendered":"etherische olie &#8211; Citroen"},"content":{"rendered":"<p data-start=\"951\" data-end=\"1356\">Deze aromatische olie op basis van citroen zorgt voor een frisse, levendige en toch gezellige sfeer in huis, maar citroenolie heeft veel meer toepassingen dan je misschien zou denken:<\/p>\n<p data-start=\"951\" data-end=\"1356\">\u2705 verkwikkend &amp; warm: de heldere citrusgeur geeft energie en maakt je huis uitnodigend en sprankelend. Ideaal om een positieve vibe te cre\u00ebren, vooral op donkere en regenachtige dagen.<br data-start=\"1912\" data-end=\"1915\" \/>\u2705 gezellig &amp; schoon: citroen heeft een natuurlijke, frisse geur die ruimtes meteen zuiver en aangenaam laat ruiken. Dit draagt bij aan een fris en verzorgd gevoel in je interieur.<br data-start=\"1996\" data-end=\"1999\" \/>\u2705 citrusgeur werkt afwerend tegen insecten zoals muggen en mieren. Bye, bye beestjes!<\/p>\n<p data-start=\"951\" data-end=\"1356\"><br data-start=\"2133\" data-end=\"2136\" \/>Inhoud: flesje van 10ml in een mooie (cadeau)verpakking<\/p>\n<p data-start=\"951\" data-end=\"1356\">Toepassingen: aromatherapie aan de hand van een aroma diffuser &#8211; massage &#8211; op een aromasteen &#8211; in een geurzakje -&#8230;<\/p>\n<p data-start=\"951\" data-end=\"1356\">merk: <a href=\"https:\/\/cozydeco.be\/nl\/brand\/clouds-of-happiness\/\" target=\"_blank\" rel=\"noopener\">Clouds of Happiness<\/a><\/p>\n<p data-start=\"951\" data-end=\"1356\"><strong data-start=\"171\" data-end=\"182\">Let op:<\/strong><br data-start=\"182\" data-end=\"185\" \/>Voor een veilig gebruik van essenti\u00eble oli\u00ebn en parfum oli\u00ebn, raden we aan om de meegeleverde bijsluiter goed door te lezen. Hierin vind je belangrijke informatie over het juiste gebruik, waarschuwingen en veiligheidsmaatregelen.<\/p>\n<p data-start=\"951\" data-end=\"1356\">Niet geschikt voor baby\u2019s en jonge kinderen. Bij zwangerschap en borstvoeding eerst overleggen met je arts.<\/p>\n","protected":false},"excerpt":{"rendered":"<p>merk: <a href=\"https:\/\/cozydeco.be\/nl\/brand\/clouds-of-happiness\/\" target=\"_blank\" rel=\"noopener\">Clouds of Happiness<\/a><\/p>\n<p>Deze aromatische olie op basis van <strong data-start=\"30\" data-end=\"41\">citroen<\/strong> zorgt voor een frisse, levendige en toch gezellige sfeer in huis.<\/p>\n<p>Een aantal druppeltjes van deze 100% biologische en natuurlijke essenti\u00eble olie zorgen al voor een heel aangenaam effect, geeft energie en maakt je huis uitnodigend en sprankelend.<\/p>\n<p>inhoud flesje: 10ml<\/p>\n","protected":false},"featured_media":10295,"template":"","meta":[],"pwb-brand":[359],"product_brand":[],"product_cat":[361,372],"product_tag":[],"class_list":{"0":"post-10293","1":"product","2":"type-product","3":"status-publish","4":"has-post-thumbnail","6":"pwb-brand-clouds-of-happiness","7":"product_cat-aromatherapie-en-diffusers","8":"product_cat-cozy-lente-moments-selectie","10":"first","11":"instock","12":"taxable","13":"shipping-taxable","14":"purchasable","15":"product-type-simple"},"yoast_head":"<!-- This site is optimized with the Yoast SEO plugin v27.3 - https:\/\/yoast.com\/product\/yoast-seo-wordpress\/ -->\n<title>etherische olie - Citroen - cozydeco.be<\/title>\n<meta name=\"description\" content=\"Breng een frisse, levendige en toch gezellige sfeer in huis met deze aromatische olie op basis van citroen - te gebruiken in een aroma diffuser, op een aromasteen,...\" \/>\n<meta name=\"robots\" content=\"index, follow, max-snippet:-1, max-image-preview:large, max-video-preview:-1\" \/>\n<link rel=\"canonical\" href=\"https:\/\/cozydeco.be\/nl\/product\/etherische-olie-citroen\/\" \/>\n<meta property=\"og:locale\" content=\"nl_NL\" \/>\n<meta property=\"og:type\" content=\"article\" \/>\n<meta property=\"og:title\" content=\"etherische olie - Citroen - cozydeco.be\" \/>\n<meta property=\"og:description\" content=\"Breng een frisse, levendige en toch gezellige sfeer in huis met deze aromatische olie op basis van citroen - te gebruiken in een aroma diffuser, op een aromasteen,...\" \/>\n<meta property=\"og:url\" content=\"https:\/\/cozydeco.be\/nl\/product\/etherische-olie-citroen\/\" \/>\n<meta property=\"og:site_name\" content=\"cozydeco.be\" \/>\n<meta property=\"article:publisher\" content=\"https:\/\/www.facebook.com\/cozydeco.be\" \/>\n<meta property=\"article:modified_time\" content=\"2026-03-11T15:42:45+00:00\" \/>\n<meta property=\"og:image\" content=\"https:\/\/cozydeco.be\/wp-content\/uploads\/2025\/03\/cozydeco-cloudsofhappiness-essentiele-olie-citroen.jpg\" \/>\n\t<meta property=\"og:image:width\" content=\"1080\" \/>\n\t<meta property=\"og:image:height\" content=\"1080\" \/>\n\t<meta property=\"og:image:type\" content=\"image\/jpeg\" \/>\n<meta name=\"twitter:card\" content=\"summary_large_image\" \/>\n<meta name=\"twitter:label1\" content=\"Geschatte leestijd\" \/>\n\t<meta name=\"twitter:data1\" content=\"2 minuten\" \/>\n<script type=\"application\/ld+json\" class=\"yoast-schema-graph\">{\"@context\":\"https:\\\/\\\/schema.org\",\"@graph\":[{\"@type\":\"WebPage\",\"@id\":\"https:\\\/\\\/cozydeco.be\\\/nl\\\/product\\\/etherische-olie-citroen\\\/\",\"url\":\"https:\\\/\\\/cozydeco.be\\\/nl\\\/product\\\/etherische-olie-citroen\\\/\",\"name\":\"etherische olie - Citroen - cozydeco.be\",\"isPartOf\":{\"@id\":\"https:\\\/\\\/cozydeco.be\\\/nl\\\/#website\"},\"primaryImageOfPage\":{\"@id\":\"https:\\\/\\\/cozydeco.be\\\/nl\\\/product\\\/etherische-olie-citroen\\\/#primaryimage\"},\"image\":{\"@id\":\"https:\\\/\\\/cozydeco.be\\\/nl\\\/product\\\/etherische-olie-citroen\\\/#primaryimage\"},\"thumbnailUrl\":\"https:\\\/\\\/cozydeco.be\\\/wp-content\\\/uploads\\\/2025\\\/03\\\/cozydeco-cloudsofhappiness-essentiele-olie-citroen.jpg\",\"datePublished\":\"2025-03-24T17:35:47+00:00\",\"dateModified\":\"2026-03-11T15:42:45+00:00\",\"description\":\"Breng een frisse, levendige en toch gezellige sfeer in huis met deze aromatische olie op basis van citroen - te gebruiken in een aroma diffuser, op een aromasteen,...\",\"breadcrumb\":{\"@id\":\"https:\\\/\\\/cozydeco.be\\\/nl\\\/product\\\/etherische-olie-citroen\\\/#breadcrumb\"},\"inLanguage\":\"nl-NL\",\"potentialAction\":[{\"@type\":\"ReadAction\",\"target\":[\"https:\\\/\\\/cozydeco.be\\\/nl\\\/product\\\/etherische-olie-citroen\\\/\"]}]},{\"@type\":\"ImageObject\",\"inLanguage\":\"nl-NL\",\"@id\":\"https:\\\/\\\/cozydeco.be\\\/nl\\\/product\\\/etherische-olie-citroen\\\/#primaryimage\",\"url\":\"https:\\\/\\\/cozydeco.be\\\/wp-content\\\/uploads\\\/2025\\\/03\\\/cozydeco-cloudsofhappiness-essentiele-olie-citroen.jpg\",\"contentUrl\":\"https:\\\/\\\/cozydeco.be\\\/wp-content\\\/uploads\\\/2025\\\/03\\\/cozydeco-cloudsofhappiness-essentiele-olie-citroen.jpg\",\"width\":1080,\"height\":1080,\"caption\":\"etherische olie - citroen\"},{\"@type\":\"BreadcrumbList\",\"@id\":\"https:\\\/\\\/cozydeco.be\\\/nl\\\/product\\\/etherische-olie-citroen\\\/#breadcrumb\",\"itemListElement\":[{\"@type\":\"ListItem\",\"position\":1,\"name\":\"Shop\",\"item\":\"https:\\\/\\\/cozydeco.be\\\/nl\\\/shop\\\/\"},{\"@type\":\"ListItem\",\"position\":2,\"name\":\"etherische olie &#8211; Citroen\"}]},{\"@type\":\"WebSite\",\"@id\":\"https:\\\/\\\/cozydeco.be\\\/nl\\\/#website\",\"url\":\"https:\\\/\\\/cozydeco.be\\\/nl\\\/\",\"name\":\"cozydeco.be\",\"description\":\"voor meer sfeer, zachtheid en warmte in huis\",\"publisher\":{\"@id\":\"https:\\\/\\\/cozydeco.be\\\/nl\\\/#organization\"},\"alternateName\":\"Cozy deco\",\"potentialAction\":[{\"@type\":\"SearchAction\",\"target\":{\"@type\":\"EntryPoint\",\"urlTemplate\":\"https:\\\/\\\/cozydeco.be\\\/nl\\\/?s={search_term_string}\"},\"query-input\":{\"@type\":\"PropertyValueSpecification\",\"valueRequired\":true,\"valueName\":\"search_term_string\"}}],\"inLanguage\":\"nl-NL\"},{\"@type\":\"Organization\",\"@id\":\"https:\\\/\\\/cozydeco.be\\\/nl\\\/#organization\",\"name\":\"Cozy Deco\",\"alternateName\":\"Cozydeco.be\",\"url\":\"https:\\\/\\\/cozydeco.be\\\/nl\\\/\",\"logo\":{\"@type\":\"ImageObject\",\"inLanguage\":\"nl-NL\",\"@id\":\"https:\\\/\\\/cozydeco.be\\\/nl\\\/#\\\/schema\\\/logo\\\/image\\\/\",\"url\":\"https:\\\/\\\/cozydeco.be\\\/wp-content\\\/uploads\\\/2023\\\/06\\\/cropped-cozydeco-logo-blauw-zonder-slogan-3.png\",\"contentUrl\":\"https:\\\/\\\/cozydeco.be\\\/wp-content\\\/uploads\\\/2023\\\/06\\\/cropped-cozydeco-logo-blauw-zonder-slogan-3.png\",\"width\":500,\"height\":499,\"caption\":\"Cozy Deco\"},\"image\":{\"@id\":\"https:\\\/\\\/cozydeco.be\\\/nl\\\/#\\\/schema\\\/logo\\\/image\\\/\"},\"sameAs\":[\"https:\\\/\\\/www.facebook.com\\\/cozydeco.be\",\"https:\\\/\\\/www.instagram.com\\\/cozydeco.be\\\/\"]}]}<\/script>\n<!-- \/ Yoast SEO plugin. -->","yoast_head_json":{"title":"etherische olie - Citroen - cozydeco.be","description":"Breng een frisse, levendige en toch gezellige sfeer in huis met deze aromatische olie op basis van citroen - te gebruiken in een aroma diffuser, op een aromasteen,...","robots":{"index":"index","follow":"follow","max-snippet":"max-snippet:-1","max-image-preview":"max-image-preview:large","max-video-preview":"max-video-preview:-1"},"canonical":"https:\/\/cozydeco.be\/nl\/product\/etherische-olie-citroen\/","og_locale":"nl_NL","og_type":"article","og_title":"etherische olie - Citroen - cozydeco.be","og_description":"Breng een frisse, levendige en toch gezellige sfeer in huis met deze aromatische olie op basis van citroen - te gebruiken in een aroma diffuser, op een aromasteen,...","og_url":"https:\/\/cozydeco.be\/nl\/product\/etherische-olie-citroen\/","og_site_name":"cozydeco.be","article_publisher":"https:\/\/www.facebook.com\/cozydeco.be","article_modified_time":"2026-03-11T15:42:45+00:00","og_image":[{"width":1080,"height":1080,"url":"https:\/\/cozydeco.be\/wp-content\/uploads\/2025\/03\/cozydeco-cloudsofhappiness-essentiele-olie-citroen.jpg","type":"image\/jpeg"}],"twitter_card":"summary_large_image","twitter_misc":{"Geschatte leestijd":"2 minuten"},"schema":{"@context":"https:\/\/schema.org","@graph":[{"@type":"WebPage","@id":"https:\/\/cozydeco.be\/nl\/product\/etherische-olie-citroen\/","url":"https:\/\/cozydeco.be\/nl\/product\/etherische-olie-citroen\/","name":"etherische olie - Citroen - cozydeco.be","isPartOf":{"@id":"https:\/\/cozydeco.be\/nl\/#website"},"primaryImageOfPage":{"@id":"https:\/\/cozydeco.be\/nl\/product\/etherische-olie-citroen\/#primaryimage"},"image":{"@id":"https:\/\/cozydeco.be\/nl\/product\/etherische-olie-citroen\/#primaryimage"},"thumbnailUrl":"https:\/\/cozydeco.be\/wp-content\/uploads\/2025\/03\/cozydeco-cloudsofhappiness-essentiele-olie-citroen.jpg","datePublished":"2025-03-24T17:35:47+00:00","dateModified":"2026-03-11T15:42:45+00:00","description":"Breng een frisse, levendige en toch gezellige sfeer in huis met deze aromatische olie op basis van citroen - te gebruiken in een aroma diffuser, op een aromasteen,...","breadcrumb":{"@id":"https:\/\/cozydeco.be\/nl\/product\/etherische-olie-citroen\/#breadcrumb"},"inLanguage":"nl-NL","potentialAction":[{"@type":"ReadAction","target":["https:\/\/cozydeco.be\/nl\/product\/etherische-olie-citroen\/"]}]},{"@type":"ImageObject","inLanguage":"nl-NL","@id":"https:\/\/cozydeco.be\/nl\/product\/etherische-olie-citroen\/#primaryimage","url":"https:\/\/cozydeco.be\/wp-content\/uploads\/2025\/03\/cozydeco-cloudsofhappiness-essentiele-olie-citroen.jpg","contentUrl":"https:\/\/cozydeco.be\/wp-content\/uploads\/2025\/03\/cozydeco-cloudsofhappiness-essentiele-olie-citroen.jpg","width":1080,"height":1080,"caption":"etherische olie - citroen"},{"@type":"BreadcrumbList","@id":"https:\/\/cozydeco.be\/nl\/product\/etherische-olie-citroen\/#breadcrumb","itemListElement":[{"@type":"ListItem","position":1,"name":"Shop","item":"https:\/\/cozydeco.be\/nl\/shop\/"},{"@type":"ListItem","position":2,"name":"etherische olie &#8211; Citroen"}]},{"@type":"WebSite","@id":"https:\/\/cozydeco.be\/nl\/#website","url":"https:\/\/cozydeco.be\/nl\/","name":"cozydeco.be","description":"voor meer sfeer, zachtheid en warmte in huis","publisher":{"@id":"https:\/\/cozydeco.be\/nl\/#organization"},"alternateName":"Cozy deco","potentialAction":[{"@type":"SearchAction","target":{"@type":"EntryPoint","urlTemplate":"https:\/\/cozydeco.be\/nl\/?s={search_term_string}"},"query-input":{"@type":"PropertyValueSpecification","valueRequired":true,"valueName":"search_term_string"}}],"inLanguage":"nl-NL"},{"@type":"Organization","@id":"https:\/\/cozydeco.be\/nl\/#organization","name":"Cozy Deco","alternateName":"Cozydeco.be","url":"https:\/\/cozydeco.be\/nl\/","logo":{"@type":"ImageObject","inLanguage":"nl-NL","@id":"https:\/\/cozydeco.be\/nl\/#\/schema\/logo\/image\/","url":"https:\/\/cozydeco.be\/wp-content\/uploads\/2023\/06\/cropped-cozydeco-logo-blauw-zonder-slogan-3.png","contentUrl":"https:\/\/cozydeco.be\/wp-content\/uploads\/2023\/06\/cropped-cozydeco-logo-blauw-zonder-slogan-3.png","width":500,"height":499,"caption":"Cozy Deco"},"image":{"@id":"https:\/\/cozydeco.be\/nl\/#\/schema\/logo\/image\/"},"sameAs":["https:\/\/www.facebook.com\/cozydeco.be","https:\/\/www.instagram.com\/cozydeco.be\/"]}]}},"brands":[{"id":359,"name":"Clouds of Happiness","slug":"clouds-of-happiness"}],"_links":{"self":[{"href":"https:\/\/cozydeco.be\/nl\/wp-json\/wp\/v2\/product\/10293","targetHints":{"allow":["GET"]}}],"collection":[{"href":"https:\/\/cozydeco.be\/nl\/wp-json\/wp\/v2\/product"}],"about":[{"href":"https:\/\/cozydeco.be\/nl\/wp-json\/wp\/v2\/types\/product"}],"wp:featuredmedia":[{"embeddable":true,"href":"https:\/\/cozydeco.be\/nl\/wp-json\/wp\/v2\/media\/10295"}],"wp:attachment":[{"href":"https:\/\/cozydeco.be\/nl\/wp-json\/wp\/v2\/media?parent=10293"}],"wp:term":[{"taxonomy":"pwb-brand","embeddable":true,"href":"https:\/\/cozydeco.be\/nl\/wp-json\/wp\/v2\/pwb-brand?post=10293"},{"taxonomy":"product_brand","embeddable":true,"href":"https:\/\/cozydeco.be\/nl\/wp-json\/wp\/v2\/product_brand?post=10293"},{"taxonomy":"product_cat","embeddable":true,"href":"https:\/\/cozydeco.be\/nl\/wp-json\/wp\/v2\/product_cat?post=10293"},{"taxonomy":"product_tag","embeddable":true,"href":"https:\/\/cozydeco.be\/nl\/wp-json\/wp\/v2\/product_tag?post=10293"}],"curies":[{"name":"wp","href":"https:\/\/api.w.org\/{rel}","templated":true}]}}