{"id":9645,"date":"2025-01-14T15:03:19","date_gmt":"2025-01-14T15:03:19","guid":{"rendered":"https:\/\/cozydeco.be\/?post_type=product&#038;p=9645"},"modified":"2025-01-14T15:23:17","modified_gmt":"2025-01-14T15:23:17","slug":"henry-dean-vase-design-vert-stromboli-mirto","status":"publish","type":"product","link":"https:\/\/cozydeco.be\/fr\/produit\/henry-dean-vase-design-vert-stromboli-mirto\/","title":{"rendered":"Henry Dean vase design vert Stromboli &#8211; Mirto"},"content":{"rendered":"<p>marque: <a href=\"https:\/\/cozydeco.be\/nl\/brand\/henry-dean\/\" target=\"_blank\" rel=\"noopener\">Henry Dean<\/a><\/p>\n<p>Le vase design vert Stromboli Mirto est unique parce que c&#8217;est <strong>fabriqu\u00e9 \u00e0 la main et souffl\u00e9 \u00e0 la bouche<\/strong>. La collection de la marque belgique <a href=\"https:\/\/www.henrydean.be\/\" target=\"_blank\" rel=\"noopener\">Henry Dean<\/a> contient diff\u00e9rents objets d\u00e9coratifs avec des nuances de couleurs surprenantes et des formes pures.<br \/>\nVous pouvez utilisez ce vase vert pour un bouquet ou comme objet d\u00e9coratif sur votre table d&#8217;appoint.<br \/>\nLa s\u00e9rie Stromboli est faite avec du <strong>verre recycl\u00e9<\/strong> et \u00e7a se voit par les bulles d\u2019air qui donnent des effets de lumi\u00e8re fantastiques.<br \/>\nLa couleur Mirto va tr\u00e8s bien ensemble avec &#8216;<a href=\"https:\/\/cozydeco.be\/fr\/produit\/henry-dean-petit-vase-boule-vert-clovis-mineral\/\" target=\"_blank\" rel=\"noopener\">Mineral<\/a>&#8216; et surprendra tout le monde.<\/p>\n<p>dimensions: \u00b1 25 x 12 cm<\/p>\n<p>marque: <a href=\"https:\/\/cozydeco.be\/nl\/brand\/henry-dean\/\" target=\"_blank\" rel=\"noopener\">Henry Dean<\/a><\/p>\n","protected":false},"excerpt":{"rendered":"<p>marque: <a href=\"https:\/\/cozydeco.be\/nl\/brand\/henry-dean\/\" target=\"_blank\" rel=\"noopener\">Henry Dean<\/a><\/p>\n<p>Le vase design vert est fait avec du verre recycl\u00e9 et \u00e7a se voit par les bulles d\u2019air qui donnent des effets de lumi\u00e8re fantastiques. La couleur &#8216;Mirto&#8217; va tr\u00e8s bien ensemble avec &#8216;Mineral&#8217; et &#8216;Blossom&#8217; et surprendra tout le monde.<\/p>\n<p>dimensions: \u00b1 25 x 12 cm<\/p>\n","protected":false},"featured_media":9648,"template":"","meta":[],"pwb-brand":[282],"product_brand":[],"product_cat":[293],"product_tag":[],"class_list":{"0":"post-9645","1":"product","2":"type-product","3":"status-publish","4":"has-post-thumbnail","6":"pwb-brand-henry-dean-fr","7":"product_cat-vases","9":"first","10":"instock","11":"taxable","12":"shipping-taxable","13":"purchasable","14":"product-type-simple"},"yoast_head":"<!-- This site is optimized with the Yoast SEO plugin v27.3 - https:\/\/yoast.com\/product\/yoast-seo-wordpress\/ -->\n<title>Henry Dean vase design vert Stromboli - Mirto - cozydeco.be<\/title>\n<meta name=\"description\" content=\"Ce petit vase vert appartient \u00e0 la collection de Henry Dean : des objets en verre souffl\u00e9s \u00e0 la bouche et fabriqu\u00e9s \u00e0 la main | belles couleurs et bulles\" \/>\n<meta name=\"robots\" content=\"index, follow, max-snippet:-1, max-image-preview:large, max-video-preview:-1\" \/>\n<link rel=\"canonical\" href=\"https:\/\/cozydeco.be\/fr\/produit\/henry-dean-vase-design-vert-stromboli-mirto\/\" \/>\n<meta property=\"og:locale\" content=\"fr_FR\" \/>\n<meta property=\"og:type\" content=\"article\" \/>\n<meta property=\"og:title\" content=\"Henry Dean vase design vert Stromboli - Mirto - cozydeco.be\" \/>\n<meta property=\"og:description\" content=\"Ce petit vase vert appartient \u00e0 la collection de Henry Dean : des objets en verre souffl\u00e9s \u00e0 la bouche et fabriqu\u00e9s \u00e0 la main | belles couleurs et bulles\" \/>\n<meta property=\"og:url\" content=\"https:\/\/cozydeco.be\/fr\/produit\/henry-dean-vase-design-vert-stromboli-mirto\/\" \/>\n<meta property=\"og:site_name\" content=\"cozydeco.be\" \/>\n<meta property=\"article:publisher\" content=\"https:\/\/www.facebook.com\/cozydeco.be\" \/>\n<meta property=\"article:modified_time\" content=\"2025-01-14T15:23:17+00:00\" \/>\n<meta property=\"og:image\" content=\"https:\/\/cozydeco.be\/wp-content\/uploads\/2025\/01\/cozydeco-henry-dean-vaas-vase-stromboli-groot-mirto.jpg\" \/>\n\t<meta property=\"og:image:width\" content=\"2082\" \/>\n\t<meta property=\"og:image:height\" content=\"2082\" \/>\n\t<meta property=\"og:image:type\" content=\"image\/jpeg\" \/>\n<meta name=\"twitter:card\" content=\"summary_large_image\" \/>\n<meta name=\"twitter:label1\" content=\"Dur\u00e9e de lecture estim\u00e9e\" \/>\n\t<meta name=\"twitter:data1\" content=\"1 minute\" \/>\n<script type=\"application\/ld+json\" class=\"yoast-schema-graph\">{\"@context\":\"https:\\\/\\\/schema.org\",\"@graph\":[{\"@type\":\"WebPage\",\"@id\":\"https:\\\/\\\/cozydeco.be\\\/fr\\\/produit\\\/henry-dean-vase-design-vert-stromboli-mirto\\\/\",\"url\":\"https:\\\/\\\/cozydeco.be\\\/fr\\\/produit\\\/henry-dean-vase-design-vert-stromboli-mirto\\\/\",\"name\":\"Henry Dean vase design vert Stromboli - Mirto - cozydeco.be\",\"isPartOf\":{\"@id\":\"https:\\\/\\\/cozydeco.be\\\/fr\\\/#website\"},\"primaryImageOfPage\":{\"@id\":\"https:\\\/\\\/cozydeco.be\\\/fr\\\/produit\\\/henry-dean-vase-design-vert-stromboli-mirto\\\/#primaryimage\"},\"image\":{\"@id\":\"https:\\\/\\\/cozydeco.be\\\/fr\\\/produit\\\/henry-dean-vase-design-vert-stromboli-mirto\\\/#primaryimage\"},\"thumbnailUrl\":\"https:\\\/\\\/cozydeco.be\\\/wp-content\\\/uploads\\\/2025\\\/01\\\/cozydeco-henry-dean-vaas-vase-stromboli-groot-mirto.jpg\",\"datePublished\":\"2025-01-14T15:03:19+00:00\",\"dateModified\":\"2025-01-14T15:23:17+00:00\",\"description\":\"Ce petit vase vert appartient \u00e0 la collection de Henry Dean : des objets en verre souffl\u00e9s \u00e0 la bouche et fabriqu\u00e9s \u00e0 la main | belles couleurs et bulles\",\"breadcrumb\":{\"@id\":\"https:\\\/\\\/cozydeco.be\\\/fr\\\/produit\\\/henry-dean-vase-design-vert-stromboli-mirto\\\/#breadcrumb\"},\"inLanguage\":\"fr-FR\",\"potentialAction\":[{\"@type\":\"ReadAction\",\"target\":[\"https:\\\/\\\/cozydeco.be\\\/fr\\\/produit\\\/henry-dean-vase-design-vert-stromboli-mirto\\\/\"]}]},{\"@type\":\"ImageObject\",\"inLanguage\":\"fr-FR\",\"@id\":\"https:\\\/\\\/cozydeco.be\\\/fr\\\/produit\\\/henry-dean-vase-design-vert-stromboli-mirto\\\/#primaryimage\",\"url\":\"https:\\\/\\\/cozydeco.be\\\/wp-content\\\/uploads\\\/2025\\\/01\\\/cozydeco-henry-dean-vaas-vase-stromboli-groot-mirto.jpg\",\"contentUrl\":\"https:\\\/\\\/cozydeco.be\\\/wp-content\\\/uploads\\\/2025\\\/01\\\/cozydeco-henry-dean-vaas-vase-stromboli-groot-mirto.jpg\",\"width\":2082,\"height\":2082,\"caption\":\"groene designvaas Stromboli Mirto van Henry Dean\"},{\"@type\":\"BreadcrumbList\",\"@id\":\"https:\\\/\\\/cozydeco.be\\\/fr\\\/produit\\\/henry-dean-vase-design-vert-stromboli-mirto\\\/#breadcrumb\",\"itemListElement\":[{\"@type\":\"ListItem\",\"position\":1,\"name\":\"Boutique\",\"item\":\"https:\\\/\\\/cozydeco.be\\\/fr\\\/boutique\\\/\"},{\"@type\":\"ListItem\",\"position\":2,\"name\":\"Henry Dean vase design vert Stromboli &#8211; Mirto\"}]},{\"@type\":\"WebSite\",\"@id\":\"https:\\\/\\\/cozydeco.be\\\/fr\\\/#website\",\"url\":\"https:\\\/\\\/cozydeco.be\\\/fr\\\/\",\"name\":\"cozydeco.be\",\"description\":\"voor meer sfeer, zachtheid en warmte in huis\",\"publisher\":{\"@id\":\"https:\\\/\\\/cozydeco.be\\\/fr\\\/#organization\"},\"alternateName\":\"Cozy deco\",\"potentialAction\":[{\"@type\":\"SearchAction\",\"target\":{\"@type\":\"EntryPoint\",\"urlTemplate\":\"https:\\\/\\\/cozydeco.be\\\/fr\\\/?s={search_term_string}\"},\"query-input\":{\"@type\":\"PropertyValueSpecification\",\"valueRequired\":true,\"valueName\":\"search_term_string\"}}],\"inLanguage\":\"fr-FR\"},{\"@type\":\"Organization\",\"@id\":\"https:\\\/\\\/cozydeco.be\\\/fr\\\/#organization\",\"name\":\"Cozy Deco\",\"alternateName\":\"Cozydeco.be\",\"url\":\"https:\\\/\\\/cozydeco.be\\\/fr\\\/\",\"logo\":{\"@type\":\"ImageObject\",\"inLanguage\":\"fr-FR\",\"@id\":\"https:\\\/\\\/cozydeco.be\\\/fr\\\/#\\\/schema\\\/logo\\\/image\\\/\",\"url\":\"https:\\\/\\\/cozydeco.be\\\/wp-content\\\/uploads\\\/2023\\\/06\\\/cropped-cozydeco-logo-blauw-zonder-slogan-3.png\",\"contentUrl\":\"https:\\\/\\\/cozydeco.be\\\/wp-content\\\/uploads\\\/2023\\\/06\\\/cropped-cozydeco-logo-blauw-zonder-slogan-3.png\",\"width\":500,\"height\":499,\"caption\":\"Cozy Deco\"},\"image\":{\"@id\":\"https:\\\/\\\/cozydeco.be\\\/fr\\\/#\\\/schema\\\/logo\\\/image\\\/\"},\"sameAs\":[\"https:\\\/\\\/www.facebook.com\\\/cozydeco.be\",\"https:\\\/\\\/www.instagram.com\\\/cozydeco.be\\\/\"]}]}<\/script>\n<!-- \/ Yoast SEO plugin. -->","yoast_head_json":{"title":"Henry Dean vase design vert Stromboli - Mirto - cozydeco.be","description":"Ce petit vase vert appartient \u00e0 la collection de Henry Dean : des objets en verre souffl\u00e9s \u00e0 la bouche et fabriqu\u00e9s \u00e0 la main | belles couleurs et bulles","robots":{"index":"index","follow":"follow","max-snippet":"max-snippet:-1","max-image-preview":"max-image-preview:large","max-video-preview":"max-video-preview:-1"},"canonical":"https:\/\/cozydeco.be\/fr\/produit\/henry-dean-vase-design-vert-stromboli-mirto\/","og_locale":"fr_FR","og_type":"article","og_title":"Henry Dean vase design vert Stromboli - Mirto - cozydeco.be","og_description":"Ce petit vase vert appartient \u00e0 la collection de Henry Dean : des objets en verre souffl\u00e9s \u00e0 la bouche et fabriqu\u00e9s \u00e0 la main | belles couleurs et bulles","og_url":"https:\/\/cozydeco.be\/fr\/produit\/henry-dean-vase-design-vert-stromboli-mirto\/","og_site_name":"cozydeco.be","article_publisher":"https:\/\/www.facebook.com\/cozydeco.be","article_modified_time":"2025-01-14T15:23:17+00:00","og_image":[{"width":2082,"height":2082,"url":"https:\/\/cozydeco.be\/wp-content\/uploads\/2025\/01\/cozydeco-henry-dean-vaas-vase-stromboli-groot-mirto.jpg","type":"image\/jpeg"}],"twitter_card":"summary_large_image","twitter_misc":{"Dur\u00e9e de lecture estim\u00e9e":"1 minute"},"schema":{"@context":"https:\/\/schema.org","@graph":[{"@type":"WebPage","@id":"https:\/\/cozydeco.be\/fr\/produit\/henry-dean-vase-design-vert-stromboli-mirto\/","url":"https:\/\/cozydeco.be\/fr\/produit\/henry-dean-vase-design-vert-stromboli-mirto\/","name":"Henry Dean vase design vert Stromboli - Mirto - cozydeco.be","isPartOf":{"@id":"https:\/\/cozydeco.be\/fr\/#website"},"primaryImageOfPage":{"@id":"https:\/\/cozydeco.be\/fr\/produit\/henry-dean-vase-design-vert-stromboli-mirto\/#primaryimage"},"image":{"@id":"https:\/\/cozydeco.be\/fr\/produit\/henry-dean-vase-design-vert-stromboli-mirto\/#primaryimage"},"thumbnailUrl":"https:\/\/cozydeco.be\/wp-content\/uploads\/2025\/01\/cozydeco-henry-dean-vaas-vase-stromboli-groot-mirto.jpg","datePublished":"2025-01-14T15:03:19+00:00","dateModified":"2025-01-14T15:23:17+00:00","description":"Ce petit vase vert appartient \u00e0 la collection de Henry Dean : des objets en verre souffl\u00e9s \u00e0 la bouche et fabriqu\u00e9s \u00e0 la main | belles couleurs et bulles","breadcrumb":{"@id":"https:\/\/cozydeco.be\/fr\/produit\/henry-dean-vase-design-vert-stromboli-mirto\/#breadcrumb"},"inLanguage":"fr-FR","potentialAction":[{"@type":"ReadAction","target":["https:\/\/cozydeco.be\/fr\/produit\/henry-dean-vase-design-vert-stromboli-mirto\/"]}]},{"@type":"ImageObject","inLanguage":"fr-FR","@id":"https:\/\/cozydeco.be\/fr\/produit\/henry-dean-vase-design-vert-stromboli-mirto\/#primaryimage","url":"https:\/\/cozydeco.be\/wp-content\/uploads\/2025\/01\/cozydeco-henry-dean-vaas-vase-stromboli-groot-mirto.jpg","contentUrl":"https:\/\/cozydeco.be\/wp-content\/uploads\/2025\/01\/cozydeco-henry-dean-vaas-vase-stromboli-groot-mirto.jpg","width":2082,"height":2082,"caption":"groene designvaas Stromboli Mirto van Henry Dean"},{"@type":"BreadcrumbList","@id":"https:\/\/cozydeco.be\/fr\/produit\/henry-dean-vase-design-vert-stromboli-mirto\/#breadcrumb","itemListElement":[{"@type":"ListItem","position":1,"name":"Boutique","item":"https:\/\/cozydeco.be\/fr\/boutique\/"},{"@type":"ListItem","position":2,"name":"Henry Dean vase design vert Stromboli &#8211; Mirto"}]},{"@type":"WebSite","@id":"https:\/\/cozydeco.be\/fr\/#website","url":"https:\/\/cozydeco.be\/fr\/","name":"cozydeco.be","description":"voor meer sfeer, zachtheid en warmte in huis","publisher":{"@id":"https:\/\/cozydeco.be\/fr\/#organization"},"alternateName":"Cozy deco","potentialAction":[{"@type":"SearchAction","target":{"@type":"EntryPoint","urlTemplate":"https:\/\/cozydeco.be\/fr\/?s={search_term_string}"},"query-input":{"@type":"PropertyValueSpecification","valueRequired":true,"valueName":"search_term_string"}}],"inLanguage":"fr-FR"},{"@type":"Organization","@id":"https:\/\/cozydeco.be\/fr\/#organization","name":"Cozy Deco","alternateName":"Cozydeco.be","url":"https:\/\/cozydeco.be\/fr\/","logo":{"@type":"ImageObject","inLanguage":"fr-FR","@id":"https:\/\/cozydeco.be\/fr\/#\/schema\/logo\/image\/","url":"https:\/\/cozydeco.be\/wp-content\/uploads\/2023\/06\/cropped-cozydeco-logo-blauw-zonder-slogan-3.png","contentUrl":"https:\/\/cozydeco.be\/wp-content\/uploads\/2023\/06\/cropped-cozydeco-logo-blauw-zonder-slogan-3.png","width":500,"height":499,"caption":"Cozy Deco"},"image":{"@id":"https:\/\/cozydeco.be\/fr\/#\/schema\/logo\/image\/"},"sameAs":["https:\/\/www.facebook.com\/cozydeco.be","https:\/\/www.instagram.com\/cozydeco.be\/"]}]}},"brands":[{"id":282,"name":"henry dean","slug":"henry-dean-fr"}],"_links":{"self":[{"href":"https:\/\/cozydeco.be\/fr\/wp-json\/wp\/v2\/product\/9645","targetHints":{"allow":["GET"]}}],"collection":[{"href":"https:\/\/cozydeco.be\/fr\/wp-json\/wp\/v2\/product"}],"about":[{"href":"https:\/\/cozydeco.be\/fr\/wp-json\/wp\/v2\/types\/product"}],"wp:featuredmedia":[{"embeddable":true,"href":"https:\/\/cozydeco.be\/fr\/wp-json\/wp\/v2\/media\/9648"}],"wp:attachment":[{"href":"https:\/\/cozydeco.be\/fr\/wp-json\/wp\/v2\/media?parent=9645"}],"wp:term":[{"taxonomy":"pwb-brand","embeddable":true,"href":"https:\/\/cozydeco.be\/fr\/wp-json\/wp\/v2\/pwb-brand?post=9645"},{"taxonomy":"product_brand","embeddable":true,"href":"https:\/\/cozydeco.be\/fr\/wp-json\/wp\/v2\/product_brand?post=9645"},{"taxonomy":"product_cat","embeddable":true,"href":"https:\/\/cozydeco.be\/fr\/wp-json\/wp\/v2\/product_cat?post=9645"},{"taxonomy":"product_tag","embeddable":true,"href":"https:\/\/cozydeco.be\/fr\/wp-json\/wp\/v2\/product_tag?post=9645"}],"curies":[{"name":"wp","href":"https:\/\/api.w.org\/{rel}","templated":true}]}}