{"id":7617,"date":"2024-02-15T19:04:24","date_gmt":"2024-02-15T19:04:24","guid":{"rendered":"https:\/\/cozydeco.be\/product\/exclujess-crystal-candle-carnelian-motivation\/"},"modified":"2024-02-15T19:04:24","modified_gmt":"2024-02-15T19:04:24","slug":"exclujess-crystal-candle-carnelian-motivation","status":"publish","type":"product","link":"https:\/\/cozydeco.be\/fr\/produit\/exclujess-crystal-candle-carnelian-motivation\/","title":{"rendered":"Exclujess Crystal candle Carnelian- Motivation"},"content":{"rendered":"<p>La bougie Crystal Aventurine de la marque belge Exclujess n&#8217;est pas une bougie comme les autres. C&#8217;est un symbole de motivation et de d\u00e9termination. Cette bougie vous incitera \u00e0 poursuivre vos objectifs et \u00e0 trouver la force de r\u00e9ussir, gr\u00e2ce aux cristaux de cornaline. Ces pierres agissent comme une mise \u00e0 la terre, activent, dynamisent, \u00e9l\u00e8vent et donnent plus de confiance en soi. Tr\u00e8s agr\u00e9able \u00e0 offrir \u00e0 quelqu&#8217;un qui traverse une (petite) p\u00e9riode difficile.<\/p>\n<p>Cette collection Soul se compose de plusieurs bougies de luxe, chacune avec sa propre couleur joyeuse. Chaque bougie contient \u00e9galement une certaine \u00e9nergie gr\u00e2ce aux cristaux qu&#8217;elle contient. Les bougies sont soigneusement fabriqu\u00e9es \u00e0 partir de cire de soja (100 % biod\u00e9gradable), de sorte qu&#8217;elles br\u00fblent longtemps (plus de 40 heures). La m\u00e8che en bois donne \u00e0 la bougie un cr\u00e9pitement agr\u00e9able. C&#8217;est tellement agr\u00e9able et confortable !<\/p>\n<p>&nbsp;<\/p>\n<p><strong>Important :<\/strong> Retirez les cristaux de la bougie lors de la premi\u00e8re combustion :<\/p>\n<p>&#8211; Laissez toujours la bougie allum\u00e9e pendant au moins 2 heures. Pour une diffusion optimale du parfum et un r\u00e9sultat optimal, laissez les bougies allum\u00e9es pendant 3 \u00e0 4 heures.<br \/>\n&#8211; Apr\u00e8s avoir br\u00fbl\u00e9, retirez soigneusement les pierres pr\u00e9cieuses \u00e0 l&#8217;aide d&#8217;une cuill\u00e8re.<br \/>\n&#8211; Il est ensuite temps de le laver \u00e0 l&#8217;eau chaude.<br \/>\n&#8211; Replacez la m\u00e8che au centre si elle s&#8217;est d\u00e9plac\u00e9e.<\/p>\n<p>Ou regardez les instructions dans la <a href=\"https:\/\/www.youtube.com\/watch?v=-yY4GZ3nvBU&amp;t=3s\" target=\"_blank\" rel=\"noopener\">vid\u00e9o<\/a>.<\/p>\n<p>Sp\u00e9cifications : luxueuse bougie en cristal 200g &#8211; 40 heures de combustion &#8211; dimensions : \u00b1 8 x 9 cm<\/p>\n<p>Notes de t\u00eate : bergamote, poire, cassis, galbanium<\/p>\n<p>Notes de c\u0153ur : jasmin, pivoine, rose, violette<\/p>\n<p>Notes de fond : daim, mousse de ch\u00eane, musc<\/p>\n<p>&nbsp;<\/p>\n<p>Pourquoi les produits Exclujess sont-ils si bons ?<\/p>\n<ul>\n<li>c&#8217;est la <strong>Belgique<\/strong>;<\/li>\n<li>compos\u00e9 de <strong>produits naturels<\/strong> de premi\u00e8re qualit\u00e9 &#8211; ne contient aucun ingr\u00e9dient chimique<\/li>\n<li>produits <strong>respectueux des animaux<\/strong> et <strong>v\u00e9g\u00e9taliens<\/strong> <\/li>\n<li><strong>cadeau id\u00e9al <\/strong>gr\u00e2ce \u00e0 la finition et \u00e0 l&#8217;emballage luxueux<\/li>\n<li>le <strong>parfum agr\u00e9able<\/strong> est tr\u00e8s doux, subtil et frais<\/li>\n<\/ul>\n<p>marque : <a href=\"https:\/\/cozydeco.be\/nl\/brand\/exclujess\/\" target=\"_blank\" rel=\"noopener\">Exclujess<\/a><\/p>\n<p>&nbsp;<\/p>\n","protected":false},"excerpt":{"rendered":"<p>marque : <a href=\"https:\/\/cozydeco.be\/nl\/brand\/exclujess\/\" target=\"_blank\" rel=\"noopener\">Exclujess<\/a><\/p>\n<p>Cette bougie Crystal Aventurine de la marque belge Exclujess n&#8217;est pas une bougie comme les autres. C&#8217;est un symbole de motivation et de d\u00e9termination. Cette bougie vous incitera \u00e0 poursuivre vos objectifs et \u00e0 trouver la force de r\u00e9ussir, gr\u00e2ce aux cristaux de cornaline. Tr\u00e8s agr\u00e9able \u00e0 offrir \u00e0 quelqu&#8217;un qui traverse une (petite) p\u00e9riode difficile.<\/p>\n<p>Sp\u00e9cifications : luxueuse bougie en cristal 200g &#8211; 40 heures de combustion &#8211; dimensions : \u00b1 8 x 9 cm<\/p>\n","protected":false},"featured_media":7614,"template":"","meta":[],"pwb-brand":[342,339],"product_brand":[],"product_cat":[101,104,241],"product_tag":[],"class_list":{"0":"post-7617","1":"product","2":"type-product","3":"status-publish","4":"has-post-thumbnail","6":"pwb-brand-collection-dames","7":"pwb-brand-exclusion","8":"product_cat-batons-de-parfum-et-bougies-parfumees","9":"product_cat-cadeau-50-fr","10":"product_cat-cadeau-pour-elle","12":"first","13":"instock","14":"sale","15":"taxable","16":"shipping-taxable","17":"purchasable","18":"product-type-simple"},"yoast_head":"<!-- This site is optimized with the Yoast SEO plugin v27.3 - https:\/\/yoast.com\/product\/yoast-seo-wordpress\/ -->\n<title>Exclujess Crystal candle Carnelian- Motivation - cozydeco.be<\/title>\n<meta name=\"description\" content=\"Bougie parfum\u00e9e de luxe avec cristaux de cornaline | D\u00e9couvrez les bougies parfum\u00e9es de luxe avec cristaux d&#039;Exclujess | min. 40 heures de combustion | fabriqu\u00e9e \u00e0 partir de mat\u00e9riaux naturels\" \/>\n<meta name=\"robots\" content=\"index, follow, max-snippet:-1, max-image-preview:large, max-video-preview:-1\" \/>\n<link rel=\"canonical\" href=\"https:\/\/cozydeco.be\/fr\/produit\/exclujess-crystal-candle-carnelian-motivation\/\" \/>\n<meta property=\"og:locale\" content=\"fr_FR\" \/>\n<meta property=\"og:type\" content=\"article\" \/>\n<meta property=\"og:title\" content=\"Exclujess Crystal candle Carnelian- Motivation - cozydeco.be\" \/>\n<meta property=\"og:description\" content=\"Bougie parfum\u00e9e de luxe avec cristaux de cornaline | D\u00e9couvrez les bougies parfum\u00e9es de luxe avec cristaux d&#039;Exclujess | min. 40 heures de combustion | fabriqu\u00e9e \u00e0 partir de mat\u00e9riaux naturels\" \/>\n<meta property=\"og:url\" content=\"https:\/\/cozydeco.be\/fr\/produit\/exclujess-crystal-candle-carnelian-motivation\/\" \/>\n<meta property=\"og:site_name\" content=\"cozydeco.be\" \/>\n<meta property=\"article:publisher\" content=\"https:\/\/www.facebook.com\/cozydeco.be\" \/>\n<meta property=\"og:image\" content=\"https:\/\/cozydeco.be\/wp-content\/uploads\/2024\/02\/cozydeco-exclujess-soul-carneool-motivation2-scaled.jpg\" \/>\n\t<meta property=\"og:image:width\" content=\"2560\" \/>\n\t<meta property=\"og:image:height\" content=\"2560\" \/>\n\t<meta property=\"og:image:type\" content=\"image\/jpeg\" \/>\n<meta name=\"twitter:card\" content=\"summary_large_image\" \/>\n<meta name=\"twitter:label1\" content=\"Dur\u00e9e de lecture estim\u00e9e\" \/>\n\t<meta name=\"twitter:data1\" content=\"2 minutes\" \/>\n<script type=\"application\/ld+json\" class=\"yoast-schema-graph\">{\"@context\":\"https:\\\/\\\/schema.org\",\"@graph\":[{\"@type\":\"WebPage\",\"@id\":\"https:\\\/\\\/cozydeco.be\\\/fr\\\/produit\\\/exclujess-crystal-candle-carnelian-motivation\\\/\",\"url\":\"https:\\\/\\\/cozydeco.be\\\/fr\\\/produit\\\/exclujess-crystal-candle-carnelian-motivation\\\/\",\"name\":\"Exclujess Crystal candle Carnelian- Motivation - cozydeco.be\",\"isPartOf\":{\"@id\":\"https:\\\/\\\/cozydeco.be\\\/fr\\\/#website\"},\"primaryImageOfPage\":{\"@id\":\"https:\\\/\\\/cozydeco.be\\\/fr\\\/produit\\\/exclujess-crystal-candle-carnelian-motivation\\\/#primaryimage\"},\"image\":{\"@id\":\"https:\\\/\\\/cozydeco.be\\\/fr\\\/produit\\\/exclujess-crystal-candle-carnelian-motivation\\\/#primaryimage\"},\"thumbnailUrl\":\"https:\\\/\\\/cozydeco.be\\\/wp-content\\\/uploads\\\/2024\\\/02\\\/cozydeco-exclujess-soul-carneool-motivation2-scaled.jpg\",\"datePublished\":\"2024-02-15T19:04:24+00:00\",\"description\":\"Bougie parfum\u00e9e de luxe avec cristaux de cornaline | D\u00e9couvrez les bougies parfum\u00e9es de luxe avec cristaux d'Exclujess | min. 40 heures de combustion | fabriqu\u00e9e \u00e0 partir de mat\u00e9riaux naturels\",\"breadcrumb\":{\"@id\":\"https:\\\/\\\/cozydeco.be\\\/fr\\\/produit\\\/exclujess-crystal-candle-carnelian-motivation\\\/#breadcrumb\"},\"inLanguage\":\"fr-FR\",\"potentialAction\":[{\"@type\":\"ReadAction\",\"target\":[\"https:\\\/\\\/cozydeco.be\\\/fr\\\/produit\\\/exclujess-crystal-candle-carnelian-motivation\\\/\"]}]},{\"@type\":\"ImageObject\",\"inLanguage\":\"fr-FR\",\"@id\":\"https:\\\/\\\/cozydeco.be\\\/fr\\\/produit\\\/exclujess-crystal-candle-carnelian-motivation\\\/#primaryimage\",\"url\":\"https:\\\/\\\/cozydeco.be\\\/wp-content\\\/uploads\\\/2024\\\/02\\\/cozydeco-exclujess-soul-carneool-motivation2-scaled.jpg\",\"contentUrl\":\"https:\\\/\\\/cozydeco.be\\\/wp-content\\\/uploads\\\/2024\\\/02\\\/cozydeco-exclujess-soul-carneool-motivation2-scaled.jpg\",\"width\":2560,\"height\":2560,\"caption\":\"luxe geurkaars met Carneool kristallen - Exclujess\"},{\"@type\":\"BreadcrumbList\",\"@id\":\"https:\\\/\\\/cozydeco.be\\\/fr\\\/produit\\\/exclujess-crystal-candle-carnelian-motivation\\\/#breadcrumb\",\"itemListElement\":[{\"@type\":\"ListItem\",\"position\":1,\"name\":\"Boutique\",\"item\":\"https:\\\/\\\/cozydeco.be\\\/fr\\\/boutique\\\/\"},{\"@type\":\"ListItem\",\"position\":2,\"name\":\"Exclujess Crystal candle Carnelian- Motivation\"}]},{\"@type\":\"WebSite\",\"@id\":\"https:\\\/\\\/cozydeco.be\\\/fr\\\/#website\",\"url\":\"https:\\\/\\\/cozydeco.be\\\/fr\\\/\",\"name\":\"cozydeco.be\",\"description\":\"voor meer sfeer, zachtheid en warmte in huis\",\"publisher\":{\"@id\":\"https:\\\/\\\/cozydeco.be\\\/fr\\\/#organization\"},\"alternateName\":\"Cozy deco\",\"potentialAction\":[{\"@type\":\"SearchAction\",\"target\":{\"@type\":\"EntryPoint\",\"urlTemplate\":\"https:\\\/\\\/cozydeco.be\\\/fr\\\/?s={search_term_string}\"},\"query-input\":{\"@type\":\"PropertyValueSpecification\",\"valueRequired\":true,\"valueName\":\"search_term_string\"}}],\"inLanguage\":\"fr-FR\"},{\"@type\":\"Organization\",\"@id\":\"https:\\\/\\\/cozydeco.be\\\/fr\\\/#organization\",\"name\":\"Cozy Deco\",\"alternateName\":\"Cozydeco.be\",\"url\":\"https:\\\/\\\/cozydeco.be\\\/fr\\\/\",\"logo\":{\"@type\":\"ImageObject\",\"inLanguage\":\"fr-FR\",\"@id\":\"https:\\\/\\\/cozydeco.be\\\/fr\\\/#\\\/schema\\\/logo\\\/image\\\/\",\"url\":\"https:\\\/\\\/cozydeco.be\\\/wp-content\\\/uploads\\\/2023\\\/06\\\/cropped-cozydeco-logo-blauw-zonder-slogan-3.png\",\"contentUrl\":\"https:\\\/\\\/cozydeco.be\\\/wp-content\\\/uploads\\\/2023\\\/06\\\/cropped-cozydeco-logo-blauw-zonder-slogan-3.png\",\"width\":500,\"height\":499,\"caption\":\"Cozy Deco\"},\"image\":{\"@id\":\"https:\\\/\\\/cozydeco.be\\\/fr\\\/#\\\/schema\\\/logo\\\/image\\\/\"},\"sameAs\":[\"https:\\\/\\\/www.facebook.com\\\/cozydeco.be\",\"https:\\\/\\\/www.instagram.com\\\/cozydeco.be\\\/\"]}]}<\/script>\n<!-- \/ Yoast SEO plugin. -->","yoast_head_json":{"title":"Exclujess Crystal candle Carnelian- Motivation - cozydeco.be","description":"Bougie parfum\u00e9e de luxe avec cristaux de cornaline | D\u00e9couvrez les bougies parfum\u00e9es de luxe avec cristaux d'Exclujess | min. 40 heures de combustion | fabriqu\u00e9e \u00e0 partir de mat\u00e9riaux naturels","robots":{"index":"index","follow":"follow","max-snippet":"max-snippet:-1","max-image-preview":"max-image-preview:large","max-video-preview":"max-video-preview:-1"},"canonical":"https:\/\/cozydeco.be\/fr\/produit\/exclujess-crystal-candle-carnelian-motivation\/","og_locale":"fr_FR","og_type":"article","og_title":"Exclujess Crystal candle Carnelian- Motivation - cozydeco.be","og_description":"Bougie parfum\u00e9e de luxe avec cristaux de cornaline | D\u00e9couvrez les bougies parfum\u00e9es de luxe avec cristaux d'Exclujess | min. 40 heures de combustion | fabriqu\u00e9e \u00e0 partir de mat\u00e9riaux naturels","og_url":"https:\/\/cozydeco.be\/fr\/produit\/exclujess-crystal-candle-carnelian-motivation\/","og_site_name":"cozydeco.be","article_publisher":"https:\/\/www.facebook.com\/cozydeco.be","og_image":[{"width":2560,"height":2560,"url":"https:\/\/cozydeco.be\/wp-content\/uploads\/2024\/02\/cozydeco-exclujess-soul-carneool-motivation2-scaled.jpg","type":"image\/jpeg"}],"twitter_card":"summary_large_image","twitter_misc":{"Dur\u00e9e de lecture estim\u00e9e":"2 minutes"},"schema":{"@context":"https:\/\/schema.org","@graph":[{"@type":"WebPage","@id":"https:\/\/cozydeco.be\/fr\/produit\/exclujess-crystal-candle-carnelian-motivation\/","url":"https:\/\/cozydeco.be\/fr\/produit\/exclujess-crystal-candle-carnelian-motivation\/","name":"Exclujess Crystal candle Carnelian- Motivation - cozydeco.be","isPartOf":{"@id":"https:\/\/cozydeco.be\/fr\/#website"},"primaryImageOfPage":{"@id":"https:\/\/cozydeco.be\/fr\/produit\/exclujess-crystal-candle-carnelian-motivation\/#primaryimage"},"image":{"@id":"https:\/\/cozydeco.be\/fr\/produit\/exclujess-crystal-candle-carnelian-motivation\/#primaryimage"},"thumbnailUrl":"https:\/\/cozydeco.be\/wp-content\/uploads\/2024\/02\/cozydeco-exclujess-soul-carneool-motivation2-scaled.jpg","datePublished":"2024-02-15T19:04:24+00:00","description":"Bougie parfum\u00e9e de luxe avec cristaux de cornaline | D\u00e9couvrez les bougies parfum\u00e9es de luxe avec cristaux d'Exclujess | min. 40 heures de combustion | fabriqu\u00e9e \u00e0 partir de mat\u00e9riaux naturels","breadcrumb":{"@id":"https:\/\/cozydeco.be\/fr\/produit\/exclujess-crystal-candle-carnelian-motivation\/#breadcrumb"},"inLanguage":"fr-FR","potentialAction":[{"@type":"ReadAction","target":["https:\/\/cozydeco.be\/fr\/produit\/exclujess-crystal-candle-carnelian-motivation\/"]}]},{"@type":"ImageObject","inLanguage":"fr-FR","@id":"https:\/\/cozydeco.be\/fr\/produit\/exclujess-crystal-candle-carnelian-motivation\/#primaryimage","url":"https:\/\/cozydeco.be\/wp-content\/uploads\/2024\/02\/cozydeco-exclujess-soul-carneool-motivation2-scaled.jpg","contentUrl":"https:\/\/cozydeco.be\/wp-content\/uploads\/2024\/02\/cozydeco-exclujess-soul-carneool-motivation2-scaled.jpg","width":2560,"height":2560,"caption":"luxe geurkaars met Carneool kristallen - Exclujess"},{"@type":"BreadcrumbList","@id":"https:\/\/cozydeco.be\/fr\/produit\/exclujess-crystal-candle-carnelian-motivation\/#breadcrumb","itemListElement":[{"@type":"ListItem","position":1,"name":"Boutique","item":"https:\/\/cozydeco.be\/fr\/boutique\/"},{"@type":"ListItem","position":2,"name":"Exclujess Crystal candle Carnelian- Motivation"}]},{"@type":"WebSite","@id":"https:\/\/cozydeco.be\/fr\/#website","url":"https:\/\/cozydeco.be\/fr\/","name":"cozydeco.be","description":"voor meer sfeer, zachtheid en warmte in huis","publisher":{"@id":"https:\/\/cozydeco.be\/fr\/#organization"},"alternateName":"Cozy deco","potentialAction":[{"@type":"SearchAction","target":{"@type":"EntryPoint","urlTemplate":"https:\/\/cozydeco.be\/fr\/?s={search_term_string}"},"query-input":{"@type":"PropertyValueSpecification","valueRequired":true,"valueName":"search_term_string"}}],"inLanguage":"fr-FR"},{"@type":"Organization","@id":"https:\/\/cozydeco.be\/fr\/#organization","name":"Cozy Deco","alternateName":"Cozydeco.be","url":"https:\/\/cozydeco.be\/fr\/","logo":{"@type":"ImageObject","inLanguage":"fr-FR","@id":"https:\/\/cozydeco.be\/fr\/#\/schema\/logo\/image\/","url":"https:\/\/cozydeco.be\/wp-content\/uploads\/2023\/06\/cropped-cozydeco-logo-blauw-zonder-slogan-3.png","contentUrl":"https:\/\/cozydeco.be\/wp-content\/uploads\/2023\/06\/cropped-cozydeco-logo-blauw-zonder-slogan-3.png","width":500,"height":499,"caption":"Cozy Deco"},"image":{"@id":"https:\/\/cozydeco.be\/fr\/#\/schema\/logo\/image\/"},"sameAs":["https:\/\/www.facebook.com\/cozydeco.be","https:\/\/www.instagram.com\/cozydeco.be\/"]}]}},"brands":[{"id":342,"name":"Collection d'\u00e2mes","slug":"collection-dames"},{"id":339,"name":"Exclusion","slug":"exclusion"}],"_links":{"self":[{"href":"https:\/\/cozydeco.be\/fr\/wp-json\/wp\/v2\/product\/7617","targetHints":{"allow":["GET"]}}],"collection":[{"href":"https:\/\/cozydeco.be\/fr\/wp-json\/wp\/v2\/product"}],"about":[{"href":"https:\/\/cozydeco.be\/fr\/wp-json\/wp\/v2\/types\/product"}],"wp:featuredmedia":[{"embeddable":true,"href":"https:\/\/cozydeco.be\/fr\/wp-json\/wp\/v2\/media\/7614"}],"wp:attachment":[{"href":"https:\/\/cozydeco.be\/fr\/wp-json\/wp\/v2\/media?parent=7617"}],"wp:term":[{"taxonomy":"pwb-brand","embeddable":true,"href":"https:\/\/cozydeco.be\/fr\/wp-json\/wp\/v2\/pwb-brand?post=7617"},{"taxonomy":"product_brand","embeddable":true,"href":"https:\/\/cozydeco.be\/fr\/wp-json\/wp\/v2\/product_brand?post=7617"},{"taxonomy":"product_cat","embeddable":true,"href":"https:\/\/cozydeco.be\/fr\/wp-json\/wp\/v2\/product_cat?post=7617"},{"taxonomy":"product_tag","embeddable":true,"href":"https:\/\/cozydeco.be\/fr\/wp-json\/wp\/v2\/product_tag?post=7617"}],"curies":[{"name":"wp","href":"https:\/\/api.w.org\/{rel}","templated":true}]}}