{"id":7540,"date":"2024-02-13T09:14:45","date_gmt":"2024-02-13T09:14:45","guid":{"rendered":"https:\/\/cozydeco.be\/product\/exclujess-spray-dambiance-sensation-cuir-frosty-nights\/"},"modified":"2024-02-13T09:14:45","modified_gmt":"2024-02-13T09:14:45","slug":"exclujess-spray-dambiance-sensation-cuir-frosty-nights","status":"publish","type":"product","link":"https:\/\/cozydeco.be\/fr\/produit\/exclujess-spray-dambiance-sensation-cuir-frosty-nights\/","title":{"rendered":"Exclujess spray d&#8217;ambiance sensation cuir &#8211; Frosty Nights"},"content":{"rendered":"<p>Ce parfum d&#8217;ambiance ne se contente pas de rafra\u00eechir votre espace. Il ajoute une touche de luxe \u00e0 votre int\u00e9rieur et contribue \u00e0 \u00e9gayer votre quotidien. Son parfum tr\u00e8s doux et envo\u00fbtant, avec une pointe de caramel, vous emm\u00e8ne dans un monde de douce s\u00e9duction. Ce parfum d&#8217;ambiance de luxe au toucher cuir et \u00e0 la finition dor\u00e9e donne une impression de luxe et cr\u00e9e un effet de surprise. Associ\u00e9 aux b\u00e2tonnets parfum\u00e9s et \u00e0 la <a href=\"https:\/\/cozydeco.be\/nl\/product\/exclujess-luxe-geurkaars-leather-feel-frosty-nights\/\" target=\"_blank\" rel=\"noopener\">bougie parfum\u00e9e<\/a> assortis, il constitue un cadeau id\u00e9al (ou un moment de d\u00e9tente pour soi-m\u00eame).<\/p>\n<p>Sp\u00e9cifications:<\/p>\n<p>contenu : 100 ml &#8211; dimensions : \u00b1 4 x 17 cm &#8211; emball\u00e9 dans une bo\u00eete cadeau de luxe<\/p>\n<p><span class=\"JsGRdQ\">Notes de t\u00eate : Ald\u00e9hyde, ozone<br \/>\nNotes de c\u0153ur : <\/span><span class=\"JsGRdQ\">Floral, muguet, framboise, bois de rose, fraise<br \/>\n<\/span><span class=\"JsGRdQ\">Notes de fond : Baume, bois de c\u00e8dre, tonka<\/span><\/p>\n<p>&nbsp;<\/p>\n<p>Pourquoi ce parfum d&#8217;ambiance est-il si bon ?<\/p>\n<ul>\n<li>Ceci est <strong>belge<\/strong><\/li>\n<li>compos\u00e9 de <strong>produits naturels<\/strong> de qualit\u00e9 sup\u00e9rieure<\/li>\n<li>sa finition et son emballage luxueux en font un <strong>cadeau id\u00e9al<\/strong><\/li>\n<li>le <strong>parfum agr\u00e9able<\/strong> est tr\u00e8s doux, subtil et frais<\/li>\n<\/ul>\n<p>marque : <a href=\"https:\/\/cozydeco.be\/nl\/brand\/exclujess\/\" target=\"_blank\" rel=\"noopener\">Exclujess<\/a><\/p>\n<p>&nbsp;<\/p>\n","protected":false},"excerpt":{"rendered":"<p>marque : <a href=\"https:\/\/cozydeco.be\/nl\/brand\/exclujess\/\" target=\"_blank\" rel=\"noopener\">Exclujess<\/a><\/p>\n<p>Ce parfum d&#8217;ambiance ne se contente pas de rafra\u00eechir votre espace. Il ajoute une touche de luxe \u00e0 votre int\u00e9rieur et contribue \u00e0 \u00e9gayer votre quotidien. Son parfum tr\u00e8s doux et envo\u00fbtant, avec une pointe de caramel, vous emm\u00e8ne dans un monde de douce s\u00e9duction.<\/p>\n<p>vaporisateur d&#8217;ambiance luxueux au toucher cuir et \u00e0 la finition dor\u00e9e, emball\u00e9 dans un coffret cadeau de luxe<\/p>\n<p>contenu : 100 ml<\/p>\n","protected":false},"featured_media":7539,"template":"","meta":[],"pwb-brand":[339],"product_brand":[],"product_cat":[101,104,255,241,338],"product_tag":[],"class_list":{"0":"post-7540","1":"product","2":"type-product","3":"status-publish","4":"has-post-thumbnail","6":"pwb-brand-exclusion","7":"product_cat-batons-de-parfum-et-bougies-parfumees","8":"product_cat-cadeau-50-fr","9":"product_cat-cadeau-fete-des-meres","10":"product_cat-cadeau-pour-elle","11":"product_cat-valentin","13":"first","14":"instock","15":"taxable","16":"shipping-taxable","17":"purchasable","18":"product-type-simple"},"yoast_head":"<!-- This site is optimized with the Yoast SEO plugin v27.3 - https:\/\/yoast.com\/product\/yoast-seo-wordpress\/ -->\n<title>Exclujess spray d&#039;ambiance sensation cuir - Frosty Nights - cozydeco.be<\/title>\n<meta name=\"description\" content=\"Ce parfum d&#039;ambiance Frosty Nights de la marque belge Exclujess a un parfum doux et envo\u00fbtant avec une pointe de caramel. Il est pr\u00e9sent\u00e9 dans un coffret de luxe.\" \/>\n<meta name=\"robots\" content=\"index, follow, max-snippet:-1, max-image-preview:large, max-video-preview:-1\" \/>\n<link rel=\"canonical\" href=\"https:\/\/cozydeco.be\/fr\/produit\/exclujess-spray-dambiance-sensation-cuir-frosty-nights\/\" \/>\n<meta property=\"og:locale\" content=\"fr_FR\" \/>\n<meta property=\"og:type\" content=\"article\" \/>\n<meta property=\"og:title\" content=\"Exclujess spray d&#039;ambiance sensation cuir - Frosty Nights - cozydeco.be\" \/>\n<meta property=\"og:description\" content=\"Ce parfum d&#039;ambiance Frosty Nights de la marque belge Exclujess a un parfum doux et envo\u00fbtant avec une pointe de caramel. Il est pr\u00e9sent\u00e9 dans un coffret de luxe.\" \/>\n<meta property=\"og:url\" content=\"https:\/\/cozydeco.be\/fr\/produit\/exclujess-spray-dambiance-sensation-cuir-frosty-nights\/\" \/>\n<meta property=\"og:site_name\" content=\"cozydeco.be\" \/>\n<meta property=\"article:publisher\" content=\"https:\/\/www.facebook.com\/cozydeco.be\" \/>\n<meta property=\"og:image\" content=\"https:\/\/cozydeco.be\/wp-content\/uploads\/2024\/02\/cozydeco-exclujess-icon-roomspray-frostynights.jpg\" \/>\n\t<meta property=\"og:image:width\" content=\"821\" \/>\n\t<meta property=\"og:image:height\" content=\"826\" \/>\n\t<meta property=\"og:image:type\" content=\"image\/jpeg\" \/>\n<meta name=\"twitter:card\" content=\"summary_large_image\" \/>\n<meta name=\"twitter:label1\" content=\"Dur\u00e9e de lecture estim\u00e9e\" \/>\n\t<meta name=\"twitter:data1\" content=\"1 minute\" \/>\n<script type=\"application\/ld+json\" class=\"yoast-schema-graph\">{\"@context\":\"https:\\\/\\\/schema.org\",\"@graph\":[{\"@type\":\"WebPage\",\"@id\":\"https:\\\/\\\/cozydeco.be\\\/fr\\\/produit\\\/exclujess-spray-dambiance-sensation-cuir-frosty-nights\\\/\",\"url\":\"https:\\\/\\\/cozydeco.be\\\/fr\\\/produit\\\/exclujess-spray-dambiance-sensation-cuir-frosty-nights\\\/\",\"name\":\"Exclujess spray d'ambiance sensation cuir - Frosty Nights - cozydeco.be\",\"isPartOf\":{\"@id\":\"https:\\\/\\\/cozydeco.be\\\/fr\\\/#website\"},\"primaryImageOfPage\":{\"@id\":\"https:\\\/\\\/cozydeco.be\\\/fr\\\/produit\\\/exclujess-spray-dambiance-sensation-cuir-frosty-nights\\\/#primaryimage\"},\"image\":{\"@id\":\"https:\\\/\\\/cozydeco.be\\\/fr\\\/produit\\\/exclujess-spray-dambiance-sensation-cuir-frosty-nights\\\/#primaryimage\"},\"thumbnailUrl\":\"https:\\\/\\\/cozydeco.be\\\/wp-content\\\/uploads\\\/2024\\\/02\\\/cozydeco-exclujess-icon-roomspray-frostynights.jpg\",\"datePublished\":\"2024-02-13T09:14:45+00:00\",\"description\":\"Ce parfum d'ambiance Frosty Nights de la marque belge Exclujess a un parfum doux et envo\u00fbtant avec une pointe de caramel. Il est pr\u00e9sent\u00e9 dans un coffret de luxe.\",\"breadcrumb\":{\"@id\":\"https:\\\/\\\/cozydeco.be\\\/fr\\\/produit\\\/exclujess-spray-dambiance-sensation-cuir-frosty-nights\\\/#breadcrumb\"},\"inLanguage\":\"fr-FR\",\"potentialAction\":[{\"@type\":\"ReadAction\",\"target\":[\"https:\\\/\\\/cozydeco.be\\\/fr\\\/produit\\\/exclujess-spray-dambiance-sensation-cuir-frosty-nights\\\/\"]}]},{\"@type\":\"ImageObject\",\"inLanguage\":\"fr-FR\",\"@id\":\"https:\\\/\\\/cozydeco.be\\\/fr\\\/produit\\\/exclujess-spray-dambiance-sensation-cuir-frosty-nights\\\/#primaryimage\",\"url\":\"https:\\\/\\\/cozydeco.be\\\/wp-content\\\/uploads\\\/2024\\\/02\\\/cozydeco-exclujess-icon-roomspray-frostynights.jpg\",\"contentUrl\":\"https:\\\/\\\/cozydeco.be\\\/wp-content\\\/uploads\\\/2024\\\/02\\\/cozydeco-exclujess-icon-roomspray-frostynights.jpg\",\"width\":821,\"height\":826,\"caption\":\"huisparfum Frosty Nights - Exclujess\"},{\"@type\":\"BreadcrumbList\",\"@id\":\"https:\\\/\\\/cozydeco.be\\\/fr\\\/produit\\\/exclujess-spray-dambiance-sensation-cuir-frosty-nights\\\/#breadcrumb\",\"itemListElement\":[{\"@type\":\"ListItem\",\"position\":1,\"name\":\"Boutique\",\"item\":\"https:\\\/\\\/cozydeco.be\\\/fr\\\/boutique\\\/\"},{\"@type\":\"ListItem\",\"position\":2,\"name\":\"Exclujess spray d&#8217;ambiance sensation cuir &#8211; Frosty Nights\"}]},{\"@type\":\"WebSite\",\"@id\":\"https:\\\/\\\/cozydeco.be\\\/fr\\\/#website\",\"url\":\"https:\\\/\\\/cozydeco.be\\\/fr\\\/\",\"name\":\"cozydeco.be\",\"description\":\"voor meer sfeer, zachtheid en warmte in huis\",\"publisher\":{\"@id\":\"https:\\\/\\\/cozydeco.be\\\/fr\\\/#organization\"},\"alternateName\":\"Cozy deco\",\"potentialAction\":[{\"@type\":\"SearchAction\",\"target\":{\"@type\":\"EntryPoint\",\"urlTemplate\":\"https:\\\/\\\/cozydeco.be\\\/fr\\\/?s={search_term_string}\"},\"query-input\":{\"@type\":\"PropertyValueSpecification\",\"valueRequired\":true,\"valueName\":\"search_term_string\"}}],\"inLanguage\":\"fr-FR\"},{\"@type\":\"Organization\",\"@id\":\"https:\\\/\\\/cozydeco.be\\\/fr\\\/#organization\",\"name\":\"Cozy Deco\",\"alternateName\":\"Cozydeco.be\",\"url\":\"https:\\\/\\\/cozydeco.be\\\/fr\\\/\",\"logo\":{\"@type\":\"ImageObject\",\"inLanguage\":\"fr-FR\",\"@id\":\"https:\\\/\\\/cozydeco.be\\\/fr\\\/#\\\/schema\\\/logo\\\/image\\\/\",\"url\":\"https:\\\/\\\/cozydeco.be\\\/wp-content\\\/uploads\\\/2023\\\/06\\\/cropped-cozydeco-logo-blauw-zonder-slogan-3.png\",\"contentUrl\":\"https:\\\/\\\/cozydeco.be\\\/wp-content\\\/uploads\\\/2023\\\/06\\\/cropped-cozydeco-logo-blauw-zonder-slogan-3.png\",\"width\":500,\"height\":499,\"caption\":\"Cozy Deco\"},\"image\":{\"@id\":\"https:\\\/\\\/cozydeco.be\\\/fr\\\/#\\\/schema\\\/logo\\\/image\\\/\"},\"sameAs\":[\"https:\\\/\\\/www.facebook.com\\\/cozydeco.be\",\"https:\\\/\\\/www.instagram.com\\\/cozydeco.be\\\/\"]}]}<\/script>\n<!-- \/ Yoast SEO plugin. -->","yoast_head_json":{"title":"Exclujess spray d'ambiance sensation cuir - Frosty Nights - cozydeco.be","description":"Ce parfum d'ambiance Frosty Nights de la marque belge Exclujess a un parfum doux et envo\u00fbtant avec une pointe de caramel. Il est pr\u00e9sent\u00e9 dans un coffret de luxe.","robots":{"index":"index","follow":"follow","max-snippet":"max-snippet:-1","max-image-preview":"max-image-preview:large","max-video-preview":"max-video-preview:-1"},"canonical":"https:\/\/cozydeco.be\/fr\/produit\/exclujess-spray-dambiance-sensation-cuir-frosty-nights\/","og_locale":"fr_FR","og_type":"article","og_title":"Exclujess spray d'ambiance sensation cuir - Frosty Nights - cozydeco.be","og_description":"Ce parfum d'ambiance Frosty Nights de la marque belge Exclujess a un parfum doux et envo\u00fbtant avec une pointe de caramel. Il est pr\u00e9sent\u00e9 dans un coffret de luxe.","og_url":"https:\/\/cozydeco.be\/fr\/produit\/exclujess-spray-dambiance-sensation-cuir-frosty-nights\/","og_site_name":"cozydeco.be","article_publisher":"https:\/\/www.facebook.com\/cozydeco.be","og_image":[{"width":821,"height":826,"url":"https:\/\/cozydeco.be\/wp-content\/uploads\/2024\/02\/cozydeco-exclujess-icon-roomspray-frostynights.jpg","type":"image\/jpeg"}],"twitter_card":"summary_large_image","twitter_misc":{"Dur\u00e9e de lecture estim\u00e9e":"1 minute"},"schema":{"@context":"https:\/\/schema.org","@graph":[{"@type":"WebPage","@id":"https:\/\/cozydeco.be\/fr\/produit\/exclujess-spray-dambiance-sensation-cuir-frosty-nights\/","url":"https:\/\/cozydeco.be\/fr\/produit\/exclujess-spray-dambiance-sensation-cuir-frosty-nights\/","name":"Exclujess spray d'ambiance sensation cuir - Frosty Nights - cozydeco.be","isPartOf":{"@id":"https:\/\/cozydeco.be\/fr\/#website"},"primaryImageOfPage":{"@id":"https:\/\/cozydeco.be\/fr\/produit\/exclujess-spray-dambiance-sensation-cuir-frosty-nights\/#primaryimage"},"image":{"@id":"https:\/\/cozydeco.be\/fr\/produit\/exclujess-spray-dambiance-sensation-cuir-frosty-nights\/#primaryimage"},"thumbnailUrl":"https:\/\/cozydeco.be\/wp-content\/uploads\/2024\/02\/cozydeco-exclujess-icon-roomspray-frostynights.jpg","datePublished":"2024-02-13T09:14:45+00:00","description":"Ce parfum d'ambiance Frosty Nights de la marque belge Exclujess a un parfum doux et envo\u00fbtant avec une pointe de caramel. Il est pr\u00e9sent\u00e9 dans un coffret de luxe.","breadcrumb":{"@id":"https:\/\/cozydeco.be\/fr\/produit\/exclujess-spray-dambiance-sensation-cuir-frosty-nights\/#breadcrumb"},"inLanguage":"fr-FR","potentialAction":[{"@type":"ReadAction","target":["https:\/\/cozydeco.be\/fr\/produit\/exclujess-spray-dambiance-sensation-cuir-frosty-nights\/"]}]},{"@type":"ImageObject","inLanguage":"fr-FR","@id":"https:\/\/cozydeco.be\/fr\/produit\/exclujess-spray-dambiance-sensation-cuir-frosty-nights\/#primaryimage","url":"https:\/\/cozydeco.be\/wp-content\/uploads\/2024\/02\/cozydeco-exclujess-icon-roomspray-frostynights.jpg","contentUrl":"https:\/\/cozydeco.be\/wp-content\/uploads\/2024\/02\/cozydeco-exclujess-icon-roomspray-frostynights.jpg","width":821,"height":826,"caption":"huisparfum Frosty Nights - Exclujess"},{"@type":"BreadcrumbList","@id":"https:\/\/cozydeco.be\/fr\/produit\/exclujess-spray-dambiance-sensation-cuir-frosty-nights\/#breadcrumb","itemListElement":[{"@type":"ListItem","position":1,"name":"Boutique","item":"https:\/\/cozydeco.be\/fr\/boutique\/"},{"@type":"ListItem","position":2,"name":"Exclujess spray d&#8217;ambiance sensation cuir &#8211; Frosty Nights"}]},{"@type":"WebSite","@id":"https:\/\/cozydeco.be\/fr\/#website","url":"https:\/\/cozydeco.be\/fr\/","name":"cozydeco.be","description":"voor meer sfeer, zachtheid en warmte in huis","publisher":{"@id":"https:\/\/cozydeco.be\/fr\/#organization"},"alternateName":"Cozy deco","potentialAction":[{"@type":"SearchAction","target":{"@type":"EntryPoint","urlTemplate":"https:\/\/cozydeco.be\/fr\/?s={search_term_string}"},"query-input":{"@type":"PropertyValueSpecification","valueRequired":true,"valueName":"search_term_string"}}],"inLanguage":"fr-FR"},{"@type":"Organization","@id":"https:\/\/cozydeco.be\/fr\/#organization","name":"Cozy Deco","alternateName":"Cozydeco.be","url":"https:\/\/cozydeco.be\/fr\/","logo":{"@type":"ImageObject","inLanguage":"fr-FR","@id":"https:\/\/cozydeco.be\/fr\/#\/schema\/logo\/image\/","url":"https:\/\/cozydeco.be\/wp-content\/uploads\/2023\/06\/cropped-cozydeco-logo-blauw-zonder-slogan-3.png","contentUrl":"https:\/\/cozydeco.be\/wp-content\/uploads\/2023\/06\/cropped-cozydeco-logo-blauw-zonder-slogan-3.png","width":500,"height":499,"caption":"Cozy Deco"},"image":{"@id":"https:\/\/cozydeco.be\/fr\/#\/schema\/logo\/image\/"},"sameAs":["https:\/\/www.facebook.com\/cozydeco.be","https:\/\/www.instagram.com\/cozydeco.be\/"]}]}},"brands":[{"id":339,"name":"Exclusion","slug":"exclusion"}],"_links":{"self":[{"href":"https:\/\/cozydeco.be\/fr\/wp-json\/wp\/v2\/product\/7540","targetHints":{"allow":["GET"]}}],"collection":[{"href":"https:\/\/cozydeco.be\/fr\/wp-json\/wp\/v2\/product"}],"about":[{"href":"https:\/\/cozydeco.be\/fr\/wp-json\/wp\/v2\/types\/product"}],"wp:featuredmedia":[{"embeddable":true,"href":"https:\/\/cozydeco.be\/fr\/wp-json\/wp\/v2\/media\/7539"}],"wp:attachment":[{"href":"https:\/\/cozydeco.be\/fr\/wp-json\/wp\/v2\/media?parent=7540"}],"wp:term":[{"taxonomy":"pwb-brand","embeddable":true,"href":"https:\/\/cozydeco.be\/fr\/wp-json\/wp\/v2\/pwb-brand?post=7540"},{"taxonomy":"product_brand","embeddable":true,"href":"https:\/\/cozydeco.be\/fr\/wp-json\/wp\/v2\/product_brand?post=7540"},{"taxonomy":"product_cat","embeddable":true,"href":"https:\/\/cozydeco.be\/fr\/wp-json\/wp\/v2\/product_cat?post=7540"},{"taxonomy":"product_tag","embeddable":true,"href":"https:\/\/cozydeco.be\/fr\/wp-json\/wp\/v2\/product_tag?post=7540"}],"curies":[{"name":"wp","href":"https:\/\/api.w.org\/{rel}","templated":true}]}}