{"id":7528,"date":"2024-02-12T19:30:01","date_gmt":"2024-02-12T19:30:01","guid":{"rendered":"https:\/\/cozydeco.be\/product\/exclujess-bougie-parfumee-de-luxe-toucher-cuir-frosty-nights\/"},"modified":"2024-02-12T19:30:01","modified_gmt":"2024-02-12T19:30:01","slug":"exclujess-bougie-parfumee-de-luxe-toucher-cuir-frosty-nights","status":"publish","type":"product","link":"https:\/\/cozydeco.be\/fr\/produit\/exclujess-bougie-parfumee-de-luxe-toucher-cuir-frosty-nights\/","title":{"rendered":"Exclujess bougie parfum\u00e9e de luxe toucher cuir &#8211; Frosty nights"},"content":{"rendered":"<p>Cette bougie parfum\u00e9e naturelle a une finition en cuir beige et offre plus de 40 heures de confort dans votre maison. Le parfum lib\u00e9r\u00e9 par cette bougie offre une exp\u00e9rience parfum\u00e9e fra\u00eeche avec une touche d&#8217;exotisme qui semble \u00e0 la fois unique et famili\u00e8re. Cette bougie parfum\u00e9e naturelle est compos\u00e9e de cire 100% naturelle et d&#8217;huiles essentielles. Lorsque la bougie est compl\u00e8tement consum\u00e9e, vous pouvez \u00e9galement utiliser le verre comme pot de fleurs, porte-bougies, porte-brosses \u00e0 dents,&#8230;<\/p>\n<p>Non seulement cette bougie naturelle parfum\u00e9e est de qualit\u00e9 et chic, mais le luxueux coffret cadeau qui l&#8217;accompagne constitue un ensemble glamour. Parfait comme cadeau !<\/p>\n<p>Sp\u00e9cifications:<\/p>\n<p>40 heures de combustion &#8211; 210 g de cire naturelle<\/p>\n<p>dimensions : \u00b1 7 x 9 cm<\/p>\n<p><span class=\"JsGRdQ\">Notes de t\u00eate : Ald\u00e9hyde, ozone<br \/>\nNotes de c\u0153ur : <\/span><span class=\"JsGRdQ\">Floral, muguet, framboise, bois de rose, fraise<br \/>\n<\/span><span class=\"JsGRdQ\">Notes de fond : Baume, bois de c\u00e8dre, tonka<\/span><\/p>\n<p>&nbsp;<\/p>\n<p>Pourquoi cette bougie parfum\u00e9e est-elle si g\u00e9niale ?<\/p>\n<ul>\n<li>Ceci est <strong>belge<\/strong><\/li>\n<li>compos\u00e9 de <strong>produits naturels<\/strong> de qualit\u00e9 sup\u00e9rieure<\/li>\n<li>sa finition et son emballage luxueux en font un <strong>cadeau id\u00e9al<\/strong><\/li>\n<li>le <strong>parfum agr\u00e9able et subtil <\/strong>procure une sensation de chaleur et de confort<\/li>\n<\/ul>\n<p>marque : <a href=\"https:\/\/cozydeco.be\/nl\/brand\/exclujess\/\" target=\"_blank\" rel=\"noopener\">Exclujess<\/a><\/p>\n<p>&nbsp;<\/p>\n","protected":false},"excerpt":{"rendered":"<p>marque : <a href=\"https:\/\/cozydeco.be\/nl\/brand\/exclujess\/\" target=\"_blank\" rel=\"noopener\">Exclujess<\/a><\/p>\n<p>Cette bougie parfum\u00e9e naturelle de la marque belge Exclujess, dont l&#8217;ext\u00e9rieur est en cuir, offre une v\u00e9ritable exp\u00e9rience olfactive. Cette bougie parfum\u00e9e est compos\u00e9e de cire naturelle et d&#8217;huile essentielle et est pr\u00e9sent\u00e9e dans un magnifique coffret cadeau. C&#8217;est donc un tr\u00e8s beau cadeau.<\/p>\n<p>dimensions : \u00b1 7 x 9 cm &#8211; 210 g<\/p>\n","protected":false},"featured_media":7523,"template":"","meta":[],"pwb-brand":[339],"product_brand":[],"product_cat":[101,104,241,252,312,338],"product_tag":[],"class_list":{"0":"post-7528","1":"product","2":"type-product","3":"status-publish","4":"has-post-thumbnail","6":"pwb-brand-exclusion","7":"product_cat-batons-de-parfum-et-bougies-parfumees","8":"product_cat-cadeau-50-fr","9":"product_cat-cadeau-pour-elle","10":"product_cat-cadeau-pour-lhotesse","11":"product_cat-cadeaux-de-noel","12":"product_cat-valentin","14":"first","15":"instock","16":"taxable","17":"shipping-taxable","18":"purchasable","19":"product-type-simple"},"yoast_head":"<!-- This site is optimized with the Yoast SEO plugin v27.3 - https:\/\/yoast.com\/product\/yoast-seo-wordpress\/ -->\n<title>Exclujess bougie parfum\u00e9e de luxe toucher cuir - Frosty nights - cozydeco.be<\/title>\n<meta name=\"description\" content=\"Bougie parfum\u00e9e naturelle de la marque belge Exclujess | parfum subtil et agr\u00e9able | belle bo\u00eete cadeau | 210 g | 40 heures de combustion\" \/>\n<meta name=\"robots\" content=\"index, follow, max-snippet:-1, max-image-preview:large, max-video-preview:-1\" \/>\n<link rel=\"canonical\" href=\"https:\/\/cozydeco.be\/fr\/produit\/exclujess-bougie-parfumee-de-luxe-toucher-cuir-frosty-nights\/\" \/>\n<meta property=\"og:locale\" content=\"fr_FR\" \/>\n<meta property=\"og:type\" content=\"article\" \/>\n<meta property=\"og:title\" content=\"Exclujess bougie parfum\u00e9e de luxe toucher cuir - Frosty nights - cozydeco.be\" \/>\n<meta property=\"og:description\" content=\"Bougie parfum\u00e9e naturelle de la marque belge Exclujess | parfum subtil et agr\u00e9able | belle bo\u00eete cadeau | 210 g | 40 heures de combustion\" \/>\n<meta property=\"og:url\" content=\"https:\/\/cozydeco.be\/fr\/produit\/exclujess-bougie-parfumee-de-luxe-toucher-cuir-frosty-nights\/\" \/>\n<meta property=\"og:site_name\" content=\"cozydeco.be\" \/>\n<meta property=\"article:publisher\" content=\"https:\/\/www.facebook.com\/cozydeco.be\" \/>\n<meta property=\"og:image\" content=\"https:\/\/cozydeco.be\/wp-content\/uploads\/2024\/02\/cozydeco-exclujess-icon-luxegeurkaars-frosty-nights3.jpg\" \/>\n\t<meta property=\"og:image:width\" content=\"459\" \/>\n\t<meta property=\"og:image:height\" content=\"459\" \/>\n\t<meta property=\"og:image:type\" content=\"image\/jpeg\" \/>\n<meta name=\"twitter:card\" content=\"summary_large_image\" \/>\n<meta name=\"twitter:label1\" content=\"Dur\u00e9e de lecture estim\u00e9e\" \/>\n\t<meta name=\"twitter:data1\" content=\"1 minute\" \/>\n<script type=\"application\/ld+json\" class=\"yoast-schema-graph\">{\"@context\":\"https:\\\/\\\/schema.org\",\"@graph\":[{\"@type\":\"WebPage\",\"@id\":\"https:\\\/\\\/cozydeco.be\\\/fr\\\/produit\\\/exclujess-bougie-parfumee-de-luxe-toucher-cuir-frosty-nights\\\/\",\"url\":\"https:\\\/\\\/cozydeco.be\\\/fr\\\/produit\\\/exclujess-bougie-parfumee-de-luxe-toucher-cuir-frosty-nights\\\/\",\"name\":\"Exclujess bougie parfum\u00e9e de luxe toucher cuir - Frosty nights - cozydeco.be\",\"isPartOf\":{\"@id\":\"https:\\\/\\\/cozydeco.be\\\/fr\\\/#website\"},\"primaryImageOfPage\":{\"@id\":\"https:\\\/\\\/cozydeco.be\\\/fr\\\/produit\\\/exclujess-bougie-parfumee-de-luxe-toucher-cuir-frosty-nights\\\/#primaryimage\"},\"image\":{\"@id\":\"https:\\\/\\\/cozydeco.be\\\/fr\\\/produit\\\/exclujess-bougie-parfumee-de-luxe-toucher-cuir-frosty-nights\\\/#primaryimage\"},\"thumbnailUrl\":\"https:\\\/\\\/cozydeco.be\\\/wp-content\\\/uploads\\\/2024\\\/02\\\/cozydeco-exclujess-icon-luxegeurkaars-frosty-nights3.jpg\",\"datePublished\":\"2024-02-12T19:30:01+00:00\",\"description\":\"Bougie parfum\u00e9e naturelle de la marque belge Exclujess | parfum subtil et agr\u00e9able | belle bo\u00eete cadeau | 210 g | 40 heures de combustion\",\"breadcrumb\":{\"@id\":\"https:\\\/\\\/cozydeco.be\\\/fr\\\/produit\\\/exclujess-bougie-parfumee-de-luxe-toucher-cuir-frosty-nights\\\/#breadcrumb\"},\"inLanguage\":\"fr-FR\",\"potentialAction\":[{\"@type\":\"ReadAction\",\"target\":[\"https:\\\/\\\/cozydeco.be\\\/fr\\\/produit\\\/exclujess-bougie-parfumee-de-luxe-toucher-cuir-frosty-nights\\\/\"]}]},{\"@type\":\"ImageObject\",\"inLanguage\":\"fr-FR\",\"@id\":\"https:\\\/\\\/cozydeco.be\\\/fr\\\/produit\\\/exclujess-bougie-parfumee-de-luxe-toucher-cuir-frosty-nights\\\/#primaryimage\",\"url\":\"https:\\\/\\\/cozydeco.be\\\/wp-content\\\/uploads\\\/2024\\\/02\\\/cozydeco-exclujess-icon-luxegeurkaars-frosty-nights3.jpg\",\"contentUrl\":\"https:\\\/\\\/cozydeco.be\\\/wp-content\\\/uploads\\\/2024\\\/02\\\/cozydeco-exclujess-icon-luxegeurkaars-frosty-nights3.jpg\",\"width\":459,\"height\":459,\"caption\":\"natuurlijke geurkaars Frosty Nights van Exclujess\"},{\"@type\":\"BreadcrumbList\",\"@id\":\"https:\\\/\\\/cozydeco.be\\\/fr\\\/produit\\\/exclujess-bougie-parfumee-de-luxe-toucher-cuir-frosty-nights\\\/#breadcrumb\",\"itemListElement\":[{\"@type\":\"ListItem\",\"position\":1,\"name\":\"Boutique\",\"item\":\"https:\\\/\\\/cozydeco.be\\\/fr\\\/boutique\\\/\"},{\"@type\":\"ListItem\",\"position\":2,\"name\":\"Exclujess bougie parfum\u00e9e de luxe toucher cuir &#8211; Frosty nights\"}]},{\"@type\":\"WebSite\",\"@id\":\"https:\\\/\\\/cozydeco.be\\\/fr\\\/#website\",\"url\":\"https:\\\/\\\/cozydeco.be\\\/fr\\\/\",\"name\":\"cozydeco.be\",\"description\":\"voor meer sfeer, zachtheid en warmte in huis\",\"publisher\":{\"@id\":\"https:\\\/\\\/cozydeco.be\\\/fr\\\/#organization\"},\"alternateName\":\"Cozy deco\",\"potentialAction\":[{\"@type\":\"SearchAction\",\"target\":{\"@type\":\"EntryPoint\",\"urlTemplate\":\"https:\\\/\\\/cozydeco.be\\\/fr\\\/?s={search_term_string}\"},\"query-input\":{\"@type\":\"PropertyValueSpecification\",\"valueRequired\":true,\"valueName\":\"search_term_string\"}}],\"inLanguage\":\"fr-FR\"},{\"@type\":\"Organization\",\"@id\":\"https:\\\/\\\/cozydeco.be\\\/fr\\\/#organization\",\"name\":\"Cozy Deco\",\"alternateName\":\"Cozydeco.be\",\"url\":\"https:\\\/\\\/cozydeco.be\\\/fr\\\/\",\"logo\":{\"@type\":\"ImageObject\",\"inLanguage\":\"fr-FR\",\"@id\":\"https:\\\/\\\/cozydeco.be\\\/fr\\\/#\\\/schema\\\/logo\\\/image\\\/\",\"url\":\"https:\\\/\\\/cozydeco.be\\\/wp-content\\\/uploads\\\/2023\\\/06\\\/cropped-cozydeco-logo-blauw-zonder-slogan-3.png\",\"contentUrl\":\"https:\\\/\\\/cozydeco.be\\\/wp-content\\\/uploads\\\/2023\\\/06\\\/cropped-cozydeco-logo-blauw-zonder-slogan-3.png\",\"width\":500,\"height\":499,\"caption\":\"Cozy Deco\"},\"image\":{\"@id\":\"https:\\\/\\\/cozydeco.be\\\/fr\\\/#\\\/schema\\\/logo\\\/image\\\/\"},\"sameAs\":[\"https:\\\/\\\/www.facebook.com\\\/cozydeco.be\",\"https:\\\/\\\/www.instagram.com\\\/cozydeco.be\\\/\"]}]}<\/script>\n<!-- \/ Yoast SEO plugin. -->","yoast_head_json":{"title":"Exclujess bougie parfum\u00e9e de luxe toucher cuir - Frosty nights - cozydeco.be","description":"Bougie parfum\u00e9e naturelle de la marque belge Exclujess | parfum subtil et agr\u00e9able | belle bo\u00eete cadeau | 210 g | 40 heures de combustion","robots":{"index":"index","follow":"follow","max-snippet":"max-snippet:-1","max-image-preview":"max-image-preview:large","max-video-preview":"max-video-preview:-1"},"canonical":"https:\/\/cozydeco.be\/fr\/produit\/exclujess-bougie-parfumee-de-luxe-toucher-cuir-frosty-nights\/","og_locale":"fr_FR","og_type":"article","og_title":"Exclujess bougie parfum\u00e9e de luxe toucher cuir - Frosty nights - cozydeco.be","og_description":"Bougie parfum\u00e9e naturelle de la marque belge Exclujess | parfum subtil et agr\u00e9able | belle bo\u00eete cadeau | 210 g | 40 heures de combustion","og_url":"https:\/\/cozydeco.be\/fr\/produit\/exclujess-bougie-parfumee-de-luxe-toucher-cuir-frosty-nights\/","og_site_name":"cozydeco.be","article_publisher":"https:\/\/www.facebook.com\/cozydeco.be","og_image":[{"width":459,"height":459,"url":"https:\/\/cozydeco.be\/wp-content\/uploads\/2024\/02\/cozydeco-exclujess-icon-luxegeurkaars-frosty-nights3.jpg","type":"image\/jpeg"}],"twitter_card":"summary_large_image","twitter_misc":{"Dur\u00e9e de lecture estim\u00e9e":"1 minute"},"schema":{"@context":"https:\/\/schema.org","@graph":[{"@type":"WebPage","@id":"https:\/\/cozydeco.be\/fr\/produit\/exclujess-bougie-parfumee-de-luxe-toucher-cuir-frosty-nights\/","url":"https:\/\/cozydeco.be\/fr\/produit\/exclujess-bougie-parfumee-de-luxe-toucher-cuir-frosty-nights\/","name":"Exclujess bougie parfum\u00e9e de luxe toucher cuir - Frosty nights - cozydeco.be","isPartOf":{"@id":"https:\/\/cozydeco.be\/fr\/#website"},"primaryImageOfPage":{"@id":"https:\/\/cozydeco.be\/fr\/produit\/exclujess-bougie-parfumee-de-luxe-toucher-cuir-frosty-nights\/#primaryimage"},"image":{"@id":"https:\/\/cozydeco.be\/fr\/produit\/exclujess-bougie-parfumee-de-luxe-toucher-cuir-frosty-nights\/#primaryimage"},"thumbnailUrl":"https:\/\/cozydeco.be\/wp-content\/uploads\/2024\/02\/cozydeco-exclujess-icon-luxegeurkaars-frosty-nights3.jpg","datePublished":"2024-02-12T19:30:01+00:00","description":"Bougie parfum\u00e9e naturelle de la marque belge Exclujess | parfum subtil et agr\u00e9able | belle bo\u00eete cadeau | 210 g | 40 heures de combustion","breadcrumb":{"@id":"https:\/\/cozydeco.be\/fr\/produit\/exclujess-bougie-parfumee-de-luxe-toucher-cuir-frosty-nights\/#breadcrumb"},"inLanguage":"fr-FR","potentialAction":[{"@type":"ReadAction","target":["https:\/\/cozydeco.be\/fr\/produit\/exclujess-bougie-parfumee-de-luxe-toucher-cuir-frosty-nights\/"]}]},{"@type":"ImageObject","inLanguage":"fr-FR","@id":"https:\/\/cozydeco.be\/fr\/produit\/exclujess-bougie-parfumee-de-luxe-toucher-cuir-frosty-nights\/#primaryimage","url":"https:\/\/cozydeco.be\/wp-content\/uploads\/2024\/02\/cozydeco-exclujess-icon-luxegeurkaars-frosty-nights3.jpg","contentUrl":"https:\/\/cozydeco.be\/wp-content\/uploads\/2024\/02\/cozydeco-exclujess-icon-luxegeurkaars-frosty-nights3.jpg","width":459,"height":459,"caption":"natuurlijke geurkaars Frosty Nights van Exclujess"},{"@type":"BreadcrumbList","@id":"https:\/\/cozydeco.be\/fr\/produit\/exclujess-bougie-parfumee-de-luxe-toucher-cuir-frosty-nights\/#breadcrumb","itemListElement":[{"@type":"ListItem","position":1,"name":"Boutique","item":"https:\/\/cozydeco.be\/fr\/boutique\/"},{"@type":"ListItem","position":2,"name":"Exclujess bougie parfum\u00e9e de luxe toucher cuir &#8211; Frosty nights"}]},{"@type":"WebSite","@id":"https:\/\/cozydeco.be\/fr\/#website","url":"https:\/\/cozydeco.be\/fr\/","name":"cozydeco.be","description":"voor meer sfeer, zachtheid en warmte in huis","publisher":{"@id":"https:\/\/cozydeco.be\/fr\/#organization"},"alternateName":"Cozy deco","potentialAction":[{"@type":"SearchAction","target":{"@type":"EntryPoint","urlTemplate":"https:\/\/cozydeco.be\/fr\/?s={search_term_string}"},"query-input":{"@type":"PropertyValueSpecification","valueRequired":true,"valueName":"search_term_string"}}],"inLanguage":"fr-FR"},{"@type":"Organization","@id":"https:\/\/cozydeco.be\/fr\/#organization","name":"Cozy Deco","alternateName":"Cozydeco.be","url":"https:\/\/cozydeco.be\/fr\/","logo":{"@type":"ImageObject","inLanguage":"fr-FR","@id":"https:\/\/cozydeco.be\/fr\/#\/schema\/logo\/image\/","url":"https:\/\/cozydeco.be\/wp-content\/uploads\/2023\/06\/cropped-cozydeco-logo-blauw-zonder-slogan-3.png","contentUrl":"https:\/\/cozydeco.be\/wp-content\/uploads\/2023\/06\/cropped-cozydeco-logo-blauw-zonder-slogan-3.png","width":500,"height":499,"caption":"Cozy Deco"},"image":{"@id":"https:\/\/cozydeco.be\/fr\/#\/schema\/logo\/image\/"},"sameAs":["https:\/\/www.facebook.com\/cozydeco.be","https:\/\/www.instagram.com\/cozydeco.be\/"]}]}},"brands":[{"id":339,"name":"Exclusion","slug":"exclusion"}],"_links":{"self":[{"href":"https:\/\/cozydeco.be\/fr\/wp-json\/wp\/v2\/product\/7528","targetHints":{"allow":["GET"]}}],"collection":[{"href":"https:\/\/cozydeco.be\/fr\/wp-json\/wp\/v2\/product"}],"about":[{"href":"https:\/\/cozydeco.be\/fr\/wp-json\/wp\/v2\/types\/product"}],"wp:featuredmedia":[{"embeddable":true,"href":"https:\/\/cozydeco.be\/fr\/wp-json\/wp\/v2\/media\/7523"}],"wp:attachment":[{"href":"https:\/\/cozydeco.be\/fr\/wp-json\/wp\/v2\/media?parent=7528"}],"wp:term":[{"taxonomy":"pwb-brand","embeddable":true,"href":"https:\/\/cozydeco.be\/fr\/wp-json\/wp\/v2\/pwb-brand?post=7528"},{"taxonomy":"product_brand","embeddable":true,"href":"https:\/\/cozydeco.be\/fr\/wp-json\/wp\/v2\/product_brand?post=7528"},{"taxonomy":"product_cat","embeddable":true,"href":"https:\/\/cozydeco.be\/fr\/wp-json\/wp\/v2\/product_cat?post=7528"},{"taxonomy":"product_tag","embeddable":true,"href":"https:\/\/cozydeco.be\/fr\/wp-json\/wp\/v2\/product_tag?post=7528"}],"curies":[{"name":"wp","href":"https:\/\/api.w.org\/{rel}","templated":true}]}}