{"id":7269,"date":"2023-06-21T19:23:11","date_gmt":"2023-06-21T19:23:11","guid":{"rendered":"https:\/\/cozydeco.be\/product\/vase-gusta-taupe-en-forme-de-h\/"},"modified":"2023-06-21T19:23:11","modified_gmt":"2023-06-21T19:23:11","slug":"gusta-vase-taupe-h-shape","status":"publish","type":"product","link":"https:\/\/cozydeco.be\/fr\/produit\/gusta-vase-taupe-h-shape\/","title":{"rendered":"Vase Gusta taupe en forme de h"},"content":{"rendered":"<p>D\u00e9couvrez ce petit vase taupe de Gusta aux formes ludiques.<br \/>\nCe vase taupe tr\u00e8s tendance pr\u00e9sente une finition rugueuse et apporte une touche ludique \u00e0 votre int\u00e9rieur. Il est fabriqu\u00e9 en porcelaine et pr\u00e9sente un aspect ext\u00e9rieur rugueux. Magnifique dans le salon, la chambre \u00e0 coucher ou tr\u00e8s \u00e9l\u00e9gant dans la salle de bain ! Ins\u00e9rez des fleurs (artificielles), des branches ou des plumes et vous obtiendrez un v\u00e9ritable accroche-regard dans votre int\u00e9rieur.<\/p>\n<p>Pour un accent amusant dans votre salon, combinez ce vase avec le <a href=\"https:\/\/cozydeco.be\/nl\/product\/gusta-witte-vaas-b-vorm-offwhite\/\" target=\"_blank\" rel=\"noopener\">vase blanc en forme de B de<\/a> la m\u00eame collection.<\/p>\n<p>dimensions : 12 x 5,5 x 14 cm<\/p>\n<p>marque: <a href=\"https:\/\/cozydeco.be\/nl\/brand\/gusta\/\" target=\"_blank\" rel=\"noopener\">Gusta<\/a><\/p>\n","protected":false},"excerpt":{"rendered":"<p>marque: <a href=\"https:\/\/cozydeco.be\/nl\/brand\/gusta\/\" target=\"_blank\" rel=\"noopener\">Gusta<\/a><\/p>\n<p>vase taupe en format mini de forme ludique et amusante<br \/>\nCe vase tendance pr\u00e9sente une finition rugueuse et apporte une touche ludique \u00e0 votre int\u00e9rieur.<\/p>\n<p>dimensions : 12 x 5,5 x 14 cm<\/p>\n<p>&nbsp;<\/p>\n","protected":false},"featured_media":7752,"template":"","meta":[],"pwb-brand":[216],"product_brand":[],"product_cat":[293],"product_tag":[],"class_list":{"0":"post-7269","1":"product","2":"type-product","3":"status-publish","4":"has-post-thumbnail","6":"pwb-brand-gusta-fr","7":"product_cat-vases","9":"first","10":"instock","11":"taxable","12":"shipping-taxable","13":"purchasable","14":"product-type-simple"},"yoast_head":"<!-- This site is optimized with the Yoast SEO plugin v27.3 - https:\/\/yoast.com\/product\/yoast-seo-wordpress\/ -->\n<title>cozydeco.be | Vase Gusta taupe en forme de h -<\/title>\n<meta name=\"description\" content=\"Vase Gusta taupe en forme de h | D\u00e9couvrez les vases originaux et ludiques de Gusta pour mettre en valeur votre int\u00e9rieur.\" \/>\n<meta name=\"robots\" content=\"index, follow, max-snippet:-1, max-image-preview:large, max-video-preview:-1\" \/>\n<link rel=\"canonical\" href=\"https:\/\/cozydeco.be\/fr\/produit\/gusta-vase-taupe-h-shape\/\" \/>\n<meta property=\"og:locale\" content=\"fr_FR\" \/>\n<meta property=\"og:type\" content=\"article\" \/>\n<meta property=\"og:title\" content=\"cozydeco.be | Vase Gusta taupe en forme de h -\" \/>\n<meta property=\"og:description\" content=\"Vase Gusta taupe en forme de h | D\u00e9couvrez les vases originaux et ludiques de Gusta pour mettre en valeur votre int\u00e9rieur.\" \/>\n<meta property=\"og:url\" content=\"https:\/\/cozydeco.be\/fr\/produit\/gusta-vase-taupe-h-shape\/\" \/>\n<meta property=\"og:site_name\" content=\"cozydeco.be\" \/>\n<meta property=\"article:publisher\" content=\"https:\/\/www.facebook.com\/cozydeco.be\" \/>\n<meta property=\"og:image\" content=\"https:\/\/cozydeco.be\/wp-content\/uploads\/2023\/06\/cozydeco-gusta-vaas-vase-h-taupe-klein2.jpeg-e1708714603269.jpg\" \/>\n\t<meta property=\"og:image:width\" content=\"2016\" \/>\n\t<meta property=\"og:image:height\" content=\"1512\" \/>\n\t<meta property=\"og:image:type\" content=\"image\/jpeg\" \/>\n<meta name=\"twitter:card\" content=\"summary_large_image\" \/>\n<meta name=\"twitter:label1\" content=\"Dur\u00e9e de lecture estim\u00e9e\" \/>\n\t<meta name=\"twitter:data1\" content=\"1 minute\" \/>\n<script type=\"application\/ld+json\" class=\"yoast-schema-graph\">{\"@context\":\"https:\\\/\\\/schema.org\",\"@graph\":[{\"@type\":\"WebPage\",\"@id\":\"https:\\\/\\\/cozydeco.be\\\/fr\\\/produit\\\/gusta-vase-taupe-h-shape\\\/\",\"url\":\"https:\\\/\\\/cozydeco.be\\\/fr\\\/produit\\\/gusta-vase-taupe-h-shape\\\/\",\"name\":\"cozydeco.be | Vase Gusta taupe en forme de h -\",\"isPartOf\":{\"@id\":\"https:\\\/\\\/cozydeco.be\\\/fr\\\/#website\"},\"primaryImageOfPage\":{\"@id\":\"https:\\\/\\\/cozydeco.be\\\/fr\\\/produit\\\/gusta-vase-taupe-h-shape\\\/#primaryimage\"},\"image\":{\"@id\":\"https:\\\/\\\/cozydeco.be\\\/fr\\\/produit\\\/gusta-vase-taupe-h-shape\\\/#primaryimage\"},\"thumbnailUrl\":\"https:\\\/\\\/cozydeco.be\\\/wp-content\\\/uploads\\\/2023\\\/06\\\/cozydeco-gusta-vaas-vase-h-taupe-klein2.jpeg-e1708714603269.jpg\",\"datePublished\":\"2023-06-21T19:23:11+00:00\",\"description\":\"Vase Gusta taupe en forme de h | D\u00e9couvrez les vases originaux et ludiques de Gusta pour mettre en valeur votre int\u00e9rieur.\",\"breadcrumb\":{\"@id\":\"https:\\\/\\\/cozydeco.be\\\/fr\\\/produit\\\/gusta-vase-taupe-h-shape\\\/#breadcrumb\"},\"inLanguage\":\"fr-FR\",\"potentialAction\":[{\"@type\":\"ReadAction\",\"target\":[\"https:\\\/\\\/cozydeco.be\\\/fr\\\/produit\\\/gusta-vase-taupe-h-shape\\\/\"]}]},{\"@type\":\"ImageObject\",\"inLanguage\":\"fr-FR\",\"@id\":\"https:\\\/\\\/cozydeco.be\\\/fr\\\/produit\\\/gusta-vase-taupe-h-shape\\\/#primaryimage\",\"url\":\"https:\\\/\\\/cozydeco.be\\\/wp-content\\\/uploads\\\/2023\\\/06\\\/cozydeco-gusta-vaas-vase-h-taupe-klein2.jpeg-e1708714603269.jpg\",\"contentUrl\":\"https:\\\/\\\/cozydeco.be\\\/wp-content\\\/uploads\\\/2023\\\/06\\\/cozydeco-gusta-vaas-vase-h-taupe-klein2.jpeg-e1708714603269.jpg\",\"width\":2016,\"height\":1512,\"caption\":\"set vaasjes Gusta\"},{\"@type\":\"BreadcrumbList\",\"@id\":\"https:\\\/\\\/cozydeco.be\\\/fr\\\/produit\\\/gusta-vase-taupe-h-shape\\\/#breadcrumb\",\"itemListElement\":[{\"@type\":\"ListItem\",\"position\":1,\"name\":\"Boutique\",\"item\":\"https:\\\/\\\/cozydeco.be\\\/fr\\\/boutique\\\/\"},{\"@type\":\"ListItem\",\"position\":2,\"name\":\"Vase Gusta taupe en forme de h\"}]},{\"@type\":\"WebSite\",\"@id\":\"https:\\\/\\\/cozydeco.be\\\/fr\\\/#website\",\"url\":\"https:\\\/\\\/cozydeco.be\\\/fr\\\/\",\"name\":\"cozydeco.be\",\"description\":\"voor meer sfeer, zachtheid en warmte in huis\",\"publisher\":{\"@id\":\"https:\\\/\\\/cozydeco.be\\\/fr\\\/#organization\"},\"alternateName\":\"Cozy deco\",\"potentialAction\":[{\"@type\":\"SearchAction\",\"target\":{\"@type\":\"EntryPoint\",\"urlTemplate\":\"https:\\\/\\\/cozydeco.be\\\/fr\\\/?s={search_term_string}\"},\"query-input\":{\"@type\":\"PropertyValueSpecification\",\"valueRequired\":true,\"valueName\":\"search_term_string\"}}],\"inLanguage\":\"fr-FR\"},{\"@type\":\"Organization\",\"@id\":\"https:\\\/\\\/cozydeco.be\\\/fr\\\/#organization\",\"name\":\"Cozy Deco\",\"alternateName\":\"Cozydeco.be\",\"url\":\"https:\\\/\\\/cozydeco.be\\\/fr\\\/\",\"logo\":{\"@type\":\"ImageObject\",\"inLanguage\":\"fr-FR\",\"@id\":\"https:\\\/\\\/cozydeco.be\\\/fr\\\/#\\\/schema\\\/logo\\\/image\\\/\",\"url\":\"https:\\\/\\\/cozydeco.be\\\/wp-content\\\/uploads\\\/2023\\\/06\\\/cropped-cozydeco-logo-blauw-zonder-slogan-3.png\",\"contentUrl\":\"https:\\\/\\\/cozydeco.be\\\/wp-content\\\/uploads\\\/2023\\\/06\\\/cropped-cozydeco-logo-blauw-zonder-slogan-3.png\",\"width\":500,\"height\":499,\"caption\":\"Cozy Deco\"},\"image\":{\"@id\":\"https:\\\/\\\/cozydeco.be\\\/fr\\\/#\\\/schema\\\/logo\\\/image\\\/\"},\"sameAs\":[\"https:\\\/\\\/www.facebook.com\\\/cozydeco.be\",\"https:\\\/\\\/www.instagram.com\\\/cozydeco.be\\\/\"]}]}<\/script>\n<!-- \/ Yoast SEO plugin. -->","yoast_head_json":{"title":"cozydeco.be | Vase Gusta taupe en forme de h -","description":"Vase Gusta taupe en forme de h | D\u00e9couvrez les vases originaux et ludiques de Gusta pour mettre en valeur votre int\u00e9rieur.","robots":{"index":"index","follow":"follow","max-snippet":"max-snippet:-1","max-image-preview":"max-image-preview:large","max-video-preview":"max-video-preview:-1"},"canonical":"https:\/\/cozydeco.be\/fr\/produit\/gusta-vase-taupe-h-shape\/","og_locale":"fr_FR","og_type":"article","og_title":"cozydeco.be | Vase Gusta taupe en forme de h -","og_description":"Vase Gusta taupe en forme de h | D\u00e9couvrez les vases originaux et ludiques de Gusta pour mettre en valeur votre int\u00e9rieur.","og_url":"https:\/\/cozydeco.be\/fr\/produit\/gusta-vase-taupe-h-shape\/","og_site_name":"cozydeco.be","article_publisher":"https:\/\/www.facebook.com\/cozydeco.be","og_image":[{"width":2016,"height":1512,"url":"https:\/\/cozydeco.be\/wp-content\/uploads\/2023\/06\/cozydeco-gusta-vaas-vase-h-taupe-klein2.jpeg-e1708714603269.jpg","type":"image\/jpeg"}],"twitter_card":"summary_large_image","twitter_misc":{"Dur\u00e9e de lecture estim\u00e9e":"1 minute"},"schema":{"@context":"https:\/\/schema.org","@graph":[{"@type":"WebPage","@id":"https:\/\/cozydeco.be\/fr\/produit\/gusta-vase-taupe-h-shape\/","url":"https:\/\/cozydeco.be\/fr\/produit\/gusta-vase-taupe-h-shape\/","name":"cozydeco.be | Vase Gusta taupe en forme de h -","isPartOf":{"@id":"https:\/\/cozydeco.be\/fr\/#website"},"primaryImageOfPage":{"@id":"https:\/\/cozydeco.be\/fr\/produit\/gusta-vase-taupe-h-shape\/#primaryimage"},"image":{"@id":"https:\/\/cozydeco.be\/fr\/produit\/gusta-vase-taupe-h-shape\/#primaryimage"},"thumbnailUrl":"https:\/\/cozydeco.be\/wp-content\/uploads\/2023\/06\/cozydeco-gusta-vaas-vase-h-taupe-klein2.jpeg-e1708714603269.jpg","datePublished":"2023-06-21T19:23:11+00:00","description":"Vase Gusta taupe en forme de h | D\u00e9couvrez les vases originaux et ludiques de Gusta pour mettre en valeur votre int\u00e9rieur.","breadcrumb":{"@id":"https:\/\/cozydeco.be\/fr\/produit\/gusta-vase-taupe-h-shape\/#breadcrumb"},"inLanguage":"fr-FR","potentialAction":[{"@type":"ReadAction","target":["https:\/\/cozydeco.be\/fr\/produit\/gusta-vase-taupe-h-shape\/"]}]},{"@type":"ImageObject","inLanguage":"fr-FR","@id":"https:\/\/cozydeco.be\/fr\/produit\/gusta-vase-taupe-h-shape\/#primaryimage","url":"https:\/\/cozydeco.be\/wp-content\/uploads\/2023\/06\/cozydeco-gusta-vaas-vase-h-taupe-klein2.jpeg-e1708714603269.jpg","contentUrl":"https:\/\/cozydeco.be\/wp-content\/uploads\/2023\/06\/cozydeco-gusta-vaas-vase-h-taupe-klein2.jpeg-e1708714603269.jpg","width":2016,"height":1512,"caption":"set vaasjes Gusta"},{"@type":"BreadcrumbList","@id":"https:\/\/cozydeco.be\/fr\/produit\/gusta-vase-taupe-h-shape\/#breadcrumb","itemListElement":[{"@type":"ListItem","position":1,"name":"Boutique","item":"https:\/\/cozydeco.be\/fr\/boutique\/"},{"@type":"ListItem","position":2,"name":"Vase Gusta taupe en forme de h"}]},{"@type":"WebSite","@id":"https:\/\/cozydeco.be\/fr\/#website","url":"https:\/\/cozydeco.be\/fr\/","name":"cozydeco.be","description":"voor meer sfeer, zachtheid en warmte in huis","publisher":{"@id":"https:\/\/cozydeco.be\/fr\/#organization"},"alternateName":"Cozy deco","potentialAction":[{"@type":"SearchAction","target":{"@type":"EntryPoint","urlTemplate":"https:\/\/cozydeco.be\/fr\/?s={search_term_string}"},"query-input":{"@type":"PropertyValueSpecification","valueRequired":true,"valueName":"search_term_string"}}],"inLanguage":"fr-FR"},{"@type":"Organization","@id":"https:\/\/cozydeco.be\/fr\/#organization","name":"Cozy Deco","alternateName":"Cozydeco.be","url":"https:\/\/cozydeco.be\/fr\/","logo":{"@type":"ImageObject","inLanguage":"fr-FR","@id":"https:\/\/cozydeco.be\/fr\/#\/schema\/logo\/image\/","url":"https:\/\/cozydeco.be\/wp-content\/uploads\/2023\/06\/cropped-cozydeco-logo-blauw-zonder-slogan-3.png","contentUrl":"https:\/\/cozydeco.be\/wp-content\/uploads\/2023\/06\/cropped-cozydeco-logo-blauw-zonder-slogan-3.png","width":500,"height":499,"caption":"Cozy Deco"},"image":{"@id":"https:\/\/cozydeco.be\/fr\/#\/schema\/logo\/image\/"},"sameAs":["https:\/\/www.facebook.com\/cozydeco.be","https:\/\/www.instagram.com\/cozydeco.be\/"]}]}},"brands":[{"id":216,"name":"Gusta","slug":"gusta-fr"}],"_links":{"self":[{"href":"https:\/\/cozydeco.be\/fr\/wp-json\/wp\/v2\/product\/7269","targetHints":{"allow":["GET"]}}],"collection":[{"href":"https:\/\/cozydeco.be\/fr\/wp-json\/wp\/v2\/product"}],"about":[{"href":"https:\/\/cozydeco.be\/fr\/wp-json\/wp\/v2\/types\/product"}],"wp:featuredmedia":[{"embeddable":true,"href":"https:\/\/cozydeco.be\/fr\/wp-json\/wp\/v2\/media\/7752"}],"wp:attachment":[{"href":"https:\/\/cozydeco.be\/fr\/wp-json\/wp\/v2\/media?parent=7269"}],"wp:term":[{"taxonomy":"pwb-brand","embeddable":true,"href":"https:\/\/cozydeco.be\/fr\/wp-json\/wp\/v2\/pwb-brand?post=7269"},{"taxonomy":"product_brand","embeddable":true,"href":"https:\/\/cozydeco.be\/fr\/wp-json\/wp\/v2\/product_brand?post=7269"},{"taxonomy":"product_cat","embeddable":true,"href":"https:\/\/cozydeco.be\/fr\/wp-json\/wp\/v2\/product_cat?post=7269"},{"taxonomy":"product_tag","embeddable":true,"href":"https:\/\/cozydeco.be\/fr\/wp-json\/wp\/v2\/product_tag?post=7269"}],"curies":[{"name":"wp","href":"https:\/\/api.w.org\/{rel}","templated":true}]}}