{"id":7023,"date":"2023-06-21T19:23:23","date_gmt":"2023-06-21T19:23:23","guid":{"rendered":"https:\/\/cozydeco.be\/product\/studio-about-vase-a-bulles-de-fleurs-suspendu-petit-transparent\/"},"modified":"2023-06-21T19:23:23","modified_gmt":"2023-06-21T19:23:23","slug":"studio-about-hanging-flower-bubble-vase-small-transparent","status":"publish","type":"product","link":"https:\/\/cozydeco.be\/fr\/produit\/studio-about-hanging-flower-bubble-vase-small-transparent\/","title":{"rendered":"Studio About vase \u00e0 bulles de fleurs suspendu petit &#8211; transparent"},"content":{"rendered":"<p>La collection de vases \u00e0 fleurs suspendus de Studio About est une s\u00e9rie de vases en verre souffl\u00e9 \u00e0 la bouche con\u00e7us pour les fleurs et les petites plantes. Le vase sph\u00e9rique est facile \u00e0 suspendre gr\u00e2ce au cordon en cuir fourni. Les bulles sont une alternative moderne et branch\u00e9e au pot de fleurs classique.<br \/>\nLe diam\u00e8tre de la boule est de 8 cm et l&#8217;ouverture pour la fleur est de 1,5 cm. Le cordon en cuir mesure 1 m de long. La couleur de ce vase \u00e0 bulles est transparente. Combinez diff\u00e9rentes couleurs et tailles pour cr\u00e9er un ensemble magnifique et ludique.<br \/>\nLe verre color\u00e9 est magnifique \u00e0 la lumi\u00e8re naturelle, o\u00f9 les rayons du soleil peuvent jouer avec la surface brillante et projeter de belles ombres. Vous pouvez donc suspendre ces vases \u00e0 de petits crochets sur le rebord de la fen\u00eatre ou sur une pince de table.<br \/>\nCe vase sph\u00e9rique est souffl\u00e9 \u00e0 la bouche et fabriqu\u00e9 en verre borosilicat\u00e9, un verre particuli\u00e8rement solide et inrayable qui r\u00e9siste aux temp\u00e9ratures \u00e9lev\u00e9es. Le verre est color\u00e9 de part en part, de sorte que les teintes ne se d\u00e9colorent pas.<\/p>\n<p>Studio About est un studio de design danois. Tous les produits sont con\u00e7us par l&#8217;architecte Mikkel Lang Mikkelsen. Pour plus d&#8217;informations sur cette marque, cliquez <a href=\"https:\/\/studio-about.com\/pages\/about2\" target=\"_blank\" rel=\"noopener\">ici<\/a>.<\/p>\n<p>Marque : <a href=\"https:\/\/cozydeco.be\/nl\/brand\/studio-about\/\" target=\"_blank\" rel=\"noopener\">Studio About<\/a><\/p>\n<p>&nbsp;<\/p>\n","protected":false},"excerpt":{"rendered":"<p>Marque : <a href=\"https:\/\/cozydeco.be\/nl\/brand\/studio-about\/\" target=\"_blank\" rel=\"noopener\">Studio About<\/a><\/p>\n<p>La collection de vases \u00e0 fleurs suspendus de Studio About est une s\u00e9rie de vases en verre souffl\u00e9 \u00e0 la bouche con\u00e7us pour les fleurs et les petites plantes.<br \/>\nLes bulles sont une alternative moderne et branch\u00e9e au pot de fleurs classique.<\/p>\n<p>taille : \u00b1 8 cm de diam\u00e8tre<\/p>\n","protected":false},"featured_media":7018,"template":"","meta":[],"pwb-brand":[319],"product_brand":[],"product_cat":[333,293],"product_tag":[],"class_list":{"0":"post-7023","1":"product","2":"type-product","3":"status-publish","4":"has-post-thumbnail","6":"pwb-brand-studio-about-fr","7":"product_cat-sales","8":"product_cat-vases","10":"first","11":"instock","12":"sale","13":"taxable","14":"shipping-taxable","15":"purchasable","16":"product-type-simple"},"yoast_head":"<!-- This site is optimized with the Yoast SEO plugin v27.3 - https:\/\/yoast.com\/product\/yoast-seo-wordpress\/ -->\n<title>Studio About vase \u00e0 bulles de fleurs suspendu petit - transparent - cozydeco.be<\/title>\n<meta name=\"description\" content=\"Vase sph\u00e9rique suspendu transparent de la marque danoise Studio About avec cordon en cuir | emball\u00e9 dans une jolie bo\u00eete cadeau | diam\u00e8tre : \u00b1 8 cm\" \/>\n<meta name=\"robots\" content=\"index, follow, max-snippet:-1, max-image-preview:large, max-video-preview:-1\" \/>\n<link rel=\"canonical\" href=\"https:\/\/cozydeco.be\/fr\/produit\/studio-about-hanging-flower-bubble-vase-small-transparent\/\" \/>\n<meta property=\"og:locale\" content=\"fr_FR\" \/>\n<meta property=\"og:type\" content=\"article\" \/>\n<meta property=\"og:title\" content=\"Studio About vase \u00e0 bulles de fleurs suspendu petit - transparent - cozydeco.be\" \/>\n<meta property=\"og:description\" content=\"Vase sph\u00e9rique suspendu transparent de la marque danoise Studio About avec cordon en cuir | emball\u00e9 dans une jolie bo\u00eete cadeau | diam\u00e8tre : \u00b1 8 cm\" \/>\n<meta property=\"og:url\" content=\"https:\/\/cozydeco.be\/fr\/produit\/studio-about-hanging-flower-bubble-vase-small-transparent\/\" \/>\n<meta property=\"og:site_name\" content=\"cozydeco.be\" \/>\n<meta property=\"article:publisher\" content=\"https:\/\/www.facebook.com\/cozydeco.be\" \/>\n<meta property=\"og:image\" content=\"https:\/\/cozydeco.be\/wp-content\/uploads\/2023\/06\/cozydeco-studioabout-hanging-bubble-transparant-02.jpg\" \/>\n\t<meta property=\"og:image:width\" content=\"600\" \/>\n\t<meta property=\"og:image:height\" content=\"600\" \/>\n\t<meta property=\"og:image:type\" content=\"image\/jpeg\" \/>\n<meta name=\"twitter:card\" content=\"summary_large_image\" \/>\n<meta name=\"twitter:label1\" content=\"Dur\u00e9e de lecture estim\u00e9e\" \/>\n\t<meta name=\"twitter:data1\" content=\"1 minute\" \/>\n<script type=\"application\/ld+json\" class=\"yoast-schema-graph\">{\"@context\":\"https:\\\/\\\/schema.org\",\"@graph\":[{\"@type\":\"WebPage\",\"@id\":\"https:\\\/\\\/cozydeco.be\\\/fr\\\/produit\\\/studio-about-hanging-flower-bubble-vase-small-transparent\\\/\",\"url\":\"https:\\\/\\\/cozydeco.be\\\/fr\\\/produit\\\/studio-about-hanging-flower-bubble-vase-small-transparent\\\/\",\"name\":\"Studio About vase \u00e0 bulles de fleurs suspendu petit - transparent - cozydeco.be\",\"isPartOf\":{\"@id\":\"https:\\\/\\\/cozydeco.be\\\/fr\\\/#website\"},\"primaryImageOfPage\":{\"@id\":\"https:\\\/\\\/cozydeco.be\\\/fr\\\/produit\\\/studio-about-hanging-flower-bubble-vase-small-transparent\\\/#primaryimage\"},\"image\":{\"@id\":\"https:\\\/\\\/cozydeco.be\\\/fr\\\/produit\\\/studio-about-hanging-flower-bubble-vase-small-transparent\\\/#primaryimage\"},\"thumbnailUrl\":\"https:\\\/\\\/cozydeco.be\\\/wp-content\\\/uploads\\\/2023\\\/06\\\/cozydeco-studioabout-hanging-bubble-transparant-02.jpg\",\"datePublished\":\"2023-06-21T19:23:23+00:00\",\"description\":\"Vase sph\u00e9rique suspendu transparent de la marque danoise Studio About avec cordon en cuir | emball\u00e9 dans une jolie bo\u00eete cadeau | diam\u00e8tre : \u00b1 8 cm\",\"breadcrumb\":{\"@id\":\"https:\\\/\\\/cozydeco.be\\\/fr\\\/produit\\\/studio-about-hanging-flower-bubble-vase-small-transparent\\\/#breadcrumb\"},\"inLanguage\":\"fr-FR\",\"potentialAction\":[{\"@type\":\"ReadAction\",\"target\":[\"https:\\\/\\\/cozydeco.be\\\/fr\\\/produit\\\/studio-about-hanging-flower-bubble-vase-small-transparent\\\/\"]}]},{\"@type\":\"ImageObject\",\"inLanguage\":\"fr-FR\",\"@id\":\"https:\\\/\\\/cozydeco.be\\\/fr\\\/produit\\\/studio-about-hanging-flower-bubble-vase-small-transparent\\\/#primaryimage\",\"url\":\"https:\\\/\\\/cozydeco.be\\\/wp-content\\\/uploads\\\/2023\\\/06\\\/cozydeco-studioabout-hanging-bubble-transparant-02.jpg\",\"contentUrl\":\"https:\\\/\\\/cozydeco.be\\\/wp-content\\\/uploads\\\/2023\\\/06\\\/cozydeco-studioabout-hanging-bubble-transparant-02.jpg\",\"width\":600,\"height\":600,\"caption\":\"Vase \u00e0 fleurs suspendu transparent\"},{\"@type\":\"BreadcrumbList\",\"@id\":\"https:\\\/\\\/cozydeco.be\\\/fr\\\/produit\\\/studio-about-hanging-flower-bubble-vase-small-transparent\\\/#breadcrumb\",\"itemListElement\":[{\"@type\":\"ListItem\",\"position\":1,\"name\":\"Boutique\",\"item\":\"https:\\\/\\\/cozydeco.be\\\/fr\\\/boutique\\\/\"},{\"@type\":\"ListItem\",\"position\":2,\"name\":\"Studio About vase \u00e0 bulles de fleurs suspendu petit &#8211; transparent\"}]},{\"@type\":\"WebSite\",\"@id\":\"https:\\\/\\\/cozydeco.be\\\/fr\\\/#website\",\"url\":\"https:\\\/\\\/cozydeco.be\\\/fr\\\/\",\"name\":\"cozydeco.be\",\"description\":\"voor meer sfeer, zachtheid en warmte in huis\",\"publisher\":{\"@id\":\"https:\\\/\\\/cozydeco.be\\\/fr\\\/#organization\"},\"alternateName\":\"Cozy deco\",\"potentialAction\":[{\"@type\":\"SearchAction\",\"target\":{\"@type\":\"EntryPoint\",\"urlTemplate\":\"https:\\\/\\\/cozydeco.be\\\/fr\\\/?s={search_term_string}\"},\"query-input\":{\"@type\":\"PropertyValueSpecification\",\"valueRequired\":true,\"valueName\":\"search_term_string\"}}],\"inLanguage\":\"fr-FR\"},{\"@type\":\"Organization\",\"@id\":\"https:\\\/\\\/cozydeco.be\\\/fr\\\/#organization\",\"name\":\"Cozy Deco\",\"alternateName\":\"Cozydeco.be\",\"url\":\"https:\\\/\\\/cozydeco.be\\\/fr\\\/\",\"logo\":{\"@type\":\"ImageObject\",\"inLanguage\":\"fr-FR\",\"@id\":\"https:\\\/\\\/cozydeco.be\\\/fr\\\/#\\\/schema\\\/logo\\\/image\\\/\",\"url\":\"https:\\\/\\\/cozydeco.be\\\/wp-content\\\/uploads\\\/2023\\\/06\\\/cropped-cozydeco-logo-blauw-zonder-slogan-3.png\",\"contentUrl\":\"https:\\\/\\\/cozydeco.be\\\/wp-content\\\/uploads\\\/2023\\\/06\\\/cropped-cozydeco-logo-blauw-zonder-slogan-3.png\",\"width\":500,\"height\":499,\"caption\":\"Cozy Deco\"},\"image\":{\"@id\":\"https:\\\/\\\/cozydeco.be\\\/fr\\\/#\\\/schema\\\/logo\\\/image\\\/\"},\"sameAs\":[\"https:\\\/\\\/www.facebook.com\\\/cozydeco.be\",\"https:\\\/\\\/www.instagram.com\\\/cozydeco.be\\\/\"]}]}<\/script>\n<!-- \/ Yoast SEO plugin. -->","yoast_head_json":{"title":"Studio About vase \u00e0 bulles de fleurs suspendu petit - transparent - cozydeco.be","description":"Vase sph\u00e9rique suspendu transparent de la marque danoise Studio About avec cordon en cuir | emball\u00e9 dans une jolie bo\u00eete cadeau | diam\u00e8tre : \u00b1 8 cm","robots":{"index":"index","follow":"follow","max-snippet":"max-snippet:-1","max-image-preview":"max-image-preview:large","max-video-preview":"max-video-preview:-1"},"canonical":"https:\/\/cozydeco.be\/fr\/produit\/studio-about-hanging-flower-bubble-vase-small-transparent\/","og_locale":"fr_FR","og_type":"article","og_title":"Studio About vase \u00e0 bulles de fleurs suspendu petit - transparent - cozydeco.be","og_description":"Vase sph\u00e9rique suspendu transparent de la marque danoise Studio About avec cordon en cuir | emball\u00e9 dans une jolie bo\u00eete cadeau | diam\u00e8tre : \u00b1 8 cm","og_url":"https:\/\/cozydeco.be\/fr\/produit\/studio-about-hanging-flower-bubble-vase-small-transparent\/","og_site_name":"cozydeco.be","article_publisher":"https:\/\/www.facebook.com\/cozydeco.be","og_image":[{"width":600,"height":600,"url":"https:\/\/cozydeco.be\/wp-content\/uploads\/2023\/06\/cozydeco-studioabout-hanging-bubble-transparant-02.jpg","type":"image\/jpeg"}],"twitter_card":"summary_large_image","twitter_misc":{"Dur\u00e9e de lecture estim\u00e9e":"1 minute"},"schema":{"@context":"https:\/\/schema.org","@graph":[{"@type":"WebPage","@id":"https:\/\/cozydeco.be\/fr\/produit\/studio-about-hanging-flower-bubble-vase-small-transparent\/","url":"https:\/\/cozydeco.be\/fr\/produit\/studio-about-hanging-flower-bubble-vase-small-transparent\/","name":"Studio About vase \u00e0 bulles de fleurs suspendu petit - transparent - cozydeco.be","isPartOf":{"@id":"https:\/\/cozydeco.be\/fr\/#website"},"primaryImageOfPage":{"@id":"https:\/\/cozydeco.be\/fr\/produit\/studio-about-hanging-flower-bubble-vase-small-transparent\/#primaryimage"},"image":{"@id":"https:\/\/cozydeco.be\/fr\/produit\/studio-about-hanging-flower-bubble-vase-small-transparent\/#primaryimage"},"thumbnailUrl":"https:\/\/cozydeco.be\/wp-content\/uploads\/2023\/06\/cozydeco-studioabout-hanging-bubble-transparant-02.jpg","datePublished":"2023-06-21T19:23:23+00:00","description":"Vase sph\u00e9rique suspendu transparent de la marque danoise Studio About avec cordon en cuir | emball\u00e9 dans une jolie bo\u00eete cadeau | diam\u00e8tre : \u00b1 8 cm","breadcrumb":{"@id":"https:\/\/cozydeco.be\/fr\/produit\/studio-about-hanging-flower-bubble-vase-small-transparent\/#breadcrumb"},"inLanguage":"fr-FR","potentialAction":[{"@type":"ReadAction","target":["https:\/\/cozydeco.be\/fr\/produit\/studio-about-hanging-flower-bubble-vase-small-transparent\/"]}]},{"@type":"ImageObject","inLanguage":"fr-FR","@id":"https:\/\/cozydeco.be\/fr\/produit\/studio-about-hanging-flower-bubble-vase-small-transparent\/#primaryimage","url":"https:\/\/cozydeco.be\/wp-content\/uploads\/2023\/06\/cozydeco-studioabout-hanging-bubble-transparant-02.jpg","contentUrl":"https:\/\/cozydeco.be\/wp-content\/uploads\/2023\/06\/cozydeco-studioabout-hanging-bubble-transparant-02.jpg","width":600,"height":600,"caption":"Vase \u00e0 fleurs suspendu transparent"},{"@type":"BreadcrumbList","@id":"https:\/\/cozydeco.be\/fr\/produit\/studio-about-hanging-flower-bubble-vase-small-transparent\/#breadcrumb","itemListElement":[{"@type":"ListItem","position":1,"name":"Boutique","item":"https:\/\/cozydeco.be\/fr\/boutique\/"},{"@type":"ListItem","position":2,"name":"Studio About vase \u00e0 bulles de fleurs suspendu petit &#8211; transparent"}]},{"@type":"WebSite","@id":"https:\/\/cozydeco.be\/fr\/#website","url":"https:\/\/cozydeco.be\/fr\/","name":"cozydeco.be","description":"voor meer sfeer, zachtheid en warmte in huis","publisher":{"@id":"https:\/\/cozydeco.be\/fr\/#organization"},"alternateName":"Cozy deco","potentialAction":[{"@type":"SearchAction","target":{"@type":"EntryPoint","urlTemplate":"https:\/\/cozydeco.be\/fr\/?s={search_term_string}"},"query-input":{"@type":"PropertyValueSpecification","valueRequired":true,"valueName":"search_term_string"}}],"inLanguage":"fr-FR"},{"@type":"Organization","@id":"https:\/\/cozydeco.be\/fr\/#organization","name":"Cozy Deco","alternateName":"Cozydeco.be","url":"https:\/\/cozydeco.be\/fr\/","logo":{"@type":"ImageObject","inLanguage":"fr-FR","@id":"https:\/\/cozydeco.be\/fr\/#\/schema\/logo\/image\/","url":"https:\/\/cozydeco.be\/wp-content\/uploads\/2023\/06\/cropped-cozydeco-logo-blauw-zonder-slogan-3.png","contentUrl":"https:\/\/cozydeco.be\/wp-content\/uploads\/2023\/06\/cropped-cozydeco-logo-blauw-zonder-slogan-3.png","width":500,"height":499,"caption":"Cozy Deco"},"image":{"@id":"https:\/\/cozydeco.be\/fr\/#\/schema\/logo\/image\/"},"sameAs":["https:\/\/www.facebook.com\/cozydeco.be","https:\/\/www.instagram.com\/cozydeco.be\/"]}]}},"brands":[{"id":319,"name":"Studio About","slug":"studio-about-fr"}],"_links":{"self":[{"href":"https:\/\/cozydeco.be\/fr\/wp-json\/wp\/v2\/product\/7023","targetHints":{"allow":["GET"]}}],"collection":[{"href":"https:\/\/cozydeco.be\/fr\/wp-json\/wp\/v2\/product"}],"about":[{"href":"https:\/\/cozydeco.be\/fr\/wp-json\/wp\/v2\/types\/product"}],"wp:featuredmedia":[{"embeddable":true,"href":"https:\/\/cozydeco.be\/fr\/wp-json\/wp\/v2\/media\/7018"}],"wp:attachment":[{"href":"https:\/\/cozydeco.be\/fr\/wp-json\/wp\/v2\/media?parent=7023"}],"wp:term":[{"taxonomy":"pwb-brand","embeddable":true,"href":"https:\/\/cozydeco.be\/fr\/wp-json\/wp\/v2\/pwb-brand?post=7023"},{"taxonomy":"product_brand","embeddable":true,"href":"https:\/\/cozydeco.be\/fr\/wp-json\/wp\/v2\/product_brand?post=7023"},{"taxonomy":"product_cat","embeddable":true,"href":"https:\/\/cozydeco.be\/fr\/wp-json\/wp\/v2\/product_cat?post=7023"},{"taxonomy":"product_tag","embeddable":true,"href":"https:\/\/cozydeco.be\/fr\/wp-json\/wp\/v2\/product_tag?post=7023"}],"curies":[{"name":"wp","href":"https:\/\/api.w.org\/{rel}","templated":true}]}}