{"id":6999,"date":"2023-06-21T19:23:24","date_gmt":"2023-06-21T19:23:24","guid":{"rendered":"https:\/\/cozydeco.be\/product\/studio-about-vase-a-bulles-de-fleurs-debout-haut-ambre\/"},"modified":"2023-12-15T08:26:47","modified_gmt":"2023-12-15T08:26:47","slug":"studio-about-standing-bubble-vase-high-amber","status":"publish","type":"product","link":"https:\/\/cozydeco.be\/fr\/produit\/studio-about-standing-bubble-vase-high-amber\/","title":{"rendered":"Studio About vase \u00e0 bulles de fleurs debout haut &#8211; ambre"},"content":{"rendered":"<p>La collection de vases Standing Flower Bubble fait partie de la s\u00e9rie de verres souffl\u00e9s \u00e0 la bouche de Studio About. Ce vase fait partie d&#8217;une s\u00e9rie de vases en verre color\u00e9, qui peuvent \u00eatre joliment combin\u00e9s entre eux. Ce vase \u00e0 bulles de fleurs sur pied est dot\u00e9 d&#8217;une haute base en verre transparent, ce qui donne \u00e0 cette magnifique boule en verre ambr\u00e9 un effet de flottement. Le vase est tr\u00e8s joli avec de petites fleurs s\u00e9ch\u00e9es ou un brin de fleur de printemps ou d&#8217;automne.<br \/>\nLes magnifiques vases ajoutent des couleurs fra\u00eeches \u00e0 votre int\u00e9rieur et peuvent \u00eatre plac\u00e9s n&#8217;importe o\u00f9 dans votre maison. Lorsque la lumi\u00e8re traverse le verre, de belles ombres sont cr\u00e9\u00e9es.<br \/>\nLe cylindre de verre a une hauteur de 8 cm et un diam\u00e8tre de 8 cm. La sph\u00e8re &#8220;ambr\u00e9e&#8221; a un diam\u00e8tre de 8 cm.<\/p>\n<p>La collection de Studio About est fabriqu\u00e9e en verre borosilicat\u00e9 : tr\u00e8s r\u00e9sistant et inrayable. Le verre est teint\u00e9 dans la masse et ne perd donc pas sa couleur au fil du temps, m\u00eame lorsqu&#8217;il est expos\u00e9 \u00e0 un fort ensoleillement pendant plusieurs ann\u00e9es.<\/p>\n<p>Studio About est un studio de design danois. Tous les produits sont con\u00e7us par l&#8217;architecte Mikkel Lang Mikkelsen. Pour plus d&#8217;informations sur cette marque, cliquez <a href=\"https:\/\/studio-about.com\/pages\/about2\" target=\"_blank\" rel=\"noopener\">ici<\/a>.<\/p>\n<p>Marque : <a href=\"https:\/\/cozydeco.be\/nl\/brand\/studio-about\/\" target=\"_blank\" rel=\"noopener\">Studio About<\/a><\/p>\n","protected":false},"excerpt":{"rendered":"<p>Marque : <a href=\"https:\/\/cozydeco.be\/nl\/brand\/studio-about\/\" target=\"_blank\" rel=\"noopener\">Studio About<\/a><\/p>\n<p>La collection de vases flower bubble de Studio About est une s\u00e9rie de vases en verre souffl\u00e9 \u00e0 la bouche con\u00e7us pour les fleurs et les petites plantes.<br \/>\nLa base transparente donne \u00e0 ce vase l&#8217;impression de &#8220;flotter&#8221; sur la table. L&#8217;effet est tr\u00e8s amusant et original.<\/p>\n<p>taille : \u00b1 8 cm<\/p>\n","protected":false},"featured_media":6991,"template":"","meta":[],"pwb-brand":[319],"product_brand":[],"product_cat":[333,293],"product_tag":[],"class_list":{"0":"post-6999","1":"product","2":"type-product","3":"status-publish","4":"has-post-thumbnail","6":"pwb-brand-studio-about-fr","7":"product_cat-sales","8":"product_cat-vases","10":"first","11":"instock","12":"sale","13":"taxable","14":"shipping-taxable","15":"purchasable","16":"product-type-simple"},"yoast_head":"<!-- This site is optimized with the Yoast SEO plugin v27.3 - https:\/\/yoast.com\/product\/yoast-seo-wordpress\/ -->\n<title>Studio About vase \u00e0 bulles de fleurs debout haut - ambre - cozydeco.be<\/title>\n<meta name=\"description\" content=\"Studio About - Vase \u00e0 bulles de fleurs sur pied ambre haut - avec &#039;effet flottant&#039; par la base en verre transparent - tr\u00e8s bel effet sur votre table - \u00b1 8 cm\" \/>\n<meta name=\"robots\" content=\"index, follow, max-snippet:-1, max-image-preview:large, max-video-preview:-1\" \/>\n<link rel=\"canonical\" href=\"https:\/\/cozydeco.be\/fr\/produit\/studio-about-standing-bubble-vase-high-amber\/\" \/>\n<meta property=\"og:locale\" content=\"fr_FR\" \/>\n<meta property=\"og:type\" content=\"article\" \/>\n<meta property=\"og:title\" content=\"Studio About vase \u00e0 bulles de fleurs debout haut - ambre - cozydeco.be\" \/>\n<meta property=\"og:description\" content=\"Studio About - Vase \u00e0 bulles de fleurs sur pied ambre haut - avec &#039;effet flottant&#039; par la base en verre transparent - tr\u00e8s bel effet sur votre table - \u00b1 8 cm\" \/>\n<meta property=\"og:url\" content=\"https:\/\/cozydeco.be\/fr\/produit\/studio-about-standing-bubble-vase-high-amber\/\" \/>\n<meta property=\"og:site_name\" content=\"cozydeco.be\" \/>\n<meta property=\"article:publisher\" content=\"https:\/\/www.facebook.com\/cozydeco.be\" \/>\n<meta property=\"article:modified_time\" content=\"2023-12-15T08:26:47+00:00\" \/>\n<meta property=\"og:image\" content=\"https:\/\/cozydeco.be\/wp-content\/uploads\/2023\/06\/cozydeco-studioabout-standing-bubble-amber-03-3.jpg\" \/>\n\t<meta property=\"og:image:width\" content=\"463\" \/>\n\t<meta property=\"og:image:height\" content=\"462\" \/>\n\t<meta property=\"og:image:type\" content=\"image\/jpeg\" \/>\n<meta name=\"twitter:card\" content=\"summary_large_image\" \/>\n<meta name=\"twitter:label1\" content=\"Dur\u00e9e de lecture estim\u00e9e\" \/>\n\t<meta name=\"twitter:data1\" content=\"1 minute\" \/>\n<script type=\"application\/ld+json\" class=\"yoast-schema-graph\">{\"@context\":\"https:\\\/\\\/schema.org\",\"@graph\":[{\"@type\":\"WebPage\",\"@id\":\"https:\\\/\\\/cozydeco.be\\\/fr\\\/produit\\\/studio-about-standing-bubble-vase-high-amber\\\/\",\"url\":\"https:\\\/\\\/cozydeco.be\\\/fr\\\/produit\\\/studio-about-standing-bubble-vase-high-amber\\\/\",\"name\":\"Studio About vase \u00e0 bulles de fleurs debout haut - ambre - cozydeco.be\",\"isPartOf\":{\"@id\":\"https:\\\/\\\/cozydeco.be\\\/fr\\\/#website\"},\"primaryImageOfPage\":{\"@id\":\"https:\\\/\\\/cozydeco.be\\\/fr\\\/produit\\\/studio-about-standing-bubble-vase-high-amber\\\/#primaryimage\"},\"image\":{\"@id\":\"https:\\\/\\\/cozydeco.be\\\/fr\\\/produit\\\/studio-about-standing-bubble-vase-high-amber\\\/#primaryimage\"},\"thumbnailUrl\":\"https:\\\/\\\/cozydeco.be\\\/wp-content\\\/uploads\\\/2023\\\/06\\\/cozydeco-studioabout-standing-bubble-amber-03-3.jpg\",\"datePublished\":\"2023-06-21T19:23:24+00:00\",\"dateModified\":\"2023-12-15T08:26:47+00:00\",\"description\":\"Studio About - Vase \u00e0 bulles de fleurs sur pied ambre haut - avec 'effet flottant' par la base en verre transparent - tr\u00e8s bel effet sur votre table - \u00b1 8 cm\",\"breadcrumb\":{\"@id\":\"https:\\\/\\\/cozydeco.be\\\/fr\\\/produit\\\/studio-about-standing-bubble-vase-high-amber\\\/#breadcrumb\"},\"inLanguage\":\"fr-FR\",\"potentialAction\":[{\"@type\":\"ReadAction\",\"target\":[\"https:\\\/\\\/cozydeco.be\\\/fr\\\/produit\\\/studio-about-standing-bubble-vase-high-amber\\\/\"]}]},{\"@type\":\"ImageObject\",\"inLanguage\":\"fr-FR\",\"@id\":\"https:\\\/\\\/cozydeco.be\\\/fr\\\/produit\\\/studio-about-standing-bubble-vase-high-amber\\\/#primaryimage\",\"url\":\"https:\\\/\\\/cozydeco.be\\\/wp-content\\\/uploads\\\/2023\\\/06\\\/cozydeco-studioabout-standing-bubble-amber-03-3.jpg\",\"contentUrl\":\"https:\\\/\\\/cozydeco.be\\\/wp-content\\\/uploads\\\/2023\\\/06\\\/cozydeco-studioabout-standing-bubble-amber-03-3.jpg\",\"width\":463,\"height\":462,\"caption\":\"Vase \u00e0 bulles Studio About tall - ambre\"},{\"@type\":\"BreadcrumbList\",\"@id\":\"https:\\\/\\\/cozydeco.be\\\/fr\\\/produit\\\/studio-about-standing-bubble-vase-high-amber\\\/#breadcrumb\",\"itemListElement\":[{\"@type\":\"ListItem\",\"position\":1,\"name\":\"Boutique\",\"item\":\"https:\\\/\\\/cozydeco.be\\\/fr\\\/boutique\\\/\"},{\"@type\":\"ListItem\",\"position\":2,\"name\":\"Studio About vase \u00e0 bulles de fleurs debout haut &#8211; ambre\"}]},{\"@type\":\"WebSite\",\"@id\":\"https:\\\/\\\/cozydeco.be\\\/fr\\\/#website\",\"url\":\"https:\\\/\\\/cozydeco.be\\\/fr\\\/\",\"name\":\"cozydeco.be\",\"description\":\"voor meer sfeer, zachtheid en warmte in huis\",\"publisher\":{\"@id\":\"https:\\\/\\\/cozydeco.be\\\/fr\\\/#organization\"},\"alternateName\":\"Cozy deco\",\"potentialAction\":[{\"@type\":\"SearchAction\",\"target\":{\"@type\":\"EntryPoint\",\"urlTemplate\":\"https:\\\/\\\/cozydeco.be\\\/fr\\\/?s={search_term_string}\"},\"query-input\":{\"@type\":\"PropertyValueSpecification\",\"valueRequired\":true,\"valueName\":\"search_term_string\"}}],\"inLanguage\":\"fr-FR\"},{\"@type\":\"Organization\",\"@id\":\"https:\\\/\\\/cozydeco.be\\\/fr\\\/#organization\",\"name\":\"Cozy Deco\",\"alternateName\":\"Cozydeco.be\",\"url\":\"https:\\\/\\\/cozydeco.be\\\/fr\\\/\",\"logo\":{\"@type\":\"ImageObject\",\"inLanguage\":\"fr-FR\",\"@id\":\"https:\\\/\\\/cozydeco.be\\\/fr\\\/#\\\/schema\\\/logo\\\/image\\\/\",\"url\":\"https:\\\/\\\/cozydeco.be\\\/wp-content\\\/uploads\\\/2023\\\/06\\\/cropped-cozydeco-logo-blauw-zonder-slogan-3.png\",\"contentUrl\":\"https:\\\/\\\/cozydeco.be\\\/wp-content\\\/uploads\\\/2023\\\/06\\\/cropped-cozydeco-logo-blauw-zonder-slogan-3.png\",\"width\":500,\"height\":499,\"caption\":\"Cozy Deco\"},\"image\":{\"@id\":\"https:\\\/\\\/cozydeco.be\\\/fr\\\/#\\\/schema\\\/logo\\\/image\\\/\"},\"sameAs\":[\"https:\\\/\\\/www.facebook.com\\\/cozydeco.be\",\"https:\\\/\\\/www.instagram.com\\\/cozydeco.be\\\/\"]}]}<\/script>\n<!-- \/ Yoast SEO plugin. -->","yoast_head_json":{"title":"Studio About vase \u00e0 bulles de fleurs debout haut - ambre - cozydeco.be","description":"Studio About - Vase \u00e0 bulles de fleurs sur pied ambre haut - avec 'effet flottant' par la base en verre transparent - tr\u00e8s bel effet sur votre table - \u00b1 8 cm","robots":{"index":"index","follow":"follow","max-snippet":"max-snippet:-1","max-image-preview":"max-image-preview:large","max-video-preview":"max-video-preview:-1"},"canonical":"https:\/\/cozydeco.be\/fr\/produit\/studio-about-standing-bubble-vase-high-amber\/","og_locale":"fr_FR","og_type":"article","og_title":"Studio About vase \u00e0 bulles de fleurs debout haut - ambre - cozydeco.be","og_description":"Studio About - Vase \u00e0 bulles de fleurs sur pied ambre haut - avec 'effet flottant' par la base en verre transparent - tr\u00e8s bel effet sur votre table - \u00b1 8 cm","og_url":"https:\/\/cozydeco.be\/fr\/produit\/studio-about-standing-bubble-vase-high-amber\/","og_site_name":"cozydeco.be","article_publisher":"https:\/\/www.facebook.com\/cozydeco.be","article_modified_time":"2023-12-15T08:26:47+00:00","og_image":[{"width":463,"height":462,"url":"https:\/\/cozydeco.be\/wp-content\/uploads\/2023\/06\/cozydeco-studioabout-standing-bubble-amber-03-3.jpg","type":"image\/jpeg"}],"twitter_card":"summary_large_image","twitter_misc":{"Dur\u00e9e de lecture estim\u00e9e":"1 minute"},"schema":{"@context":"https:\/\/schema.org","@graph":[{"@type":"WebPage","@id":"https:\/\/cozydeco.be\/fr\/produit\/studio-about-standing-bubble-vase-high-amber\/","url":"https:\/\/cozydeco.be\/fr\/produit\/studio-about-standing-bubble-vase-high-amber\/","name":"Studio About vase \u00e0 bulles de fleurs debout haut - ambre - cozydeco.be","isPartOf":{"@id":"https:\/\/cozydeco.be\/fr\/#website"},"primaryImageOfPage":{"@id":"https:\/\/cozydeco.be\/fr\/produit\/studio-about-standing-bubble-vase-high-amber\/#primaryimage"},"image":{"@id":"https:\/\/cozydeco.be\/fr\/produit\/studio-about-standing-bubble-vase-high-amber\/#primaryimage"},"thumbnailUrl":"https:\/\/cozydeco.be\/wp-content\/uploads\/2023\/06\/cozydeco-studioabout-standing-bubble-amber-03-3.jpg","datePublished":"2023-06-21T19:23:24+00:00","dateModified":"2023-12-15T08:26:47+00:00","description":"Studio About - Vase \u00e0 bulles de fleurs sur pied ambre haut - avec 'effet flottant' par la base en verre transparent - tr\u00e8s bel effet sur votre table - \u00b1 8 cm","breadcrumb":{"@id":"https:\/\/cozydeco.be\/fr\/produit\/studio-about-standing-bubble-vase-high-amber\/#breadcrumb"},"inLanguage":"fr-FR","potentialAction":[{"@type":"ReadAction","target":["https:\/\/cozydeco.be\/fr\/produit\/studio-about-standing-bubble-vase-high-amber\/"]}]},{"@type":"ImageObject","inLanguage":"fr-FR","@id":"https:\/\/cozydeco.be\/fr\/produit\/studio-about-standing-bubble-vase-high-amber\/#primaryimage","url":"https:\/\/cozydeco.be\/wp-content\/uploads\/2023\/06\/cozydeco-studioabout-standing-bubble-amber-03-3.jpg","contentUrl":"https:\/\/cozydeco.be\/wp-content\/uploads\/2023\/06\/cozydeco-studioabout-standing-bubble-amber-03-3.jpg","width":463,"height":462,"caption":"Vase \u00e0 bulles Studio About tall - ambre"},{"@type":"BreadcrumbList","@id":"https:\/\/cozydeco.be\/fr\/produit\/studio-about-standing-bubble-vase-high-amber\/#breadcrumb","itemListElement":[{"@type":"ListItem","position":1,"name":"Boutique","item":"https:\/\/cozydeco.be\/fr\/boutique\/"},{"@type":"ListItem","position":2,"name":"Studio About vase \u00e0 bulles de fleurs debout haut &#8211; ambre"}]},{"@type":"WebSite","@id":"https:\/\/cozydeco.be\/fr\/#website","url":"https:\/\/cozydeco.be\/fr\/","name":"cozydeco.be","description":"voor meer sfeer, zachtheid en warmte in huis","publisher":{"@id":"https:\/\/cozydeco.be\/fr\/#organization"},"alternateName":"Cozy deco","potentialAction":[{"@type":"SearchAction","target":{"@type":"EntryPoint","urlTemplate":"https:\/\/cozydeco.be\/fr\/?s={search_term_string}"},"query-input":{"@type":"PropertyValueSpecification","valueRequired":true,"valueName":"search_term_string"}}],"inLanguage":"fr-FR"},{"@type":"Organization","@id":"https:\/\/cozydeco.be\/fr\/#organization","name":"Cozy Deco","alternateName":"Cozydeco.be","url":"https:\/\/cozydeco.be\/fr\/","logo":{"@type":"ImageObject","inLanguage":"fr-FR","@id":"https:\/\/cozydeco.be\/fr\/#\/schema\/logo\/image\/","url":"https:\/\/cozydeco.be\/wp-content\/uploads\/2023\/06\/cropped-cozydeco-logo-blauw-zonder-slogan-3.png","contentUrl":"https:\/\/cozydeco.be\/wp-content\/uploads\/2023\/06\/cropped-cozydeco-logo-blauw-zonder-slogan-3.png","width":500,"height":499,"caption":"Cozy Deco"},"image":{"@id":"https:\/\/cozydeco.be\/fr\/#\/schema\/logo\/image\/"},"sameAs":["https:\/\/www.facebook.com\/cozydeco.be","https:\/\/www.instagram.com\/cozydeco.be\/"]}]}},"brands":[{"id":319,"name":"Studio About","slug":"studio-about-fr"}],"_links":{"self":[{"href":"https:\/\/cozydeco.be\/fr\/wp-json\/wp\/v2\/product\/6999","targetHints":{"allow":["GET"]}}],"collection":[{"href":"https:\/\/cozydeco.be\/fr\/wp-json\/wp\/v2\/product"}],"about":[{"href":"https:\/\/cozydeco.be\/fr\/wp-json\/wp\/v2\/types\/product"}],"wp:featuredmedia":[{"embeddable":true,"href":"https:\/\/cozydeco.be\/fr\/wp-json\/wp\/v2\/media\/6991"}],"wp:attachment":[{"href":"https:\/\/cozydeco.be\/fr\/wp-json\/wp\/v2\/media?parent=6999"}],"wp:term":[{"taxonomy":"pwb-brand","embeddable":true,"href":"https:\/\/cozydeco.be\/fr\/wp-json\/wp\/v2\/pwb-brand?post=6999"},{"taxonomy":"product_brand","embeddable":true,"href":"https:\/\/cozydeco.be\/fr\/wp-json\/wp\/v2\/product_brand?post=6999"},{"taxonomy":"product_cat","embeddable":true,"href":"https:\/\/cozydeco.be\/fr\/wp-json\/wp\/v2\/product_cat?post=6999"},{"taxonomy":"product_tag","embeddable":true,"href":"https:\/\/cozydeco.be\/fr\/wp-json\/wp\/v2\/product_tag?post=6999"}],"curies":[{"name":"wp","href":"https:\/\/api.w.org\/{rel}","templated":true}]}}