{"id":6717,"date":"2023-06-21T19:23:12","date_gmt":"2023-06-21T19:23:12","guid":{"rendered":"https:\/\/cozydeco.be\/product\/couverts-noirs-gusta-16-pieces\/"},"modified":"2023-06-21T19:23:12","modified_gmt":"2023-06-21T19:23:12","slug":"gusta-black-cutlery-16-piece","status":"publish","type":"product","link":"https:\/\/cozydeco.be\/fr\/produit\/gusta-black-cutlery-16-piece\/","title":{"rendered":"Couverts noirs Gusta &#8211; 16 pi\u00e8ces"},"content":{"rendered":"<p>Ces couverts noirs de Gusta cr\u00e9ent un effet de style sur une table joliment dress\u00e9e.<br \/>\nEx\u00e9cut\u00e9s en acier inoxydable noir mat, vos couverts attirent tous les regards et sont tr\u00e8s tendance.<br \/>\nCe set de couverts est compos\u00e9 de 16 pi\u00e8ces et convient donc pour 4 personnes avec un couteau, une fourchette, une cuill\u00e8re et une cuill\u00e8re \u00e0 dessert pour chacune d&#8217;entre elles. Les dimensions de ces couverts sont les suivantes : couteau 22,5 cm, fourchette 20 cm, cuill\u00e8re 19 cm et cuill\u00e8re \u00e0 dessert 14 cm.<br \/>\nCes couverts noirs s&#8217;int\u00e8grent parfaitement dans un d\u00e9cor moderne et attirent tous les regards sur une \u00e9l\u00e9gante nappe <a href=\"https:\/\/cozydeco.be\/nl\/product\/originalhome-wit-tafelkleed-recycled-offwhite\/\" target=\"_blank\" rel=\"noopener\">blanche<\/a> ou <a href=\"https:\/\/cozydeco.be\/nl\/product\/originalhome-grijs-tafelkleed-recycled\/\" target=\"_blank\" rel=\"noopener\">grise <\/a>. Avec les serviettes de table assorties d&#8217;Originalhome, vous \u00eates s\u00fbr d&#8217;obtenir un ensemble \u00e9l\u00e9gant.<\/p>\n<p>\u00c9galement disponible en version <a href=\"https:\/\/cozydeco.be\/nl\/product\/gusta-koperkleurig-bestek-16-delig\/\" target=\"_blank\" rel=\"noopener\">cuivr\u00e9e<\/a>.<\/p>\n<p><strong>contenu :<\/strong><\/p>\n<p>4 couteaux, 4 fourchettes, 4 cuill\u00e8res et 4 petites cuill\u00e8res en noir mat<\/p>\n<p><strong>entretien:<\/strong><\/p>\n<p>Le lavage \u00e0 la main est recommand\u00e9 pour une plus longue dur\u00e9e de vie. Vous \u00e9viterez ainsi les petites taches sur vos couverts.<\/p>\n<p>marque: <a href=\"https:\/\/cozydeco.be\/nl\/brand\/gusta\/\" target=\"_blank\" rel=\"noopener\">Gusta<\/a><\/p>\n<p>&nbsp;<\/p>\n","protected":false},"excerpt":{"rendered":"<p>Ces couverts noirs de Gusta ajoutent une touche de modernit\u00e9 \u00e0 votre table.<\/p>\n","protected":false},"featured_media":6712,"template":"","meta":[],"pwb-brand":[216],"product_brand":[],"product_cat":[333,90],"product_tag":[],"class_list":{"0":"post-6717","1":"product","2":"type-product","3":"status-publish","4":"has-post-thumbnail","6":"pwb-brand-gusta-fr","7":"product_cat-sales","8":"product_cat-vaisselle","10":"first","11":"instock","12":"sale","13":"taxable","14":"shipping-taxable","15":"purchasable","16":"product-type-simple"},"yoast_head":"<!-- This site is optimized with the Yoast SEO plugin v27.3 - https:\/\/yoast.com\/product\/yoast-seo-wordpress\/ -->\n<title>Couverts noirs Gusta - 16 pi\u00e8ces - cozydeco.be<\/title>\n<meta name=\"description\" content=\"Gusta : Les couverts noirs mats apportent une touche de modernit\u00e9 \u00e0 votre table. D\u00e9couvrez des articles s\u00e9lectionn\u00e9s de mani\u00e8re unique chez Cozy Deco pour un d\u00eener agr\u00e9able.\" \/>\n<meta name=\"robots\" content=\"index, follow, max-snippet:-1, max-image-preview:large, max-video-preview:-1\" \/>\n<link rel=\"canonical\" href=\"https:\/\/cozydeco.be\/fr\/produit\/gusta-black-cutlery-16-piece\/\" \/>\n<meta property=\"og:locale\" content=\"fr_FR\" \/>\n<meta property=\"og:type\" content=\"article\" \/>\n<meta property=\"og:title\" content=\"Couverts noirs Gusta - 16 pi\u00e8ces - cozydeco.be\" \/>\n<meta property=\"og:description\" content=\"Gusta : Les couverts noirs mats apportent une touche de modernit\u00e9 \u00e0 votre table. D\u00e9couvrez des articles s\u00e9lectionn\u00e9s de mani\u00e8re unique chez Cozy Deco pour un d\u00eener agr\u00e9able.\" \/>\n<meta property=\"og:url\" content=\"https:\/\/cozydeco.be\/fr\/produit\/gusta-black-cutlery-16-piece\/\" \/>\n<meta property=\"og:site_name\" content=\"cozydeco.be\" \/>\n<meta property=\"article:publisher\" content=\"https:\/\/www.facebook.com\/cozydeco.be\" \/>\n<meta property=\"og:image\" content=\"https:\/\/cozydeco.be\/wp-content\/uploads\/2023\/06\/cozydeco-gusta-bestek-zwart-couverts-noir1.jpg\" \/>\n\t<meta property=\"og:image:width\" content=\"674\" \/>\n\t<meta property=\"og:image:height\" content=\"636\" \/>\n\t<meta property=\"og:image:type\" content=\"image\/jpeg\" \/>\n<meta name=\"twitter:card\" content=\"summary_large_image\" \/>\n<meta name=\"twitter:label1\" content=\"Dur\u00e9e de lecture estim\u00e9e\" \/>\n\t<meta name=\"twitter:data1\" content=\"1 minute\" \/>\n<script type=\"application\/ld+json\" class=\"yoast-schema-graph\">{\"@context\":\"https:\\\/\\\/schema.org\",\"@graph\":[{\"@type\":\"WebPage\",\"@id\":\"https:\\\/\\\/cozydeco.be\\\/fr\\\/produit\\\/gusta-black-cutlery-16-piece\\\/\",\"url\":\"https:\\\/\\\/cozydeco.be\\\/fr\\\/produit\\\/gusta-black-cutlery-16-piece\\\/\",\"name\":\"Couverts noirs Gusta - 16 pi\u00e8ces - cozydeco.be\",\"isPartOf\":{\"@id\":\"https:\\\/\\\/cozydeco.be\\\/fr\\\/#website\"},\"primaryImageOfPage\":{\"@id\":\"https:\\\/\\\/cozydeco.be\\\/fr\\\/produit\\\/gusta-black-cutlery-16-piece\\\/#primaryimage\"},\"image\":{\"@id\":\"https:\\\/\\\/cozydeco.be\\\/fr\\\/produit\\\/gusta-black-cutlery-16-piece\\\/#primaryimage\"},\"thumbnailUrl\":\"https:\\\/\\\/cozydeco.be\\\/wp-content\\\/uploads\\\/2023\\\/06\\\/cozydeco-gusta-bestek-zwart-couverts-noir1.jpg\",\"datePublished\":\"2023-06-21T19:23:12+00:00\",\"description\":\"Gusta : Les couverts noirs mats apportent une touche de modernit\u00e9 \u00e0 votre table. D\u00e9couvrez des articles s\u00e9lectionn\u00e9s de mani\u00e8re unique chez Cozy Deco pour un d\u00eener agr\u00e9able.\",\"breadcrumb\":{\"@id\":\"https:\\\/\\\/cozydeco.be\\\/fr\\\/produit\\\/gusta-black-cutlery-16-piece\\\/#breadcrumb\"},\"inLanguage\":\"fr-FR\",\"potentialAction\":[{\"@type\":\"ReadAction\",\"target\":[\"https:\\\/\\\/cozydeco.be\\\/fr\\\/produit\\\/gusta-black-cutlery-16-piece\\\/\"]}]},{\"@type\":\"ImageObject\",\"inLanguage\":\"fr-FR\",\"@id\":\"https:\\\/\\\/cozydeco.be\\\/fr\\\/produit\\\/gusta-black-cutlery-16-piece\\\/#primaryimage\",\"url\":\"https:\\\/\\\/cozydeco.be\\\/wp-content\\\/uploads\\\/2023\\\/06\\\/cozydeco-gusta-bestek-zwart-couverts-noir1.jpg\",\"contentUrl\":\"https:\\\/\\\/cozydeco.be\\\/wp-content\\\/uploads\\\/2023\\\/06\\\/cozydeco-gusta-bestek-zwart-couverts-noir1.jpg\",\"width\":674,\"height\":636,\"caption\":\"couverts noirs de Gusta\"},{\"@type\":\"BreadcrumbList\",\"@id\":\"https:\\\/\\\/cozydeco.be\\\/fr\\\/produit\\\/gusta-black-cutlery-16-piece\\\/#breadcrumb\",\"itemListElement\":[{\"@type\":\"ListItem\",\"position\":1,\"name\":\"Boutique\",\"item\":\"https:\\\/\\\/cozydeco.be\\\/fr\\\/boutique\\\/\"},{\"@type\":\"ListItem\",\"position\":2,\"name\":\"Couverts noirs Gusta &#8211; 16 pi\u00e8ces\"}]},{\"@type\":\"WebSite\",\"@id\":\"https:\\\/\\\/cozydeco.be\\\/fr\\\/#website\",\"url\":\"https:\\\/\\\/cozydeco.be\\\/fr\\\/\",\"name\":\"cozydeco.be\",\"description\":\"voor meer sfeer, zachtheid en warmte in huis\",\"publisher\":{\"@id\":\"https:\\\/\\\/cozydeco.be\\\/fr\\\/#organization\"},\"alternateName\":\"Cozy deco\",\"potentialAction\":[{\"@type\":\"SearchAction\",\"target\":{\"@type\":\"EntryPoint\",\"urlTemplate\":\"https:\\\/\\\/cozydeco.be\\\/fr\\\/?s={search_term_string}\"},\"query-input\":{\"@type\":\"PropertyValueSpecification\",\"valueRequired\":true,\"valueName\":\"search_term_string\"}}],\"inLanguage\":\"fr-FR\"},{\"@type\":\"Organization\",\"@id\":\"https:\\\/\\\/cozydeco.be\\\/fr\\\/#organization\",\"name\":\"Cozy Deco\",\"alternateName\":\"Cozydeco.be\",\"url\":\"https:\\\/\\\/cozydeco.be\\\/fr\\\/\",\"logo\":{\"@type\":\"ImageObject\",\"inLanguage\":\"fr-FR\",\"@id\":\"https:\\\/\\\/cozydeco.be\\\/fr\\\/#\\\/schema\\\/logo\\\/image\\\/\",\"url\":\"https:\\\/\\\/cozydeco.be\\\/wp-content\\\/uploads\\\/2023\\\/06\\\/cropped-cozydeco-logo-blauw-zonder-slogan-3.png\",\"contentUrl\":\"https:\\\/\\\/cozydeco.be\\\/wp-content\\\/uploads\\\/2023\\\/06\\\/cropped-cozydeco-logo-blauw-zonder-slogan-3.png\",\"width\":500,\"height\":499,\"caption\":\"Cozy Deco\"},\"image\":{\"@id\":\"https:\\\/\\\/cozydeco.be\\\/fr\\\/#\\\/schema\\\/logo\\\/image\\\/\"},\"sameAs\":[\"https:\\\/\\\/www.facebook.com\\\/cozydeco.be\",\"https:\\\/\\\/www.instagram.com\\\/cozydeco.be\\\/\"]}]}<\/script>\n<!-- \/ Yoast SEO plugin. -->","yoast_head_json":{"title":"Couverts noirs Gusta - 16 pi\u00e8ces - cozydeco.be","description":"Gusta : Les couverts noirs mats apportent une touche de modernit\u00e9 \u00e0 votre table. D\u00e9couvrez des articles s\u00e9lectionn\u00e9s de mani\u00e8re unique chez Cozy Deco pour un d\u00eener agr\u00e9able.","robots":{"index":"index","follow":"follow","max-snippet":"max-snippet:-1","max-image-preview":"max-image-preview:large","max-video-preview":"max-video-preview:-1"},"canonical":"https:\/\/cozydeco.be\/fr\/produit\/gusta-black-cutlery-16-piece\/","og_locale":"fr_FR","og_type":"article","og_title":"Couverts noirs Gusta - 16 pi\u00e8ces - cozydeco.be","og_description":"Gusta : Les couverts noirs mats apportent une touche de modernit\u00e9 \u00e0 votre table. D\u00e9couvrez des articles s\u00e9lectionn\u00e9s de mani\u00e8re unique chez Cozy Deco pour un d\u00eener agr\u00e9able.","og_url":"https:\/\/cozydeco.be\/fr\/produit\/gusta-black-cutlery-16-piece\/","og_site_name":"cozydeco.be","article_publisher":"https:\/\/www.facebook.com\/cozydeco.be","og_image":[{"width":674,"height":636,"url":"https:\/\/cozydeco.be\/wp-content\/uploads\/2023\/06\/cozydeco-gusta-bestek-zwart-couverts-noir1.jpg","type":"image\/jpeg"}],"twitter_card":"summary_large_image","twitter_misc":{"Dur\u00e9e de lecture estim\u00e9e":"1 minute"},"schema":{"@context":"https:\/\/schema.org","@graph":[{"@type":"WebPage","@id":"https:\/\/cozydeco.be\/fr\/produit\/gusta-black-cutlery-16-piece\/","url":"https:\/\/cozydeco.be\/fr\/produit\/gusta-black-cutlery-16-piece\/","name":"Couverts noirs Gusta - 16 pi\u00e8ces - cozydeco.be","isPartOf":{"@id":"https:\/\/cozydeco.be\/fr\/#website"},"primaryImageOfPage":{"@id":"https:\/\/cozydeco.be\/fr\/produit\/gusta-black-cutlery-16-piece\/#primaryimage"},"image":{"@id":"https:\/\/cozydeco.be\/fr\/produit\/gusta-black-cutlery-16-piece\/#primaryimage"},"thumbnailUrl":"https:\/\/cozydeco.be\/wp-content\/uploads\/2023\/06\/cozydeco-gusta-bestek-zwart-couverts-noir1.jpg","datePublished":"2023-06-21T19:23:12+00:00","description":"Gusta : Les couverts noirs mats apportent une touche de modernit\u00e9 \u00e0 votre table. D\u00e9couvrez des articles s\u00e9lectionn\u00e9s de mani\u00e8re unique chez Cozy Deco pour un d\u00eener agr\u00e9able.","breadcrumb":{"@id":"https:\/\/cozydeco.be\/fr\/produit\/gusta-black-cutlery-16-piece\/#breadcrumb"},"inLanguage":"fr-FR","potentialAction":[{"@type":"ReadAction","target":["https:\/\/cozydeco.be\/fr\/produit\/gusta-black-cutlery-16-piece\/"]}]},{"@type":"ImageObject","inLanguage":"fr-FR","@id":"https:\/\/cozydeco.be\/fr\/produit\/gusta-black-cutlery-16-piece\/#primaryimage","url":"https:\/\/cozydeco.be\/wp-content\/uploads\/2023\/06\/cozydeco-gusta-bestek-zwart-couverts-noir1.jpg","contentUrl":"https:\/\/cozydeco.be\/wp-content\/uploads\/2023\/06\/cozydeco-gusta-bestek-zwart-couverts-noir1.jpg","width":674,"height":636,"caption":"couverts noirs de Gusta"},{"@type":"BreadcrumbList","@id":"https:\/\/cozydeco.be\/fr\/produit\/gusta-black-cutlery-16-piece\/#breadcrumb","itemListElement":[{"@type":"ListItem","position":1,"name":"Boutique","item":"https:\/\/cozydeco.be\/fr\/boutique\/"},{"@type":"ListItem","position":2,"name":"Couverts noirs Gusta &#8211; 16 pi\u00e8ces"}]},{"@type":"WebSite","@id":"https:\/\/cozydeco.be\/fr\/#website","url":"https:\/\/cozydeco.be\/fr\/","name":"cozydeco.be","description":"voor meer sfeer, zachtheid en warmte in huis","publisher":{"@id":"https:\/\/cozydeco.be\/fr\/#organization"},"alternateName":"Cozy deco","potentialAction":[{"@type":"SearchAction","target":{"@type":"EntryPoint","urlTemplate":"https:\/\/cozydeco.be\/fr\/?s={search_term_string}"},"query-input":{"@type":"PropertyValueSpecification","valueRequired":true,"valueName":"search_term_string"}}],"inLanguage":"fr-FR"},{"@type":"Organization","@id":"https:\/\/cozydeco.be\/fr\/#organization","name":"Cozy Deco","alternateName":"Cozydeco.be","url":"https:\/\/cozydeco.be\/fr\/","logo":{"@type":"ImageObject","inLanguage":"fr-FR","@id":"https:\/\/cozydeco.be\/fr\/#\/schema\/logo\/image\/","url":"https:\/\/cozydeco.be\/wp-content\/uploads\/2023\/06\/cropped-cozydeco-logo-blauw-zonder-slogan-3.png","contentUrl":"https:\/\/cozydeco.be\/wp-content\/uploads\/2023\/06\/cropped-cozydeco-logo-blauw-zonder-slogan-3.png","width":500,"height":499,"caption":"Cozy Deco"},"image":{"@id":"https:\/\/cozydeco.be\/fr\/#\/schema\/logo\/image\/"},"sameAs":["https:\/\/www.facebook.com\/cozydeco.be","https:\/\/www.instagram.com\/cozydeco.be\/"]}]}},"brands":[{"id":216,"name":"Gusta","slug":"gusta-fr"}],"_links":{"self":[{"href":"https:\/\/cozydeco.be\/fr\/wp-json\/wp\/v2\/product\/6717","targetHints":{"allow":["GET"]}}],"collection":[{"href":"https:\/\/cozydeco.be\/fr\/wp-json\/wp\/v2\/product"}],"about":[{"href":"https:\/\/cozydeco.be\/fr\/wp-json\/wp\/v2\/types\/product"}],"wp:featuredmedia":[{"embeddable":true,"href":"https:\/\/cozydeco.be\/fr\/wp-json\/wp\/v2\/media\/6712"}],"wp:attachment":[{"href":"https:\/\/cozydeco.be\/fr\/wp-json\/wp\/v2\/media?parent=6717"}],"wp:term":[{"taxonomy":"pwb-brand","embeddable":true,"href":"https:\/\/cozydeco.be\/fr\/wp-json\/wp\/v2\/pwb-brand?post=6717"},{"taxonomy":"product_brand","embeddable":true,"href":"https:\/\/cozydeco.be\/fr\/wp-json\/wp\/v2\/product_brand?post=6717"},{"taxonomy":"product_cat","embeddable":true,"href":"https:\/\/cozydeco.be\/fr\/wp-json\/wp\/v2\/product_cat?post=6717"},{"taxonomy":"product_tag","embeddable":true,"href":"https:\/\/cozydeco.be\/fr\/wp-json\/wp\/v2\/product_tag?post=6717"}],"curies":[{"name":"wp","href":"https:\/\/api.w.org\/{rel}","templated":true}]}}