{"id":5934,"date":"2023-10-25T12:57:36","date_gmt":"2023-10-25T12:57:36","guid":{"rendered":"https:\/\/cozydeco.be\/product\/plaid-brun-malagoon-crafty-chestnut\/"},"modified":"2024-10-02T15:29:37","modified_gmt":"2024-10-02T15:29:37","slug":"malagoon-brown-plaid-crafty-chestnut","status":"publish","type":"product","link":"https:\/\/cozydeco.be\/fr\/produit\/malagoon-brown-plaid-crafty-chestnut\/","title":{"rendered":"Plaid brun Malagoon &#8211; Crafty chestnut"},"content":{"rendered":"<p>Ce plaid brun de Malagoon est joliment tricot\u00e9 dans des tons de bleu et de blanc cass\u00e9. Ce n&#8217;est pas seulement la combinaison de la couleur brune (rouge) avec des nuances de blanc cass\u00e9, mais aussi la structure altern\u00e9e et joliment tiss\u00e9e qui la rend vraiment magnifique. Les franges ajoutent une touche ludique au plaid de Malagoon.<\/p>\n<p>D&#8217;une douceur inou\u00efe, ce plaid s&#8217;adapte \u00e0 de nombreux int\u00e9rieurs et \u00e0 diff\u00e9rents styles. Il est \u00e9vident qu&#8217;elle convient parfaitement comme couverture chaude et douillette dans le canap\u00e9, mais elle peut \u00e9galement \u00eatre utilis\u00e9e comme accessoire de d\u00e9coration \u00e9l\u00e9gant sur une chaise ou une \u00e9chelle en bois. N&#8217;h\u00e9sitez pas \u00e0 le combiner avec le plaid multicolore &#8211; seasight ou avec les coussins d\u00e9coratifs assortis en midnightblue<a href=\"https:\/\/cozydeco.be\/nl\/product\/malagoon-rechthoekig-blauw-sierkussen-midnightblue\/\" target=\"_blank\" rel=\"noopener\">(rectangulaire<\/a> ou <a href=\"https:\/\/cozydeco.be\/nl\/product\/malagoon-blauw-kussen-midnightblue\/\" target=\"_blank\" rel=\"noopener\">carr\u00e9<\/a>) ou crafty chestnut (\u00e9galement disponible en version <a href=\"https:\/\/cozydeco.be\/nl\/product\/malagoon-rechthoekig-bruin-sierkussen-crafty-chestnut\/\" target=\"_blank\" rel=\"noopener\">rectangulaire<\/a> ou <a href=\"https:\/\/cozydeco.be\/nl\/product\/malagoon-bruin-sierkussen-crafty-chestnut\/\" target=\"_blank\" rel=\"noopener\">carr\u00e9e<\/a> ).<\/p>\n<p>&nbsp;<\/p>\n<p><strong>Entretien<\/strong>:<\/p>\n<p>le nettoyage \u00e0 sec est recommand\u00e9. Si c&#8217;est vraiment n\u00e9cessaire, il est possible de laver \u00e0 la main \u00e0 froid et de s\u00e9cher \u00e0 plat (surtout pas au s\u00e8che-linge !).<\/p>\n<p>&nbsp;<\/p>\n<p><strong>Sp\u00e9cifications:<\/strong><\/p>\n<p>dimensions: 150 x 125 cm<\/p>\n<p>en 70% acrylique, 20% polyester et 10% laine<\/p>\n<p>&nbsp;<\/p>\n<p>marque: <a href=\"https:\/\/cozydeco.be\/nl\/brand\/malagoon\/\">Malagoon<\/a><\/p>\n<p>&nbsp;<\/p>\n<p>&nbsp;<\/p>\n","protected":false},"excerpt":{"rendered":"<p>marque: <a href=\"https:\/\/cozydeco.be\/nl\/brand\/malagoon\/\">Malagoon<\/a><\/p>\n<p>Ce plaid brun de Malagoon est magnifiquement tricot\u00e9 dans des tons marron (rouge) avec des accents blanc cass\u00e9.<br \/>\nCe n&#8217;est pas seulement cette surprenante combinaison de couleurs, mais aussi la structure altern\u00e9e et joliment tiss\u00e9e qui la rend vraiment magnifique. Les franges ajoutent une touche ludique au plaid de Malagoon.<\/p>\n<p>dimensions: 150 x 125 cm<\/p>\n","protected":false},"featured_media":5924,"template":"","meta":[],"pwb-brand":[155],"product_brand":[],"product_cat":[221,109],"product_tag":[],"class_list":{"0":"post-5934","1":"product","2":"type-product","3":"status-publish","4":"has-post-thumbnail","6":"pwb-brand-malagoon-fr","7":"product_cat-cadeau-fete-des-peres","8":"product_cat-plaids-et-coussins","10":"first","11":"instock","12":"taxable","13":"shipping-taxable","14":"purchasable","15":"product-type-simple"},"yoast_head":"<!-- This site is optimized with the Yoast SEO plugin v27.3 - https:\/\/yoast.com\/product\/yoast-seo-wordpress\/ -->\n<title>Cozy Deco | plaid marron d&#039;une douceur inou\u00efe de Malagoon<\/title>\n<meta name=\"description\" content=\"plaid brun Tribal by Malagoon : magnifiquement tiss\u00e9 - structure originale - jolies franges - merveilleusement doux - convient \u00e0 tous les int\u00e9rieurs et \u00e0 toutes les saisons - 150x125 cm\" \/>\n<meta name=\"robots\" content=\"index, follow, max-snippet:-1, max-image-preview:large, max-video-preview:-1\" \/>\n<link rel=\"canonical\" href=\"https:\/\/cozydeco.be\/fr\/produit\/malagoon-brown-plaid-crafty-chestnut\/\" \/>\n<meta property=\"og:locale\" content=\"fr_FR\" \/>\n<meta property=\"og:type\" content=\"article\" \/>\n<meta property=\"og:title\" content=\"Cozy Deco | plaid marron d&#039;une douceur inou\u00efe de Malagoon\" \/>\n<meta property=\"og:description\" content=\"plaid brun Tribal by Malagoon : magnifiquement tiss\u00e9 - structure originale - jolies franges - merveilleusement doux - convient \u00e0 tous les int\u00e9rieurs et \u00e0 toutes les saisons - 150x125 cm\" \/>\n<meta property=\"og:url\" content=\"https:\/\/cozydeco.be\/fr\/produit\/malagoon-brown-plaid-crafty-chestnut\/\" \/>\n<meta property=\"og:site_name\" content=\"cozydeco.be\" \/>\n<meta property=\"article:publisher\" content=\"https:\/\/www.facebook.com\/cozydeco.be\" \/>\n<meta property=\"article:modified_time\" content=\"2024-10-02T15:29:37+00:00\" \/>\n<meta property=\"og:image\" content=\"https:\/\/cozydeco.be\/wp-content\/uploads\/2023\/10\/cozydeco-malagoon-plaid-bruin-crafty-chestnut2.jpg\" \/>\n\t<meta property=\"og:image:width\" content=\"1000\" \/>\n\t<meta property=\"og:image:height\" content=\"1000\" \/>\n\t<meta property=\"og:image:type\" content=\"image\/jpeg\" \/>\n<meta name=\"twitter:card\" content=\"summary_large_image\" \/>\n<meta name=\"twitter:label1\" content=\"Dur\u00e9e de lecture estim\u00e9e\" \/>\n\t<meta name=\"twitter:data1\" content=\"2 minutes\" \/>\n<script type=\"application\/ld+json\" class=\"yoast-schema-graph\">{\"@context\":\"https:\\\/\\\/schema.org\",\"@graph\":[{\"@type\":\"WebPage\",\"@id\":\"https:\\\/\\\/cozydeco.be\\\/fr\\\/produit\\\/malagoon-brown-plaid-crafty-chestnut\\\/\",\"url\":\"https:\\\/\\\/cozydeco.be\\\/fr\\\/produit\\\/malagoon-brown-plaid-crafty-chestnut\\\/\",\"name\":\"Cozy Deco | plaid marron d'une douceur inou\u00efe de Malagoon\",\"isPartOf\":{\"@id\":\"https:\\\/\\\/cozydeco.be\\\/fr\\\/#website\"},\"primaryImageOfPage\":{\"@id\":\"https:\\\/\\\/cozydeco.be\\\/fr\\\/produit\\\/malagoon-brown-plaid-crafty-chestnut\\\/#primaryimage\"},\"image\":{\"@id\":\"https:\\\/\\\/cozydeco.be\\\/fr\\\/produit\\\/malagoon-brown-plaid-crafty-chestnut\\\/#primaryimage\"},\"thumbnailUrl\":\"https:\\\/\\\/cozydeco.be\\\/wp-content\\\/uploads\\\/2023\\\/10\\\/cozydeco-malagoon-plaid-bruin-crafty-chestnut2.jpg\",\"datePublished\":\"2023-10-25T12:57:36+00:00\",\"dateModified\":\"2024-10-02T15:29:37+00:00\",\"description\":\"plaid brun Tribal by Malagoon : magnifiquement tiss\u00e9 - structure originale - jolies franges - merveilleusement doux - convient \u00e0 tous les int\u00e9rieurs et \u00e0 toutes les saisons - 150x125 cm\",\"breadcrumb\":{\"@id\":\"https:\\\/\\\/cozydeco.be\\\/fr\\\/produit\\\/malagoon-brown-plaid-crafty-chestnut\\\/#breadcrumb\"},\"inLanguage\":\"fr-FR\",\"potentialAction\":[{\"@type\":\"ReadAction\",\"target\":[\"https:\\\/\\\/cozydeco.be\\\/fr\\\/produit\\\/malagoon-brown-plaid-crafty-chestnut\\\/\"]}]},{\"@type\":\"ImageObject\",\"inLanguage\":\"fr-FR\",\"@id\":\"https:\\\/\\\/cozydeco.be\\\/fr\\\/produit\\\/malagoon-brown-plaid-crafty-chestnut\\\/#primaryimage\",\"url\":\"https:\\\/\\\/cozydeco.be\\\/wp-content\\\/uploads\\\/2023\\\/10\\\/cozydeco-malagoon-plaid-bruin-crafty-chestnut2.jpg\",\"contentUrl\":\"https:\\\/\\\/cozydeco.be\\\/wp-content\\\/uploads\\\/2023\\\/10\\\/cozydeco-malagoon-plaid-bruin-crafty-chestnut2.jpg\",\"width\":1000,\"height\":1000,\"caption\":\"bruine plaid van Malagoon - Crafty chestnut\"},{\"@type\":\"BreadcrumbList\",\"@id\":\"https:\\\/\\\/cozydeco.be\\\/fr\\\/produit\\\/malagoon-brown-plaid-crafty-chestnut\\\/#breadcrumb\",\"itemListElement\":[{\"@type\":\"ListItem\",\"position\":1,\"name\":\"Boutique\",\"item\":\"https:\\\/\\\/cozydeco.be\\\/fr\\\/boutique\\\/\"},{\"@type\":\"ListItem\",\"position\":2,\"name\":\"Plaid brun Malagoon &#8211; Crafty chestnut\"}]},{\"@type\":\"WebSite\",\"@id\":\"https:\\\/\\\/cozydeco.be\\\/fr\\\/#website\",\"url\":\"https:\\\/\\\/cozydeco.be\\\/fr\\\/\",\"name\":\"cozydeco.be\",\"description\":\"voor meer sfeer, zachtheid en warmte in huis\",\"publisher\":{\"@id\":\"https:\\\/\\\/cozydeco.be\\\/fr\\\/#organization\"},\"alternateName\":\"Cozy deco\",\"potentialAction\":[{\"@type\":\"SearchAction\",\"target\":{\"@type\":\"EntryPoint\",\"urlTemplate\":\"https:\\\/\\\/cozydeco.be\\\/fr\\\/?s={search_term_string}\"},\"query-input\":{\"@type\":\"PropertyValueSpecification\",\"valueRequired\":true,\"valueName\":\"search_term_string\"}}],\"inLanguage\":\"fr-FR\"},{\"@type\":\"Organization\",\"@id\":\"https:\\\/\\\/cozydeco.be\\\/fr\\\/#organization\",\"name\":\"Cozy Deco\",\"alternateName\":\"Cozydeco.be\",\"url\":\"https:\\\/\\\/cozydeco.be\\\/fr\\\/\",\"logo\":{\"@type\":\"ImageObject\",\"inLanguage\":\"fr-FR\",\"@id\":\"https:\\\/\\\/cozydeco.be\\\/fr\\\/#\\\/schema\\\/logo\\\/image\\\/\",\"url\":\"https:\\\/\\\/cozydeco.be\\\/wp-content\\\/uploads\\\/2023\\\/06\\\/cropped-cozydeco-logo-blauw-zonder-slogan-3.png\",\"contentUrl\":\"https:\\\/\\\/cozydeco.be\\\/wp-content\\\/uploads\\\/2023\\\/06\\\/cropped-cozydeco-logo-blauw-zonder-slogan-3.png\",\"width\":500,\"height\":499,\"caption\":\"Cozy Deco\"},\"image\":{\"@id\":\"https:\\\/\\\/cozydeco.be\\\/fr\\\/#\\\/schema\\\/logo\\\/image\\\/\"},\"sameAs\":[\"https:\\\/\\\/www.facebook.com\\\/cozydeco.be\",\"https:\\\/\\\/www.instagram.com\\\/cozydeco.be\\\/\"]}]}<\/script>\n<!-- \/ Yoast SEO plugin. -->","yoast_head_json":{"title":"Cozy Deco | plaid marron d'une douceur inou\u00efe de Malagoon","description":"plaid brun Tribal by Malagoon : magnifiquement tiss\u00e9 - structure originale - jolies franges - merveilleusement doux - convient \u00e0 tous les int\u00e9rieurs et \u00e0 toutes les saisons - 150x125 cm","robots":{"index":"index","follow":"follow","max-snippet":"max-snippet:-1","max-image-preview":"max-image-preview:large","max-video-preview":"max-video-preview:-1"},"canonical":"https:\/\/cozydeco.be\/fr\/produit\/malagoon-brown-plaid-crafty-chestnut\/","og_locale":"fr_FR","og_type":"article","og_title":"Cozy Deco | plaid marron d'une douceur inou\u00efe de Malagoon","og_description":"plaid brun Tribal by Malagoon : magnifiquement tiss\u00e9 - structure originale - jolies franges - merveilleusement doux - convient \u00e0 tous les int\u00e9rieurs et \u00e0 toutes les saisons - 150x125 cm","og_url":"https:\/\/cozydeco.be\/fr\/produit\/malagoon-brown-plaid-crafty-chestnut\/","og_site_name":"cozydeco.be","article_publisher":"https:\/\/www.facebook.com\/cozydeco.be","article_modified_time":"2024-10-02T15:29:37+00:00","og_image":[{"width":1000,"height":1000,"url":"https:\/\/cozydeco.be\/wp-content\/uploads\/2023\/10\/cozydeco-malagoon-plaid-bruin-crafty-chestnut2.jpg","type":"image\/jpeg"}],"twitter_card":"summary_large_image","twitter_misc":{"Dur\u00e9e de lecture estim\u00e9e":"2 minutes"},"schema":{"@context":"https:\/\/schema.org","@graph":[{"@type":"WebPage","@id":"https:\/\/cozydeco.be\/fr\/produit\/malagoon-brown-plaid-crafty-chestnut\/","url":"https:\/\/cozydeco.be\/fr\/produit\/malagoon-brown-plaid-crafty-chestnut\/","name":"Cozy Deco | plaid marron d'une douceur inou\u00efe de Malagoon","isPartOf":{"@id":"https:\/\/cozydeco.be\/fr\/#website"},"primaryImageOfPage":{"@id":"https:\/\/cozydeco.be\/fr\/produit\/malagoon-brown-plaid-crafty-chestnut\/#primaryimage"},"image":{"@id":"https:\/\/cozydeco.be\/fr\/produit\/malagoon-brown-plaid-crafty-chestnut\/#primaryimage"},"thumbnailUrl":"https:\/\/cozydeco.be\/wp-content\/uploads\/2023\/10\/cozydeco-malagoon-plaid-bruin-crafty-chestnut2.jpg","datePublished":"2023-10-25T12:57:36+00:00","dateModified":"2024-10-02T15:29:37+00:00","description":"plaid brun Tribal by Malagoon : magnifiquement tiss\u00e9 - structure originale - jolies franges - merveilleusement doux - convient \u00e0 tous les int\u00e9rieurs et \u00e0 toutes les saisons - 150x125 cm","breadcrumb":{"@id":"https:\/\/cozydeco.be\/fr\/produit\/malagoon-brown-plaid-crafty-chestnut\/#breadcrumb"},"inLanguage":"fr-FR","potentialAction":[{"@type":"ReadAction","target":["https:\/\/cozydeco.be\/fr\/produit\/malagoon-brown-plaid-crafty-chestnut\/"]}]},{"@type":"ImageObject","inLanguage":"fr-FR","@id":"https:\/\/cozydeco.be\/fr\/produit\/malagoon-brown-plaid-crafty-chestnut\/#primaryimage","url":"https:\/\/cozydeco.be\/wp-content\/uploads\/2023\/10\/cozydeco-malagoon-plaid-bruin-crafty-chestnut2.jpg","contentUrl":"https:\/\/cozydeco.be\/wp-content\/uploads\/2023\/10\/cozydeco-malagoon-plaid-bruin-crafty-chestnut2.jpg","width":1000,"height":1000,"caption":"bruine plaid van Malagoon - Crafty chestnut"},{"@type":"BreadcrumbList","@id":"https:\/\/cozydeco.be\/fr\/produit\/malagoon-brown-plaid-crafty-chestnut\/#breadcrumb","itemListElement":[{"@type":"ListItem","position":1,"name":"Boutique","item":"https:\/\/cozydeco.be\/fr\/boutique\/"},{"@type":"ListItem","position":2,"name":"Plaid brun Malagoon &#8211; Crafty chestnut"}]},{"@type":"WebSite","@id":"https:\/\/cozydeco.be\/fr\/#website","url":"https:\/\/cozydeco.be\/fr\/","name":"cozydeco.be","description":"voor meer sfeer, zachtheid en warmte in huis","publisher":{"@id":"https:\/\/cozydeco.be\/fr\/#organization"},"alternateName":"Cozy deco","potentialAction":[{"@type":"SearchAction","target":{"@type":"EntryPoint","urlTemplate":"https:\/\/cozydeco.be\/fr\/?s={search_term_string}"},"query-input":{"@type":"PropertyValueSpecification","valueRequired":true,"valueName":"search_term_string"}}],"inLanguage":"fr-FR"},{"@type":"Organization","@id":"https:\/\/cozydeco.be\/fr\/#organization","name":"Cozy Deco","alternateName":"Cozydeco.be","url":"https:\/\/cozydeco.be\/fr\/","logo":{"@type":"ImageObject","inLanguage":"fr-FR","@id":"https:\/\/cozydeco.be\/fr\/#\/schema\/logo\/image\/","url":"https:\/\/cozydeco.be\/wp-content\/uploads\/2023\/06\/cropped-cozydeco-logo-blauw-zonder-slogan-3.png","contentUrl":"https:\/\/cozydeco.be\/wp-content\/uploads\/2023\/06\/cropped-cozydeco-logo-blauw-zonder-slogan-3.png","width":500,"height":499,"caption":"Cozy Deco"},"image":{"@id":"https:\/\/cozydeco.be\/fr\/#\/schema\/logo\/image\/"},"sameAs":["https:\/\/www.facebook.com\/cozydeco.be","https:\/\/www.instagram.com\/cozydeco.be\/"]}]}},"brands":[{"id":155,"name":"Malagoon","slug":"malagoon-fr"}],"_links":{"self":[{"href":"https:\/\/cozydeco.be\/fr\/wp-json\/wp\/v2\/product\/5934","targetHints":{"allow":["GET"]}}],"collection":[{"href":"https:\/\/cozydeco.be\/fr\/wp-json\/wp\/v2\/product"}],"about":[{"href":"https:\/\/cozydeco.be\/fr\/wp-json\/wp\/v2\/types\/product"}],"wp:featuredmedia":[{"embeddable":true,"href":"https:\/\/cozydeco.be\/fr\/wp-json\/wp\/v2\/media\/5924"}],"wp:attachment":[{"href":"https:\/\/cozydeco.be\/fr\/wp-json\/wp\/v2\/media?parent=5934"}],"wp:term":[{"taxonomy":"pwb-brand","embeddable":true,"href":"https:\/\/cozydeco.be\/fr\/wp-json\/wp\/v2\/pwb-brand?post=5934"},{"taxonomy":"product_brand","embeddable":true,"href":"https:\/\/cozydeco.be\/fr\/wp-json\/wp\/v2\/product_brand?post=5934"},{"taxonomy":"product_cat","embeddable":true,"href":"https:\/\/cozydeco.be\/fr\/wp-json\/wp\/v2\/product_cat?post=5934"},{"taxonomy":"product_tag","embeddable":true,"href":"https:\/\/cozydeco.be\/fr\/wp-json\/wp\/v2\/product_tag?post=5934"}],"curies":[{"name":"wp","href":"https:\/\/api.w.org\/{rel}","templated":true}]}}