{"id":5223,"date":"2023-06-21T19:23:05","date_gmt":"2023-06-21T19:23:05","guid":{"rendered":"https:\/\/cozydeco.be\/?post_type=product&p=5223"},"modified":"2023-06-21T19:23:05","modified_gmt":"2023-06-21T19:23:05","slug":"gusta-vase-spherique-noir-en-verre","status":"publish","type":"product","link":"https:\/\/cozydeco.be\/fr\/produit\/gusta-vase-spherique-noir-en-verre\/","title":{"rendered":"Gusta vase noir sph\u00e9rique en verre"},"content":{"rendered":"<p>Le vase en verre de Gusta est noir mat et a un aspect moderne avec sa forme convexe mais \u00e9pur\u00e9e. Ce vase sph\u00e9rique Gusta est intemporel mais s&#8217;adapte \u00e0 tous les int\u00e9rieurs. Un bouquet ludique, des fleurs simples ou des fleurs s\u00e9ch\u00e9es beiges (ou des plumes de pampa) sont tr\u00e8s beaux dans ce vase noir intemporel.<br \/>\nSelon le choix et la couleur de vos fleurs, ce vase peut \u00eatre utilis\u00e9 \u00e0 chaque saison. Ce vase Gusta se combine magnifiquement avec plusieurs autres mod\u00e8les en verre ou en c\u00e9ramique de Gusta, comme le <a href=\"https:\/\/cozydeco.be\/nl\/product\/gusta-zwarte-glazen-vaas-hoog-model\/\" target=\"_blank\" rel=\"noopener\">mod\u00e8le haut.<\/a> Il est agr\u00e9able de cr\u00e9er sa propre combinaison originale. Laissez-vous inspirer par les photos sur notre boutique en ligne.<\/p>\n<p>marque: <a href=\"https:\/\/cozydeco.be\/nl\/brand\/gusta\/\" target=\"_blank\" rel=\"noopener\">Oohh<\/a> <\/p>\n","protected":false},"excerpt":{"rendered":"<p>Le vase en verre de Gusta est noir mat et a un aspect moderne avec sa forme convexe mais \u00e9pur\u00e9e.<br \/>\nCe vase sph\u00e9rique Gusta est intemporel mais s&#8217;adapte \u00e0 tous les int\u00e9rieurs.<\/p>\n<p>dimensions: 15 x 15 x 13 cm<\/p>\n","protected":false},"featured_media":7446,"template":"","meta":[],"pwb-brand":[216],"product_brand":[],"product_cat":[293],"product_tag":[],"class_list":{"0":"post-5223","1":"product","2":"type-product","3":"status-publish","4":"has-post-thumbnail","6":"pwb-brand-gusta-fr","7":"product_cat-vases","9":"first","10":"instock","11":"taxable","12":"shipping-taxable","13":"purchasable","14":"product-type-simple"},"yoast_head":"<!-- This site is optimized with the Yoast SEO plugin v27.3 - https:\/\/yoast.com\/product\/yoast-seo-wordpress\/ -->\n<title>Gusta vase noir sph\u00e9rique en verre - cozydeco.be<\/title>\n<meta name=\"description\" content=\"Gusta vase noir mat moderne en verre | Combinez-le avec ces autres vases noirs de Gusta en verre ou en c\u00e9ramique. De vrais must-haves pour votre maison! De v\u00e9ritables must have pour la maison !\" \/>\n<meta name=\"robots\" content=\"index, follow, max-snippet:-1, max-image-preview:large, max-video-preview:-1\" \/>\n<link rel=\"canonical\" href=\"https:\/\/cozydeco.be\/fr\/produit\/gusta-vase-spherique-noir-en-verre\/\" \/>\n<meta property=\"og:locale\" content=\"fr_FR\" \/>\n<meta property=\"og:type\" content=\"article\" \/>\n<meta property=\"og:title\" content=\"Gusta vase noir sph\u00e9rique en verre - cozydeco.be\" \/>\n<meta property=\"og:description\" content=\"Gusta vase noir mat moderne en verre | Combinez-le avec ces autres vases noirs de Gusta en verre ou en c\u00e9ramique. De vrais must-haves pour votre maison! De v\u00e9ritables must have pour la maison !\" \/>\n<meta property=\"og:url\" content=\"https:\/\/cozydeco.be\/fr\/produit\/gusta-vase-spherique-noir-en-verre\/\" \/>\n<meta property=\"og:site_name\" content=\"cozydeco.be\" \/>\n<meta property=\"article:publisher\" content=\"https:\/\/www.facebook.com\/cozydeco.be\" \/>\n<meta property=\"og:image\" content=\"https:\/\/cozydeco.be\/wp-content\/uploads\/2023\/06\/cozydeco-gusta-bolvormige-vaas-vase-spherique-zwart-noir-01-1-scaled.jpg\" \/>\n\t<meta property=\"og:image:width\" content=\"2560\" \/>\n\t<meta property=\"og:image:height\" content=\"2560\" \/>\n\t<meta property=\"og:image:type\" content=\"image\/jpeg\" \/>\n<meta name=\"twitter:card\" content=\"summary_large_image\" \/>\n<meta name=\"twitter:label1\" content=\"Dur\u00e9e de lecture estim\u00e9e\" \/>\n\t<meta name=\"twitter:data1\" content=\"1 minute\" \/>\n<script type=\"application\/ld+json\" class=\"yoast-schema-graph\">{\"@context\":\"https:\\\/\\\/schema.org\",\"@graph\":[{\"@type\":\"WebPage\",\"@id\":\"https:\\\/\\\/cozydeco.be\\\/fr\\\/produit\\\/gusta-vase-spherique-noir-en-verre\\\/\",\"url\":\"https:\\\/\\\/cozydeco.be\\\/fr\\\/produit\\\/gusta-vase-spherique-noir-en-verre\\\/\",\"name\":\"Gusta vase noir sph\u00e9rique en verre - cozydeco.be\",\"isPartOf\":{\"@id\":\"https:\\\/\\\/cozydeco.be\\\/fr\\\/#website\"},\"primaryImageOfPage\":{\"@id\":\"https:\\\/\\\/cozydeco.be\\\/fr\\\/produit\\\/gusta-vase-spherique-noir-en-verre\\\/#primaryimage\"},\"image\":{\"@id\":\"https:\\\/\\\/cozydeco.be\\\/fr\\\/produit\\\/gusta-vase-spherique-noir-en-verre\\\/#primaryimage\"},\"thumbnailUrl\":\"https:\\\/\\\/cozydeco.be\\\/wp-content\\\/uploads\\\/2023\\\/06\\\/cozydeco-gusta-bolvormige-vaas-vase-spherique-zwart-noir-01-1-scaled.jpg\",\"datePublished\":\"2023-06-21T19:23:05+00:00\",\"description\":\"Gusta vase noir mat moderne en verre | Combinez-le avec ces autres vases noirs de Gusta en verre ou en c\u00e9ramique. De vrais must-haves pour votre maison! De v\u00e9ritables must have pour la maison !\",\"breadcrumb\":{\"@id\":\"https:\\\/\\\/cozydeco.be\\\/fr\\\/produit\\\/gusta-vase-spherique-noir-en-verre\\\/#breadcrumb\"},\"inLanguage\":\"fr-FR\",\"potentialAction\":[{\"@type\":\"ReadAction\",\"target\":[\"https:\\\/\\\/cozydeco.be\\\/fr\\\/produit\\\/gusta-vase-spherique-noir-en-verre\\\/\"]}]},{\"@type\":\"ImageObject\",\"inLanguage\":\"fr-FR\",\"@id\":\"https:\\\/\\\/cozydeco.be\\\/fr\\\/produit\\\/gusta-vase-spherique-noir-en-verre\\\/#primaryimage\",\"url\":\"https:\\\/\\\/cozydeco.be\\\/wp-content\\\/uploads\\\/2023\\\/06\\\/cozydeco-gusta-bolvormige-vaas-vase-spherique-zwart-noir-01-1-scaled.jpg\",\"contentUrl\":\"https:\\\/\\\/cozydeco.be\\\/wp-content\\\/uploads\\\/2023\\\/06\\\/cozydeco-gusta-bolvormige-vaas-vase-spherique-zwart-noir-01-1-scaled.jpg\",\"width\":2560,\"height\":2560},{\"@type\":\"BreadcrumbList\",\"@id\":\"https:\\\/\\\/cozydeco.be\\\/fr\\\/produit\\\/gusta-vase-spherique-noir-en-verre\\\/#breadcrumb\",\"itemListElement\":[{\"@type\":\"ListItem\",\"position\":1,\"name\":\"Boutique\",\"item\":\"https:\\\/\\\/cozydeco.be\\\/fr\\\/boutique\\\/\"},{\"@type\":\"ListItem\",\"position\":2,\"name\":\"Priv\u00e9: Gusta vase noir sph\u00e9rique en verre\"}]},{\"@type\":\"WebSite\",\"@id\":\"https:\\\/\\\/cozydeco.be\\\/fr\\\/#website\",\"url\":\"https:\\\/\\\/cozydeco.be\\\/fr\\\/\",\"name\":\"cozydeco.be\",\"description\":\"voor meer sfeer, zachtheid en warmte in huis\",\"publisher\":{\"@id\":\"https:\\\/\\\/cozydeco.be\\\/fr\\\/#organization\"},\"alternateName\":\"Cozy deco\",\"potentialAction\":[{\"@type\":\"SearchAction\",\"target\":{\"@type\":\"EntryPoint\",\"urlTemplate\":\"https:\\\/\\\/cozydeco.be\\\/fr\\\/?s={search_term_string}\"},\"query-input\":{\"@type\":\"PropertyValueSpecification\",\"valueRequired\":true,\"valueName\":\"search_term_string\"}}],\"inLanguage\":\"fr-FR\"},{\"@type\":\"Organization\",\"@id\":\"https:\\\/\\\/cozydeco.be\\\/fr\\\/#organization\",\"name\":\"Cozy Deco\",\"alternateName\":\"Cozydeco.be\",\"url\":\"https:\\\/\\\/cozydeco.be\\\/fr\\\/\",\"logo\":{\"@type\":\"ImageObject\",\"inLanguage\":\"fr-FR\",\"@id\":\"https:\\\/\\\/cozydeco.be\\\/fr\\\/#\\\/schema\\\/logo\\\/image\\\/\",\"url\":\"https:\\\/\\\/cozydeco.be\\\/wp-content\\\/uploads\\\/2023\\\/06\\\/cropped-cozydeco-logo-blauw-zonder-slogan-3.png\",\"contentUrl\":\"https:\\\/\\\/cozydeco.be\\\/wp-content\\\/uploads\\\/2023\\\/06\\\/cropped-cozydeco-logo-blauw-zonder-slogan-3.png\",\"width\":500,\"height\":499,\"caption\":\"Cozy Deco\"},\"image\":{\"@id\":\"https:\\\/\\\/cozydeco.be\\\/fr\\\/#\\\/schema\\\/logo\\\/image\\\/\"},\"sameAs\":[\"https:\\\/\\\/www.facebook.com\\\/cozydeco.be\",\"https:\\\/\\\/www.instagram.com\\\/cozydeco.be\\\/\"]}]}<\/script>\n<!-- \/ Yoast SEO plugin. -->","yoast_head_json":{"title":"Gusta vase noir sph\u00e9rique en verre - cozydeco.be","description":"Gusta vase noir mat moderne en verre | Combinez-le avec ces autres vases noirs de Gusta en verre ou en c\u00e9ramique. De vrais must-haves pour votre maison! De v\u00e9ritables must have pour la maison !","robots":{"index":"index","follow":"follow","max-snippet":"max-snippet:-1","max-image-preview":"max-image-preview:large","max-video-preview":"max-video-preview:-1"},"canonical":"https:\/\/cozydeco.be\/fr\/produit\/gusta-vase-spherique-noir-en-verre\/","og_locale":"fr_FR","og_type":"article","og_title":"Gusta vase noir sph\u00e9rique en verre - cozydeco.be","og_description":"Gusta vase noir mat moderne en verre | Combinez-le avec ces autres vases noirs de Gusta en verre ou en c\u00e9ramique. De vrais must-haves pour votre maison! De v\u00e9ritables must have pour la maison !","og_url":"https:\/\/cozydeco.be\/fr\/produit\/gusta-vase-spherique-noir-en-verre\/","og_site_name":"cozydeco.be","article_publisher":"https:\/\/www.facebook.com\/cozydeco.be","og_image":[{"width":2560,"height":2560,"url":"https:\/\/cozydeco.be\/wp-content\/uploads\/2023\/06\/cozydeco-gusta-bolvormige-vaas-vase-spherique-zwart-noir-01-1-scaled.jpg","type":"image\/jpeg"}],"twitter_card":"summary_large_image","twitter_misc":{"Dur\u00e9e de lecture estim\u00e9e":"1 minute"},"schema":{"@context":"https:\/\/schema.org","@graph":[{"@type":"WebPage","@id":"https:\/\/cozydeco.be\/fr\/produit\/gusta-vase-spherique-noir-en-verre\/","url":"https:\/\/cozydeco.be\/fr\/produit\/gusta-vase-spherique-noir-en-verre\/","name":"Gusta vase noir sph\u00e9rique en verre - cozydeco.be","isPartOf":{"@id":"https:\/\/cozydeco.be\/fr\/#website"},"primaryImageOfPage":{"@id":"https:\/\/cozydeco.be\/fr\/produit\/gusta-vase-spherique-noir-en-verre\/#primaryimage"},"image":{"@id":"https:\/\/cozydeco.be\/fr\/produit\/gusta-vase-spherique-noir-en-verre\/#primaryimage"},"thumbnailUrl":"https:\/\/cozydeco.be\/wp-content\/uploads\/2023\/06\/cozydeco-gusta-bolvormige-vaas-vase-spherique-zwart-noir-01-1-scaled.jpg","datePublished":"2023-06-21T19:23:05+00:00","description":"Gusta vase noir mat moderne en verre | Combinez-le avec ces autres vases noirs de Gusta en verre ou en c\u00e9ramique. De vrais must-haves pour votre maison! De v\u00e9ritables must have pour la maison !","breadcrumb":{"@id":"https:\/\/cozydeco.be\/fr\/produit\/gusta-vase-spherique-noir-en-verre\/#breadcrumb"},"inLanguage":"fr-FR","potentialAction":[{"@type":"ReadAction","target":["https:\/\/cozydeco.be\/fr\/produit\/gusta-vase-spherique-noir-en-verre\/"]}]},{"@type":"ImageObject","inLanguage":"fr-FR","@id":"https:\/\/cozydeco.be\/fr\/produit\/gusta-vase-spherique-noir-en-verre\/#primaryimage","url":"https:\/\/cozydeco.be\/wp-content\/uploads\/2023\/06\/cozydeco-gusta-bolvormige-vaas-vase-spherique-zwart-noir-01-1-scaled.jpg","contentUrl":"https:\/\/cozydeco.be\/wp-content\/uploads\/2023\/06\/cozydeco-gusta-bolvormige-vaas-vase-spherique-zwart-noir-01-1-scaled.jpg","width":2560,"height":2560},{"@type":"BreadcrumbList","@id":"https:\/\/cozydeco.be\/fr\/produit\/gusta-vase-spherique-noir-en-verre\/#breadcrumb","itemListElement":[{"@type":"ListItem","position":1,"name":"Boutique","item":"https:\/\/cozydeco.be\/fr\/boutique\/"},{"@type":"ListItem","position":2,"name":"Priv\u00e9: Gusta vase noir sph\u00e9rique en verre"}]},{"@type":"WebSite","@id":"https:\/\/cozydeco.be\/fr\/#website","url":"https:\/\/cozydeco.be\/fr\/","name":"cozydeco.be","description":"voor meer sfeer, zachtheid en warmte in huis","publisher":{"@id":"https:\/\/cozydeco.be\/fr\/#organization"},"alternateName":"Cozy deco","potentialAction":[{"@type":"SearchAction","target":{"@type":"EntryPoint","urlTemplate":"https:\/\/cozydeco.be\/fr\/?s={search_term_string}"},"query-input":{"@type":"PropertyValueSpecification","valueRequired":true,"valueName":"search_term_string"}}],"inLanguage":"fr-FR"},{"@type":"Organization","@id":"https:\/\/cozydeco.be\/fr\/#organization","name":"Cozy Deco","alternateName":"Cozydeco.be","url":"https:\/\/cozydeco.be\/fr\/","logo":{"@type":"ImageObject","inLanguage":"fr-FR","@id":"https:\/\/cozydeco.be\/fr\/#\/schema\/logo\/image\/","url":"https:\/\/cozydeco.be\/wp-content\/uploads\/2023\/06\/cropped-cozydeco-logo-blauw-zonder-slogan-3.png","contentUrl":"https:\/\/cozydeco.be\/wp-content\/uploads\/2023\/06\/cropped-cozydeco-logo-blauw-zonder-slogan-3.png","width":500,"height":499,"caption":"Cozy Deco"},"image":{"@id":"https:\/\/cozydeco.be\/fr\/#\/schema\/logo\/image\/"},"sameAs":["https:\/\/www.facebook.com\/cozydeco.be","https:\/\/www.instagram.com\/cozydeco.be\/"]}]}},"brands":[{"id":216,"name":"Gusta","slug":"gusta-fr"}],"_links":{"self":[{"href":"https:\/\/cozydeco.be\/fr\/wp-json\/wp\/v2\/product\/5223","targetHints":{"allow":["GET"]}}],"collection":[{"href":"https:\/\/cozydeco.be\/fr\/wp-json\/wp\/v2\/product"}],"about":[{"href":"https:\/\/cozydeco.be\/fr\/wp-json\/wp\/v2\/types\/product"}],"wp:featuredmedia":[{"embeddable":true,"href":"https:\/\/cozydeco.be\/fr\/wp-json\/wp\/v2\/media\/7446"}],"wp:attachment":[{"href":"https:\/\/cozydeco.be\/fr\/wp-json\/wp\/v2\/media?parent=5223"}],"wp:term":[{"taxonomy":"pwb-brand","embeddable":true,"href":"https:\/\/cozydeco.be\/fr\/wp-json\/wp\/v2\/pwb-brand?post=5223"},{"taxonomy":"product_brand","embeddable":true,"href":"https:\/\/cozydeco.be\/fr\/wp-json\/wp\/v2\/product_brand?post=5223"},{"taxonomy":"product_cat","embeddable":true,"href":"https:\/\/cozydeco.be\/fr\/wp-json\/wp\/v2\/product_cat?post=5223"},{"taxonomy":"product_tag","embeddable":true,"href":"https:\/\/cozydeco.be\/fr\/wp-json\/wp\/v2\/product_tag?post=5223"}],"curies":[{"name":"wp","href":"https:\/\/api.w.org\/{rel}","templated":true}]}}