{"id":3104,"date":"2023-06-21T19:23:09","date_gmt":"2023-06-21T19:23:09","guid":{"rendered":"https:\/\/cozydeco.be\/product\/gusta-presentoir-original-en-bambou-et-metal-noir-grand-modele\/"},"modified":"2023-06-21T19:23:09","modified_gmt":"2023-06-21T19:23:09","slug":"gusta-presentoir-bois-metal-grand-modele","status":"publish","type":"product","link":"https:\/\/cozydeco.be\/fr\/produit\/gusta-presentoir-bois-metal-grand-modele\/","title":{"rendered":"Gusta pr\u00e9sentoir original en bambou et m\u00e9tal noir (grand mod\u00e8le)"},"content":{"rendered":"<p><strong>Informations:<\/strong><\/p>\n<p>D\u00e9couvrez set de service original en bois et m\u00e9tal (taupe) de Gusta. Avec cette \u00e9l\u00e9gante \u00e9tag\u00e8re (tour de service) en m\u00e9tal taupe avec 4 \u00e9tag\u00e8res rondes en bambou de Gusta, vous ferez impression lors d&#8217;un th\u00e9 ou d&#8217;un ap\u00e9ritif entre amis. Cette tour de service est un gadget original et une b<strong>elle alternative \u00e0 une assiette ou un plateau de service.<\/strong> Avez-vous vu le bracelet en cuir? Sur ces 4 planches en bambou, il y a suffisamment de place pour les fromages, les g\u00e2teaux ou les tapas. Tout se pr\u00e9sente avec beaucoup de go\u00fbt et d&#8217;\u00e9l\u00e9gance.<br \/>\nDCette \u00e9tag\u00e8re existe \u00e9galement dans un mod\u00e8le plus petit avec 3 \u00e9tag\u00e8res en bambou. Parfait pour un t\u00eate-\u00e0-t\u00eate romantique!<br \/>\nSur ces 4 planches en bambou, il y a suffisamment de place pour les fromages, les g\u00e2teaux ou les tapas.<\/p>\n<p>Marque: <a href=\"https:\/\/cozydeco.be\/nl\/brand\/gusta\/\">Gusta<\/a><\/p>\n","protected":false},"excerpt":{"rendered":"<p>Joli accessoire pour une soir\u00e9e tapas ou un apr\u00e8s-midi avec th\u00e9: choisissez ce pr\u00e9sentoir originale<\/p>\n<p>dimensions: 16 x 16 x 36 cm<\/p>\n","protected":false},"featured_media":3094,"template":"","meta":[],"pwb-brand":[216],"product_brand":[],"product_cat":[87,221,254],"product_tag":[],"class_list":{"0":"post-3104","1":"product","2":"type-product","3":"status-publish","4":"has-post-thumbnail","6":"pwb-brand-gusta-fr","7":"product_cat-bols-et-saladiers","8":"product_cat-cadeau-fete-des-peres","9":"product_cat-cadeau-pour-un-souper-une-fete","11":"first","12":"instock","13":"taxable","14":"shipping-taxable","15":"purchasable","16":"product-type-simple"},"yoast_head":"<!-- This site is optimized with the Yoast SEO plugin v27.3 - https:\/\/yoast.com\/product\/yoast-seo-wordpress\/ -->\n<title>Gusta pr\u00e9sentoir original en bambou et m\u00e9tal noir (grand mod\u00e8le) - cozydeco.be<\/title>\n<meta name=\"description\" content=\"Gusta | joli pr\u00e9sentoir - \u00e9tag\u00e8re en bois et m\u00e9tal pour tapas - pour une soir\u00e9e tapas ou un apr\u00e8s-midi avec th\u00e9: choisissez ce pr\u00e9sentoir originale! D\u00e9couvrez les nouveaux accessoires de table de Gusta chez Cozy Deco.\" \/>\n<meta name=\"robots\" content=\"index, follow, max-snippet:-1, max-image-preview:large, max-video-preview:-1\" \/>\n<link rel=\"canonical\" href=\"https:\/\/cozydeco.be\/fr\/produit\/gusta-presentoir-bois-metal-grand-modele\/\" \/>\n<meta property=\"og:locale\" content=\"fr_FR\" \/>\n<meta property=\"og:type\" content=\"article\" \/>\n<meta property=\"og:title\" content=\"Gusta pr\u00e9sentoir original en bambou et m\u00e9tal noir (grand mod\u00e8le) - cozydeco.be\" \/>\n<meta property=\"og:description\" content=\"Gusta | joli pr\u00e9sentoir - \u00e9tag\u00e8re en bois et m\u00e9tal pour tapas - pour une soir\u00e9e tapas ou un apr\u00e8s-midi avec th\u00e9: choisissez ce pr\u00e9sentoir originale! D\u00e9couvrez les nouveaux accessoires de table de Gusta chez Cozy Deco.\" \/>\n<meta property=\"og:url\" content=\"https:\/\/cozydeco.be\/fr\/produit\/gusta-presentoir-bois-metal-grand-modele\/\" \/>\n<meta property=\"og:site_name\" content=\"cozydeco.be\" \/>\n<meta property=\"article:publisher\" content=\"https:\/\/www.facebook.com\/cozydeco.be\" \/>\n<meta property=\"og:image\" content=\"https:\/\/cozydeco.be\/wp-content\/uploads\/2023\/06\/cozydeco-gusta-serveerset-planchedeservice-02.jpg\" \/>\n\t<meta property=\"og:image:width\" content=\"500\" \/>\n\t<meta property=\"og:image:height\" content=\"500\" \/>\n\t<meta property=\"og:image:type\" content=\"image\/jpeg\" \/>\n<meta name=\"twitter:card\" content=\"summary_large_image\" \/>\n<meta name=\"twitter:label1\" content=\"Dur\u00e9e de lecture estim\u00e9e\" \/>\n\t<meta name=\"twitter:data1\" content=\"1 minute\" \/>\n<script type=\"application\/ld+json\" class=\"yoast-schema-graph\">{\"@context\":\"https:\\\/\\\/schema.org\",\"@graph\":[{\"@type\":\"WebPage\",\"@id\":\"https:\\\/\\\/cozydeco.be\\\/fr\\\/produit\\\/gusta-presentoir-bois-metal-grand-modele\\\/\",\"url\":\"https:\\\/\\\/cozydeco.be\\\/fr\\\/produit\\\/gusta-presentoir-bois-metal-grand-modele\\\/\",\"name\":\"Gusta pr\u00e9sentoir original en bambou et m\u00e9tal noir (grand mod\u00e8le) - cozydeco.be\",\"isPartOf\":{\"@id\":\"https:\\\/\\\/cozydeco.be\\\/fr\\\/#website\"},\"primaryImageOfPage\":{\"@id\":\"https:\\\/\\\/cozydeco.be\\\/fr\\\/produit\\\/gusta-presentoir-bois-metal-grand-modele\\\/#primaryimage\"},\"image\":{\"@id\":\"https:\\\/\\\/cozydeco.be\\\/fr\\\/produit\\\/gusta-presentoir-bois-metal-grand-modele\\\/#primaryimage\"},\"thumbnailUrl\":\"https:\\\/\\\/cozydeco.be\\\/wp-content\\\/uploads\\\/2023\\\/06\\\/cozydeco-gusta-serveerset-planchedeservice-02.jpg\",\"datePublished\":\"2023-06-21T19:23:09+00:00\",\"description\":\"Gusta | joli pr\u00e9sentoir - \u00e9tag\u00e8re en bois et m\u00e9tal pour tapas - pour une soir\u00e9e tapas ou un apr\u00e8s-midi avec th\u00e9: choisissez ce pr\u00e9sentoir originale! D\u00e9couvrez les nouveaux accessoires de table de Gusta chez Cozy Deco.\",\"breadcrumb\":{\"@id\":\"https:\\\/\\\/cozydeco.be\\\/fr\\\/produit\\\/gusta-presentoir-bois-metal-grand-modele\\\/#breadcrumb\"},\"inLanguage\":\"fr-FR\",\"potentialAction\":[{\"@type\":\"ReadAction\",\"target\":[\"https:\\\/\\\/cozydeco.be\\\/fr\\\/produit\\\/gusta-presentoir-bois-metal-grand-modele\\\/\"]}]},{\"@type\":\"ImageObject\",\"inLanguage\":\"fr-FR\",\"@id\":\"https:\\\/\\\/cozydeco.be\\\/fr\\\/produit\\\/gusta-presentoir-bois-metal-grand-modele\\\/#primaryimage\",\"url\":\"https:\\\/\\\/cozydeco.be\\\/wp-content\\\/uploads\\\/2023\\\/06\\\/cozydeco-gusta-serveerset-planchedeservice-02.jpg\",\"contentUrl\":\"https:\\\/\\\/cozydeco.be\\\/wp-content\\\/uploads\\\/2023\\\/06\\\/cozydeco-gusta-serveerset-planchedeservice-02.jpg\",\"width\":500,\"height\":500,\"caption\":\"Gusta serveertoren\"},{\"@type\":\"BreadcrumbList\",\"@id\":\"https:\\\/\\\/cozydeco.be\\\/fr\\\/produit\\\/gusta-presentoir-bois-metal-grand-modele\\\/#breadcrumb\",\"itemListElement\":[{\"@type\":\"ListItem\",\"position\":1,\"name\":\"Boutique\",\"item\":\"https:\\\/\\\/cozydeco.be\\\/fr\\\/boutique\\\/\"},{\"@type\":\"ListItem\",\"position\":2,\"name\":\"Gusta pr\u00e9sentoir original en bambou et m\u00e9tal noir (grand mod\u00e8le)\"}]},{\"@type\":\"WebSite\",\"@id\":\"https:\\\/\\\/cozydeco.be\\\/fr\\\/#website\",\"url\":\"https:\\\/\\\/cozydeco.be\\\/fr\\\/\",\"name\":\"cozydeco.be\",\"description\":\"voor meer sfeer, zachtheid en warmte in huis\",\"publisher\":{\"@id\":\"https:\\\/\\\/cozydeco.be\\\/fr\\\/#organization\"},\"alternateName\":\"Cozy deco\",\"potentialAction\":[{\"@type\":\"SearchAction\",\"target\":{\"@type\":\"EntryPoint\",\"urlTemplate\":\"https:\\\/\\\/cozydeco.be\\\/fr\\\/?s={search_term_string}\"},\"query-input\":{\"@type\":\"PropertyValueSpecification\",\"valueRequired\":true,\"valueName\":\"search_term_string\"}}],\"inLanguage\":\"fr-FR\"},{\"@type\":\"Organization\",\"@id\":\"https:\\\/\\\/cozydeco.be\\\/fr\\\/#organization\",\"name\":\"Cozy Deco\",\"alternateName\":\"Cozydeco.be\",\"url\":\"https:\\\/\\\/cozydeco.be\\\/fr\\\/\",\"logo\":{\"@type\":\"ImageObject\",\"inLanguage\":\"fr-FR\",\"@id\":\"https:\\\/\\\/cozydeco.be\\\/fr\\\/#\\\/schema\\\/logo\\\/image\\\/\",\"url\":\"https:\\\/\\\/cozydeco.be\\\/wp-content\\\/uploads\\\/2023\\\/06\\\/cropped-cozydeco-logo-blauw-zonder-slogan-3.png\",\"contentUrl\":\"https:\\\/\\\/cozydeco.be\\\/wp-content\\\/uploads\\\/2023\\\/06\\\/cropped-cozydeco-logo-blauw-zonder-slogan-3.png\",\"width\":500,\"height\":499,\"caption\":\"Cozy Deco\"},\"image\":{\"@id\":\"https:\\\/\\\/cozydeco.be\\\/fr\\\/#\\\/schema\\\/logo\\\/image\\\/\"},\"sameAs\":[\"https:\\\/\\\/www.facebook.com\\\/cozydeco.be\",\"https:\\\/\\\/www.instagram.com\\\/cozydeco.be\\\/\"]}]}<\/script>\n<!-- \/ Yoast SEO plugin. -->","yoast_head_json":{"title":"Gusta pr\u00e9sentoir original en bambou et m\u00e9tal noir (grand mod\u00e8le) - cozydeco.be","description":"Gusta | joli pr\u00e9sentoir - \u00e9tag\u00e8re en bois et m\u00e9tal pour tapas - pour une soir\u00e9e tapas ou un apr\u00e8s-midi avec th\u00e9: choisissez ce pr\u00e9sentoir originale! D\u00e9couvrez les nouveaux accessoires de table de Gusta chez Cozy Deco.","robots":{"index":"index","follow":"follow","max-snippet":"max-snippet:-1","max-image-preview":"max-image-preview:large","max-video-preview":"max-video-preview:-1"},"canonical":"https:\/\/cozydeco.be\/fr\/produit\/gusta-presentoir-bois-metal-grand-modele\/","og_locale":"fr_FR","og_type":"article","og_title":"Gusta pr\u00e9sentoir original en bambou et m\u00e9tal noir (grand mod\u00e8le) - cozydeco.be","og_description":"Gusta | joli pr\u00e9sentoir - \u00e9tag\u00e8re en bois et m\u00e9tal pour tapas - pour une soir\u00e9e tapas ou un apr\u00e8s-midi avec th\u00e9: choisissez ce pr\u00e9sentoir originale! D\u00e9couvrez les nouveaux accessoires de table de Gusta chez Cozy Deco.","og_url":"https:\/\/cozydeco.be\/fr\/produit\/gusta-presentoir-bois-metal-grand-modele\/","og_site_name":"cozydeco.be","article_publisher":"https:\/\/www.facebook.com\/cozydeco.be","og_image":[{"width":500,"height":500,"url":"https:\/\/cozydeco.be\/wp-content\/uploads\/2023\/06\/cozydeco-gusta-serveerset-planchedeservice-02.jpg","type":"image\/jpeg"}],"twitter_card":"summary_large_image","twitter_misc":{"Dur\u00e9e de lecture estim\u00e9e":"1 minute"},"schema":{"@context":"https:\/\/schema.org","@graph":[{"@type":"WebPage","@id":"https:\/\/cozydeco.be\/fr\/produit\/gusta-presentoir-bois-metal-grand-modele\/","url":"https:\/\/cozydeco.be\/fr\/produit\/gusta-presentoir-bois-metal-grand-modele\/","name":"Gusta pr\u00e9sentoir original en bambou et m\u00e9tal noir (grand mod\u00e8le) - cozydeco.be","isPartOf":{"@id":"https:\/\/cozydeco.be\/fr\/#website"},"primaryImageOfPage":{"@id":"https:\/\/cozydeco.be\/fr\/produit\/gusta-presentoir-bois-metal-grand-modele\/#primaryimage"},"image":{"@id":"https:\/\/cozydeco.be\/fr\/produit\/gusta-presentoir-bois-metal-grand-modele\/#primaryimage"},"thumbnailUrl":"https:\/\/cozydeco.be\/wp-content\/uploads\/2023\/06\/cozydeco-gusta-serveerset-planchedeservice-02.jpg","datePublished":"2023-06-21T19:23:09+00:00","description":"Gusta | joli pr\u00e9sentoir - \u00e9tag\u00e8re en bois et m\u00e9tal pour tapas - pour une soir\u00e9e tapas ou un apr\u00e8s-midi avec th\u00e9: choisissez ce pr\u00e9sentoir originale! D\u00e9couvrez les nouveaux accessoires de table de Gusta chez Cozy Deco.","breadcrumb":{"@id":"https:\/\/cozydeco.be\/fr\/produit\/gusta-presentoir-bois-metal-grand-modele\/#breadcrumb"},"inLanguage":"fr-FR","potentialAction":[{"@type":"ReadAction","target":["https:\/\/cozydeco.be\/fr\/produit\/gusta-presentoir-bois-metal-grand-modele\/"]}]},{"@type":"ImageObject","inLanguage":"fr-FR","@id":"https:\/\/cozydeco.be\/fr\/produit\/gusta-presentoir-bois-metal-grand-modele\/#primaryimage","url":"https:\/\/cozydeco.be\/wp-content\/uploads\/2023\/06\/cozydeco-gusta-serveerset-planchedeservice-02.jpg","contentUrl":"https:\/\/cozydeco.be\/wp-content\/uploads\/2023\/06\/cozydeco-gusta-serveerset-planchedeservice-02.jpg","width":500,"height":500,"caption":"Gusta serveertoren"},{"@type":"BreadcrumbList","@id":"https:\/\/cozydeco.be\/fr\/produit\/gusta-presentoir-bois-metal-grand-modele\/#breadcrumb","itemListElement":[{"@type":"ListItem","position":1,"name":"Boutique","item":"https:\/\/cozydeco.be\/fr\/boutique\/"},{"@type":"ListItem","position":2,"name":"Gusta pr\u00e9sentoir original en bambou et m\u00e9tal noir (grand mod\u00e8le)"}]},{"@type":"WebSite","@id":"https:\/\/cozydeco.be\/fr\/#website","url":"https:\/\/cozydeco.be\/fr\/","name":"cozydeco.be","description":"voor meer sfeer, zachtheid en warmte in huis","publisher":{"@id":"https:\/\/cozydeco.be\/fr\/#organization"},"alternateName":"Cozy deco","potentialAction":[{"@type":"SearchAction","target":{"@type":"EntryPoint","urlTemplate":"https:\/\/cozydeco.be\/fr\/?s={search_term_string}"},"query-input":{"@type":"PropertyValueSpecification","valueRequired":true,"valueName":"search_term_string"}}],"inLanguage":"fr-FR"},{"@type":"Organization","@id":"https:\/\/cozydeco.be\/fr\/#organization","name":"Cozy Deco","alternateName":"Cozydeco.be","url":"https:\/\/cozydeco.be\/fr\/","logo":{"@type":"ImageObject","inLanguage":"fr-FR","@id":"https:\/\/cozydeco.be\/fr\/#\/schema\/logo\/image\/","url":"https:\/\/cozydeco.be\/wp-content\/uploads\/2023\/06\/cropped-cozydeco-logo-blauw-zonder-slogan-3.png","contentUrl":"https:\/\/cozydeco.be\/wp-content\/uploads\/2023\/06\/cropped-cozydeco-logo-blauw-zonder-slogan-3.png","width":500,"height":499,"caption":"Cozy Deco"},"image":{"@id":"https:\/\/cozydeco.be\/fr\/#\/schema\/logo\/image\/"},"sameAs":["https:\/\/www.facebook.com\/cozydeco.be","https:\/\/www.instagram.com\/cozydeco.be\/"]}]}},"brands":[{"id":216,"name":"Gusta","slug":"gusta-fr"}],"_links":{"self":[{"href":"https:\/\/cozydeco.be\/fr\/wp-json\/wp\/v2\/product\/3104","targetHints":{"allow":["GET"]}}],"collection":[{"href":"https:\/\/cozydeco.be\/fr\/wp-json\/wp\/v2\/product"}],"about":[{"href":"https:\/\/cozydeco.be\/fr\/wp-json\/wp\/v2\/types\/product"}],"wp:featuredmedia":[{"embeddable":true,"href":"https:\/\/cozydeco.be\/fr\/wp-json\/wp\/v2\/media\/3094"}],"wp:attachment":[{"href":"https:\/\/cozydeco.be\/fr\/wp-json\/wp\/v2\/media?parent=3104"}],"wp:term":[{"taxonomy":"pwb-brand","embeddable":true,"href":"https:\/\/cozydeco.be\/fr\/wp-json\/wp\/v2\/pwb-brand?post=3104"},{"taxonomy":"product_brand","embeddable":true,"href":"https:\/\/cozydeco.be\/fr\/wp-json\/wp\/v2\/product_brand?post=3104"},{"taxonomy":"product_cat","embeddable":true,"href":"https:\/\/cozydeco.be\/fr\/wp-json\/wp\/v2\/product_cat?post=3104"},{"taxonomy":"product_tag","embeddable":true,"href":"https:\/\/cozydeco.be\/fr\/wp-json\/wp\/v2\/product_tag?post=3104"}],"curies":[{"name":"wp","href":"https:\/\/api.w.org\/{rel}","templated":true}]}}