{"id":2735,"date":"2023-06-21T19:23:11","date_gmt":"2023-06-21T19:23:11","guid":{"rendered":"https:\/\/cozydeco.be\/product\/gusta-lampe-a-vent-12x12x15-beige\/"},"modified":"2023-06-21T19:23:11","modified_gmt":"2023-06-21T19:23:11","slug":"gusta-lampe-a-vent-12x12x15-beige","status":"publish","type":"product","link":"https:\/\/cozydeco.be\/fr\/produit\/gusta-lampe-a-vent-12x12x15-beige\/","title":{"rendered":"Gusta Lampe \u00e0 vent 12x12X15 &#8211; beige"},"content":{"rendered":"<p><strong>Informations:<\/strong><\/p>\n<p>SKU: GU23LGB16<\/p>\n<p>Cette lampe \u00e0 vent Gusta (mod\u00e8le M) est fabriqu\u00e9e en m\u00e9tal beige.<br \/>\nCette lampe \u00e0 vent est tr\u00e8s l\u00e9g\u00e8re. Vous pouvez combiner cette lampe \u00e0 vent avec d&#8217;autres formats ou placer diff\u00e9rents mod\u00e8les sur votre table pour une ambiance suppl\u00e9mentaire. ou placer diff\u00e9rents mod\u00e8les sur votre table pour une ambiance suppl\u00e9mentaire. Gr\u00e2ce \u00e0 ses nombreux trous, cette lampe \u00e0 vent donne une merveilleuse ambiance cosy lorsque vous allumez les bougies.<\/p>\n<p>Parfait pour l&#8217;int\u00e9rieur, mais aussi tr\u00e8s pratique \u00e0 emporter cette lanterne de Gusta \u00e0 l&#8217;ext\u00e9rieur pour plus d&#8217;ambiance le soir!<\/p>\n<p>Marque: <a href=\"https:\/\/cozydeco.be\/nl\/brand\/gusta\/\">Gusta<\/a><\/p>\n","protected":false},"excerpt":{"rendered":"<p>Gr\u00e2ce \u00e0 ses nombreux trous, cette lampe \u00e0 vent donne une merveilleuse ambiance cosy lorsque vous allumez les bougies Parfait pour l&#8217;int\u00e9rieur, mais aussi tr\u00e8s pratique \u00e0 emporter cette lanterne de Gusta \u00e0 l&#8217;ext\u00e9rieur pour plus d&#8217;ambiance le soir !<\/p>\n<p>dimensions: 16 x 16 x 18 cm<\/p>\n","protected":false},"featured_media":7340,"template":"","meta":[],"pwb-brand":[216],"product_brand":[],"product_cat":[228],"product_tag":[],"class_list":{"0":"post-2735","1":"product","2":"type-product","3":"status-publish","4":"has-post-thumbnail","6":"pwb-brand-gusta-fr","7":"product_cat-lanternes-fr-accessoires-maison","9":"first","10":"instock","11":"taxable","12":"shipping-taxable","13":"purchasable","14":"product-type-simple"},"yoast_head":"<!-- This site is optimized with the Yoast SEO plugin v27.3 - https:\/\/yoast.com\/product\/yoast-seo-wordpress\/ -->\n<title>Gusta Lampe \u00e0 vent 12x12X15 - beige - cozydeco.be<\/title>\n<meta name=\"description\" content=\"Gusta Lampe \u00e0 vent 12x12X15 - beige - pour une merveilleuse ambiance cosy lorsque vous allumez les bougies\" \/>\n<meta name=\"robots\" content=\"index, follow, max-snippet:-1, max-image-preview:large, max-video-preview:-1\" \/>\n<link rel=\"canonical\" href=\"https:\/\/cozydeco.be\/fr\/produit\/gusta-lampe-a-vent-12x12x15-beige\/\" \/>\n<meta property=\"og:locale\" content=\"fr_FR\" \/>\n<meta property=\"og:type\" content=\"article\" \/>\n<meta property=\"og:title\" content=\"Gusta Lampe \u00e0 vent 12x12X15 - beige - cozydeco.be\" \/>\n<meta property=\"og:description\" content=\"Gusta Lampe \u00e0 vent 12x12X15 - beige - pour une merveilleuse ambiance cosy lorsque vous allumez les bougies\" \/>\n<meta property=\"og:url\" content=\"https:\/\/cozydeco.be\/fr\/produit\/gusta-lampe-a-vent-12x12x15-beige\/\" \/>\n<meta property=\"og:site_name\" content=\"cozydeco.be\" \/>\n<meta property=\"article:publisher\" content=\"https:\/\/www.facebook.com\/cozydeco.be\" \/>\n<meta property=\"og:image\" content=\"https:\/\/cozydeco.be\/wp-content\/uploads\/2023\/06\/cozydeco-gusta-lantaarnmetgaatjes-beige1.jpg\" \/>\n\t<meta property=\"og:image:width\" content=\"592\" \/>\n\t<meta property=\"og:image:height\" content=\"575\" \/>\n\t<meta property=\"og:image:type\" content=\"image\/jpeg\" \/>\n<meta name=\"twitter:card\" content=\"summary_large_image\" \/>\n<meta name=\"twitter:label1\" content=\"Dur\u00e9e de lecture estim\u00e9e\" \/>\n\t<meta name=\"twitter:data1\" content=\"1 minute\" \/>\n<script type=\"application\/ld+json\" class=\"yoast-schema-graph\">{\"@context\":\"https:\\\/\\\/schema.org\",\"@graph\":[{\"@type\":\"WebPage\",\"@id\":\"https:\\\/\\\/cozydeco.be\\\/fr\\\/produit\\\/gusta-lampe-a-vent-12x12x15-beige\\\/\",\"url\":\"https:\\\/\\\/cozydeco.be\\\/fr\\\/produit\\\/gusta-lampe-a-vent-12x12x15-beige\\\/\",\"name\":\"Gusta Lampe \u00e0 vent 12x12X15 - beige - cozydeco.be\",\"isPartOf\":{\"@id\":\"https:\\\/\\\/cozydeco.be\\\/fr\\\/#website\"},\"primaryImageOfPage\":{\"@id\":\"https:\\\/\\\/cozydeco.be\\\/fr\\\/produit\\\/gusta-lampe-a-vent-12x12x15-beige\\\/#primaryimage\"},\"image\":{\"@id\":\"https:\\\/\\\/cozydeco.be\\\/fr\\\/produit\\\/gusta-lampe-a-vent-12x12x15-beige\\\/#primaryimage\"},\"thumbnailUrl\":\"https:\\\/\\\/cozydeco.be\\\/wp-content\\\/uploads\\\/2023\\\/06\\\/cozydeco-gusta-lantaarnmetgaatjes-beige1.jpg\",\"datePublished\":\"2023-06-21T19:23:11+00:00\",\"description\":\"Gusta Lampe \u00e0 vent 12x12X15 - beige - pour une merveilleuse ambiance cosy lorsque vous allumez les bougies\",\"breadcrumb\":{\"@id\":\"https:\\\/\\\/cozydeco.be\\\/fr\\\/produit\\\/gusta-lampe-a-vent-12x12x15-beige\\\/#breadcrumb\"},\"inLanguage\":\"fr-FR\",\"potentialAction\":[{\"@type\":\"ReadAction\",\"target\":[\"https:\\\/\\\/cozydeco.be\\\/fr\\\/produit\\\/gusta-lampe-a-vent-12x12x15-beige\\\/\"]}]},{\"@type\":\"ImageObject\",\"inLanguage\":\"fr-FR\",\"@id\":\"https:\\\/\\\/cozydeco.be\\\/fr\\\/produit\\\/gusta-lampe-a-vent-12x12x15-beige\\\/#primaryimage\",\"url\":\"https:\\\/\\\/cozydeco.be\\\/wp-content\\\/uploads\\\/2023\\\/06\\\/cozydeco-gusta-lantaarnmetgaatjes-beige1.jpg\",\"contentUrl\":\"https:\\\/\\\/cozydeco.be\\\/wp-content\\\/uploads\\\/2023\\\/06\\\/cozydeco-gusta-lantaarnmetgaatjes-beige1.jpg\",\"width\":592,\"height\":575,\"caption\":\"beige windlicht met gaatjes van Gusta\"},{\"@type\":\"BreadcrumbList\",\"@id\":\"https:\\\/\\\/cozydeco.be\\\/fr\\\/produit\\\/gusta-lampe-a-vent-12x12x15-beige\\\/#breadcrumb\",\"itemListElement\":[{\"@type\":\"ListItem\",\"position\":1,\"name\":\"Boutique\",\"item\":\"https:\\\/\\\/cozydeco.be\\\/fr\\\/boutique\\\/\"},{\"@type\":\"ListItem\",\"position\":2,\"name\":\"Gusta Lampe \u00e0 vent 12x12X15 &#8211; beige\"}]},{\"@type\":\"WebSite\",\"@id\":\"https:\\\/\\\/cozydeco.be\\\/fr\\\/#website\",\"url\":\"https:\\\/\\\/cozydeco.be\\\/fr\\\/\",\"name\":\"cozydeco.be\",\"description\":\"voor meer sfeer, zachtheid en warmte in huis\",\"publisher\":{\"@id\":\"https:\\\/\\\/cozydeco.be\\\/fr\\\/#organization\"},\"alternateName\":\"Cozy deco\",\"potentialAction\":[{\"@type\":\"SearchAction\",\"target\":{\"@type\":\"EntryPoint\",\"urlTemplate\":\"https:\\\/\\\/cozydeco.be\\\/fr\\\/?s={search_term_string}\"},\"query-input\":{\"@type\":\"PropertyValueSpecification\",\"valueRequired\":true,\"valueName\":\"search_term_string\"}}],\"inLanguage\":\"fr-FR\"},{\"@type\":\"Organization\",\"@id\":\"https:\\\/\\\/cozydeco.be\\\/fr\\\/#organization\",\"name\":\"Cozy Deco\",\"alternateName\":\"Cozydeco.be\",\"url\":\"https:\\\/\\\/cozydeco.be\\\/fr\\\/\",\"logo\":{\"@type\":\"ImageObject\",\"inLanguage\":\"fr-FR\",\"@id\":\"https:\\\/\\\/cozydeco.be\\\/fr\\\/#\\\/schema\\\/logo\\\/image\\\/\",\"url\":\"https:\\\/\\\/cozydeco.be\\\/wp-content\\\/uploads\\\/2023\\\/06\\\/cropped-cozydeco-logo-blauw-zonder-slogan-3.png\",\"contentUrl\":\"https:\\\/\\\/cozydeco.be\\\/wp-content\\\/uploads\\\/2023\\\/06\\\/cropped-cozydeco-logo-blauw-zonder-slogan-3.png\",\"width\":500,\"height\":499,\"caption\":\"Cozy Deco\"},\"image\":{\"@id\":\"https:\\\/\\\/cozydeco.be\\\/fr\\\/#\\\/schema\\\/logo\\\/image\\\/\"},\"sameAs\":[\"https:\\\/\\\/www.facebook.com\\\/cozydeco.be\",\"https:\\\/\\\/www.instagram.com\\\/cozydeco.be\\\/\"]}]}<\/script>\n<!-- \/ Yoast SEO plugin. -->","yoast_head_json":{"title":"Gusta Lampe \u00e0 vent 12x12X15 - beige - cozydeco.be","description":"Gusta Lampe \u00e0 vent 12x12X15 - beige - pour une merveilleuse ambiance cosy lorsque vous allumez les bougies","robots":{"index":"index","follow":"follow","max-snippet":"max-snippet:-1","max-image-preview":"max-image-preview:large","max-video-preview":"max-video-preview:-1"},"canonical":"https:\/\/cozydeco.be\/fr\/produit\/gusta-lampe-a-vent-12x12x15-beige\/","og_locale":"fr_FR","og_type":"article","og_title":"Gusta Lampe \u00e0 vent 12x12X15 - beige - cozydeco.be","og_description":"Gusta Lampe \u00e0 vent 12x12X15 - beige - pour une merveilleuse ambiance cosy lorsque vous allumez les bougies","og_url":"https:\/\/cozydeco.be\/fr\/produit\/gusta-lampe-a-vent-12x12x15-beige\/","og_site_name":"cozydeco.be","article_publisher":"https:\/\/www.facebook.com\/cozydeco.be","og_image":[{"width":592,"height":575,"url":"https:\/\/cozydeco.be\/wp-content\/uploads\/2023\/06\/cozydeco-gusta-lantaarnmetgaatjes-beige1.jpg","type":"image\/jpeg"}],"twitter_card":"summary_large_image","twitter_misc":{"Dur\u00e9e de lecture estim\u00e9e":"1 minute"},"schema":{"@context":"https:\/\/schema.org","@graph":[{"@type":"WebPage","@id":"https:\/\/cozydeco.be\/fr\/produit\/gusta-lampe-a-vent-12x12x15-beige\/","url":"https:\/\/cozydeco.be\/fr\/produit\/gusta-lampe-a-vent-12x12x15-beige\/","name":"Gusta Lampe \u00e0 vent 12x12X15 - beige - cozydeco.be","isPartOf":{"@id":"https:\/\/cozydeco.be\/fr\/#website"},"primaryImageOfPage":{"@id":"https:\/\/cozydeco.be\/fr\/produit\/gusta-lampe-a-vent-12x12x15-beige\/#primaryimage"},"image":{"@id":"https:\/\/cozydeco.be\/fr\/produit\/gusta-lampe-a-vent-12x12x15-beige\/#primaryimage"},"thumbnailUrl":"https:\/\/cozydeco.be\/wp-content\/uploads\/2023\/06\/cozydeco-gusta-lantaarnmetgaatjes-beige1.jpg","datePublished":"2023-06-21T19:23:11+00:00","description":"Gusta Lampe \u00e0 vent 12x12X15 - beige - pour une merveilleuse ambiance cosy lorsque vous allumez les bougies","breadcrumb":{"@id":"https:\/\/cozydeco.be\/fr\/produit\/gusta-lampe-a-vent-12x12x15-beige\/#breadcrumb"},"inLanguage":"fr-FR","potentialAction":[{"@type":"ReadAction","target":["https:\/\/cozydeco.be\/fr\/produit\/gusta-lampe-a-vent-12x12x15-beige\/"]}]},{"@type":"ImageObject","inLanguage":"fr-FR","@id":"https:\/\/cozydeco.be\/fr\/produit\/gusta-lampe-a-vent-12x12x15-beige\/#primaryimage","url":"https:\/\/cozydeco.be\/wp-content\/uploads\/2023\/06\/cozydeco-gusta-lantaarnmetgaatjes-beige1.jpg","contentUrl":"https:\/\/cozydeco.be\/wp-content\/uploads\/2023\/06\/cozydeco-gusta-lantaarnmetgaatjes-beige1.jpg","width":592,"height":575,"caption":"beige windlicht met gaatjes van Gusta"},{"@type":"BreadcrumbList","@id":"https:\/\/cozydeco.be\/fr\/produit\/gusta-lampe-a-vent-12x12x15-beige\/#breadcrumb","itemListElement":[{"@type":"ListItem","position":1,"name":"Boutique","item":"https:\/\/cozydeco.be\/fr\/boutique\/"},{"@type":"ListItem","position":2,"name":"Gusta Lampe \u00e0 vent 12x12X15 &#8211; beige"}]},{"@type":"WebSite","@id":"https:\/\/cozydeco.be\/fr\/#website","url":"https:\/\/cozydeco.be\/fr\/","name":"cozydeco.be","description":"voor meer sfeer, zachtheid en warmte in huis","publisher":{"@id":"https:\/\/cozydeco.be\/fr\/#organization"},"alternateName":"Cozy deco","potentialAction":[{"@type":"SearchAction","target":{"@type":"EntryPoint","urlTemplate":"https:\/\/cozydeco.be\/fr\/?s={search_term_string}"},"query-input":{"@type":"PropertyValueSpecification","valueRequired":true,"valueName":"search_term_string"}}],"inLanguage":"fr-FR"},{"@type":"Organization","@id":"https:\/\/cozydeco.be\/fr\/#organization","name":"Cozy Deco","alternateName":"Cozydeco.be","url":"https:\/\/cozydeco.be\/fr\/","logo":{"@type":"ImageObject","inLanguage":"fr-FR","@id":"https:\/\/cozydeco.be\/fr\/#\/schema\/logo\/image\/","url":"https:\/\/cozydeco.be\/wp-content\/uploads\/2023\/06\/cropped-cozydeco-logo-blauw-zonder-slogan-3.png","contentUrl":"https:\/\/cozydeco.be\/wp-content\/uploads\/2023\/06\/cropped-cozydeco-logo-blauw-zonder-slogan-3.png","width":500,"height":499,"caption":"Cozy Deco"},"image":{"@id":"https:\/\/cozydeco.be\/fr\/#\/schema\/logo\/image\/"},"sameAs":["https:\/\/www.facebook.com\/cozydeco.be","https:\/\/www.instagram.com\/cozydeco.be\/"]}]}},"brands":[{"id":216,"name":"Gusta","slug":"gusta-fr"}],"_links":{"self":[{"href":"https:\/\/cozydeco.be\/fr\/wp-json\/wp\/v2\/product\/2735","targetHints":{"allow":["GET"]}}],"collection":[{"href":"https:\/\/cozydeco.be\/fr\/wp-json\/wp\/v2\/product"}],"about":[{"href":"https:\/\/cozydeco.be\/fr\/wp-json\/wp\/v2\/types\/product"}],"wp:featuredmedia":[{"embeddable":true,"href":"https:\/\/cozydeco.be\/fr\/wp-json\/wp\/v2\/media\/7340"}],"wp:attachment":[{"href":"https:\/\/cozydeco.be\/fr\/wp-json\/wp\/v2\/media?parent=2735"}],"wp:term":[{"taxonomy":"pwb-brand","embeddable":true,"href":"https:\/\/cozydeco.be\/fr\/wp-json\/wp\/v2\/pwb-brand?post=2735"},{"taxonomy":"product_brand","embeddable":true,"href":"https:\/\/cozydeco.be\/fr\/wp-json\/wp\/v2\/product_brand?post=2735"},{"taxonomy":"product_cat","embeddable":true,"href":"https:\/\/cozydeco.be\/fr\/wp-json\/wp\/v2\/product_cat?post=2735"},{"taxonomy":"product_tag","embeddable":true,"href":"https:\/\/cozydeco.be\/fr\/wp-json\/wp\/v2\/product_tag?post=2735"}],"curies":[{"name":"wp","href":"https:\/\/api.w.org\/{rel}","templated":true}]}}