{"id":2571,"date":"2023-06-21T19:23:05","date_gmt":"2023-06-21T19:23:05","guid":{"rendered":"https:\/\/cozydeco.be\/product\/gusta-corbeille-a-feu-en-metal-noir\/"},"modified":"2023-06-21T19:23:05","modified_gmt":"2023-06-21T19:23:05","slug":"gusta-corbeille-a-feu-noir","status":"publish","type":"product","link":"https:\/\/cozydeco.be\/fr\/produit\/gusta-corbeille-a-feu-noir\/","title":{"rendered":"Gusta corbeille \u00e0 feu en m\u00e9tal noir"},"content":{"rendered":"<p><strong>Informations:<\/strong><\/p>\n<p>SKU: GU23MVKZ01<\/p>\n<p>Ce corbeille \u00e0 feu rond de Gusta est fabriqu\u00e9 en m\u00e9tal noir et poss\u00e8de une grille dans le fond<br \/>\nIl sert \u00e9galement de chemin\u00e9e de terrasse et apporte \u00e0 votre jardin une chaleur agr\u00e9able lors des longues soir\u00e9es d&#8217;\u00e9t\u00e9.<br \/>\nRemarquable est la jante noire \u00e9l\u00e9gamment tress\u00e9e.<br \/>\nSi votre p\u00e8re est un vrai bon vivant qui aime faire du feu, ce brasero de Gusta est un cadeau id\u00e9al pour son anniversaire ou pour la f\u00eate des p\u00e8res!<\/p>\n<p>Marque: <a href=\"https:\/\/cozydeco.be\/nl\/brand\/gusta\">Gusta<\/a><\/p>\n","protected":false},"excerpt":{"rendered":"<p>Ce corbeille \u00e0 feu rond de Gusta est fabriqu\u00e9 en m\u00e9tal noir et poss\u00e8de une grille dans le fond: il sert \u00e9galement de chemin\u00e9e de terrasse et apporte \u00e0 votre jardin une chaleur agr\u00e9able lors des longues soir\u00e9es d&#8217;\u00e9t\u00e9.<\/p>\n<div class=\"description mb-2\"><span class=\"cstm_spn\">Dimensions<strong>:<\/strong> 37 x 37 x 38cm<\/span><\/div>\n<form id=\"product_configure_form\" action=\"https:\/\/www.thepresentperfect.be\/nl\/cart\/add\/243766269\/\" method=\"post\">\n<div class=\"product-price\"><\/div>\n<\/form>\n","protected":false},"featured_media":5203,"template":"","meta":[],"pwb-brand":[216],"product_brand":[],"product_cat":[127,123,217,333],"product_tag":[],"class_list":{"0":"post-2571","1":"product","2":"type-product","3":"status-publish","4":"has-post-thumbnail","6":"pwb-brand-gusta-fr","7":"product_cat-accessoires-terrasse","8":"product_cat-barbecues","9":"product_cat-cadeau-a-poser-ensemble","10":"product_cat-sales","12":"first","13":"instock","14":"sale","15":"taxable","16":"shipping-taxable","17":"purchasable","18":"product-type-simple"},"yoast_head":"<!-- This site is optimized with the Yoast SEO plugin v27.3 - https:\/\/yoast.com\/product\/yoast-seo-wordpress\/ -->\n<title>Gusta corbeille \u00e0 feu en m\u00e9tal noir - cozydeco.be<\/title>\n<meta name=\"description\" content=\"corbeille \u00e0 feu rond de Gusta est fabriqu\u00e9 en m\u00e9tal noir avec grille dans le fond - peut servir comme chemin\u00e9e de terrasse pendant des longues soir\u00e9es d&#039;\u00e9t\u00e9\" \/>\n<meta name=\"robots\" content=\"index, follow, max-snippet:-1, max-image-preview:large, max-video-preview:-1\" \/>\n<link rel=\"canonical\" href=\"https:\/\/cozydeco.be\/fr\/produit\/gusta-corbeille-a-feu-noir\/\" \/>\n<meta property=\"og:locale\" content=\"fr_FR\" \/>\n<meta property=\"og:type\" content=\"article\" \/>\n<meta property=\"og:title\" content=\"Gusta corbeille \u00e0 feu en m\u00e9tal noir - cozydeco.be\" \/>\n<meta property=\"og:description\" content=\"corbeille \u00e0 feu rond de Gusta est fabriqu\u00e9 en m\u00e9tal noir avec grille dans le fond - peut servir comme chemin\u00e9e de terrasse pendant des longues soir\u00e9es d&#039;\u00e9t\u00e9\" \/>\n<meta property=\"og:url\" content=\"https:\/\/cozydeco.be\/fr\/produit\/gusta-corbeille-a-feu-noir\/\" \/>\n<meta property=\"og:site_name\" content=\"cozydeco.be\" \/>\n<meta property=\"article:publisher\" content=\"https:\/\/www.facebook.com\/cozydeco.be\" \/>\n<meta property=\"og:image\" content=\"https:\/\/cozydeco.be\/wp-content\/uploads\/2023\/06\/cozydeco-gusta-vuurkorf-corbeilleafeu-zwartmetaal-metalnoir-06.png.jpg\" \/>\n\t<meta property=\"og:image:width\" content=\"831\" \/>\n\t<meta property=\"og:image:height\" content=\"809\" \/>\n\t<meta property=\"og:image:type\" content=\"image\/jpeg\" \/>\n<meta name=\"twitter:card\" content=\"summary_large_image\" \/>\n<script type=\"application\/ld+json\" class=\"yoast-schema-graph\">{\"@context\":\"https:\\\/\\\/schema.org\",\"@graph\":[{\"@type\":\"WebPage\",\"@id\":\"https:\\\/\\\/cozydeco.be\\\/fr\\\/produit\\\/gusta-corbeille-a-feu-noir\\\/\",\"url\":\"https:\\\/\\\/cozydeco.be\\\/fr\\\/produit\\\/gusta-corbeille-a-feu-noir\\\/\",\"name\":\"Gusta corbeille \u00e0 feu en m\u00e9tal noir - cozydeco.be\",\"isPartOf\":{\"@id\":\"https:\\\/\\\/cozydeco.be\\\/fr\\\/#website\"},\"primaryImageOfPage\":{\"@id\":\"https:\\\/\\\/cozydeco.be\\\/fr\\\/produit\\\/gusta-corbeille-a-feu-noir\\\/#primaryimage\"},\"image\":{\"@id\":\"https:\\\/\\\/cozydeco.be\\\/fr\\\/produit\\\/gusta-corbeille-a-feu-noir\\\/#primaryimage\"},\"thumbnailUrl\":\"https:\\\/\\\/cozydeco.be\\\/wp-content\\\/uploads\\\/2023\\\/06\\\/cozydeco-gusta-vuurkorf-corbeilleafeu-zwartmetaal-metalnoir-06.png.jpg\",\"datePublished\":\"2023-06-21T19:23:05+00:00\",\"description\":\"corbeille \u00e0 feu rond de Gusta est fabriqu\u00e9 en m\u00e9tal noir avec grille dans le fond - peut servir comme chemin\u00e9e de terrasse pendant des longues soir\u00e9es d'\u00e9t\u00e9\",\"breadcrumb\":{\"@id\":\"https:\\\/\\\/cozydeco.be\\\/fr\\\/produit\\\/gusta-corbeille-a-feu-noir\\\/#breadcrumb\"},\"inLanguage\":\"fr-FR\",\"potentialAction\":[{\"@type\":\"ReadAction\",\"target\":[\"https:\\\/\\\/cozydeco.be\\\/fr\\\/produit\\\/gusta-corbeille-a-feu-noir\\\/\"]}]},{\"@type\":\"ImageObject\",\"inLanguage\":\"fr-FR\",\"@id\":\"https:\\\/\\\/cozydeco.be\\\/fr\\\/produit\\\/gusta-corbeille-a-feu-noir\\\/#primaryimage\",\"url\":\"https:\\\/\\\/cozydeco.be\\\/wp-content\\\/uploads\\\/2023\\\/06\\\/cozydeco-gusta-vuurkorf-corbeilleafeu-zwartmetaal-metalnoir-06.png.jpg\",\"contentUrl\":\"https:\\\/\\\/cozydeco.be\\\/wp-content\\\/uploads\\\/2023\\\/06\\\/cozydeco-gusta-vuurkorf-corbeilleafeu-zwartmetaal-metalnoir-06.png.jpg\",\"width\":831,\"height\":809},{\"@type\":\"BreadcrumbList\",\"@id\":\"https:\\\/\\\/cozydeco.be\\\/fr\\\/produit\\\/gusta-corbeille-a-feu-noir\\\/#breadcrumb\",\"itemListElement\":[{\"@type\":\"ListItem\",\"position\":1,\"name\":\"Boutique\",\"item\":\"https:\\\/\\\/cozydeco.be\\\/fr\\\/boutique\\\/\"},{\"@type\":\"ListItem\",\"position\":2,\"name\":\"Gusta corbeille \u00e0 feu en m\u00e9tal noir\"}]},{\"@type\":\"WebSite\",\"@id\":\"https:\\\/\\\/cozydeco.be\\\/fr\\\/#website\",\"url\":\"https:\\\/\\\/cozydeco.be\\\/fr\\\/\",\"name\":\"cozydeco.be\",\"description\":\"voor meer sfeer, zachtheid en warmte in huis\",\"publisher\":{\"@id\":\"https:\\\/\\\/cozydeco.be\\\/fr\\\/#organization\"},\"alternateName\":\"Cozy deco\",\"potentialAction\":[{\"@type\":\"SearchAction\",\"target\":{\"@type\":\"EntryPoint\",\"urlTemplate\":\"https:\\\/\\\/cozydeco.be\\\/fr\\\/?s={search_term_string}\"},\"query-input\":{\"@type\":\"PropertyValueSpecification\",\"valueRequired\":true,\"valueName\":\"search_term_string\"}}],\"inLanguage\":\"fr-FR\"},{\"@type\":\"Organization\",\"@id\":\"https:\\\/\\\/cozydeco.be\\\/fr\\\/#organization\",\"name\":\"Cozy Deco\",\"alternateName\":\"Cozydeco.be\",\"url\":\"https:\\\/\\\/cozydeco.be\\\/fr\\\/\",\"logo\":{\"@type\":\"ImageObject\",\"inLanguage\":\"fr-FR\",\"@id\":\"https:\\\/\\\/cozydeco.be\\\/fr\\\/#\\\/schema\\\/logo\\\/image\\\/\",\"url\":\"https:\\\/\\\/cozydeco.be\\\/wp-content\\\/uploads\\\/2023\\\/06\\\/cropped-cozydeco-logo-blauw-zonder-slogan-3.png\",\"contentUrl\":\"https:\\\/\\\/cozydeco.be\\\/wp-content\\\/uploads\\\/2023\\\/06\\\/cropped-cozydeco-logo-blauw-zonder-slogan-3.png\",\"width\":500,\"height\":499,\"caption\":\"Cozy Deco\"},\"image\":{\"@id\":\"https:\\\/\\\/cozydeco.be\\\/fr\\\/#\\\/schema\\\/logo\\\/image\\\/\"},\"sameAs\":[\"https:\\\/\\\/www.facebook.com\\\/cozydeco.be\",\"https:\\\/\\\/www.instagram.com\\\/cozydeco.be\\\/\"]}]}<\/script>\n<!-- \/ Yoast SEO plugin. -->","yoast_head_json":{"title":"Gusta corbeille \u00e0 feu en m\u00e9tal noir - cozydeco.be","description":"corbeille \u00e0 feu rond de Gusta est fabriqu\u00e9 en m\u00e9tal noir avec grille dans le fond - peut servir comme chemin\u00e9e de terrasse pendant des longues soir\u00e9es d'\u00e9t\u00e9","robots":{"index":"index","follow":"follow","max-snippet":"max-snippet:-1","max-image-preview":"max-image-preview:large","max-video-preview":"max-video-preview:-1"},"canonical":"https:\/\/cozydeco.be\/fr\/produit\/gusta-corbeille-a-feu-noir\/","og_locale":"fr_FR","og_type":"article","og_title":"Gusta corbeille \u00e0 feu en m\u00e9tal noir - cozydeco.be","og_description":"corbeille \u00e0 feu rond de Gusta est fabriqu\u00e9 en m\u00e9tal noir avec grille dans le fond - peut servir comme chemin\u00e9e de terrasse pendant des longues soir\u00e9es d'\u00e9t\u00e9","og_url":"https:\/\/cozydeco.be\/fr\/produit\/gusta-corbeille-a-feu-noir\/","og_site_name":"cozydeco.be","article_publisher":"https:\/\/www.facebook.com\/cozydeco.be","og_image":[{"width":831,"height":809,"url":"https:\/\/cozydeco.be\/wp-content\/uploads\/2023\/06\/cozydeco-gusta-vuurkorf-corbeilleafeu-zwartmetaal-metalnoir-06.png.jpg","type":"image\/jpeg"}],"twitter_card":"summary_large_image","schema":{"@context":"https:\/\/schema.org","@graph":[{"@type":"WebPage","@id":"https:\/\/cozydeco.be\/fr\/produit\/gusta-corbeille-a-feu-noir\/","url":"https:\/\/cozydeco.be\/fr\/produit\/gusta-corbeille-a-feu-noir\/","name":"Gusta corbeille \u00e0 feu en m\u00e9tal noir - cozydeco.be","isPartOf":{"@id":"https:\/\/cozydeco.be\/fr\/#website"},"primaryImageOfPage":{"@id":"https:\/\/cozydeco.be\/fr\/produit\/gusta-corbeille-a-feu-noir\/#primaryimage"},"image":{"@id":"https:\/\/cozydeco.be\/fr\/produit\/gusta-corbeille-a-feu-noir\/#primaryimage"},"thumbnailUrl":"https:\/\/cozydeco.be\/wp-content\/uploads\/2023\/06\/cozydeco-gusta-vuurkorf-corbeilleafeu-zwartmetaal-metalnoir-06.png.jpg","datePublished":"2023-06-21T19:23:05+00:00","description":"corbeille \u00e0 feu rond de Gusta est fabriqu\u00e9 en m\u00e9tal noir avec grille dans le fond - peut servir comme chemin\u00e9e de terrasse pendant des longues soir\u00e9es d'\u00e9t\u00e9","breadcrumb":{"@id":"https:\/\/cozydeco.be\/fr\/produit\/gusta-corbeille-a-feu-noir\/#breadcrumb"},"inLanguage":"fr-FR","potentialAction":[{"@type":"ReadAction","target":["https:\/\/cozydeco.be\/fr\/produit\/gusta-corbeille-a-feu-noir\/"]}]},{"@type":"ImageObject","inLanguage":"fr-FR","@id":"https:\/\/cozydeco.be\/fr\/produit\/gusta-corbeille-a-feu-noir\/#primaryimage","url":"https:\/\/cozydeco.be\/wp-content\/uploads\/2023\/06\/cozydeco-gusta-vuurkorf-corbeilleafeu-zwartmetaal-metalnoir-06.png.jpg","contentUrl":"https:\/\/cozydeco.be\/wp-content\/uploads\/2023\/06\/cozydeco-gusta-vuurkorf-corbeilleafeu-zwartmetaal-metalnoir-06.png.jpg","width":831,"height":809},{"@type":"BreadcrumbList","@id":"https:\/\/cozydeco.be\/fr\/produit\/gusta-corbeille-a-feu-noir\/#breadcrumb","itemListElement":[{"@type":"ListItem","position":1,"name":"Boutique","item":"https:\/\/cozydeco.be\/fr\/boutique\/"},{"@type":"ListItem","position":2,"name":"Gusta corbeille \u00e0 feu en m\u00e9tal noir"}]},{"@type":"WebSite","@id":"https:\/\/cozydeco.be\/fr\/#website","url":"https:\/\/cozydeco.be\/fr\/","name":"cozydeco.be","description":"voor meer sfeer, zachtheid en warmte in huis","publisher":{"@id":"https:\/\/cozydeco.be\/fr\/#organization"},"alternateName":"Cozy deco","potentialAction":[{"@type":"SearchAction","target":{"@type":"EntryPoint","urlTemplate":"https:\/\/cozydeco.be\/fr\/?s={search_term_string}"},"query-input":{"@type":"PropertyValueSpecification","valueRequired":true,"valueName":"search_term_string"}}],"inLanguage":"fr-FR"},{"@type":"Organization","@id":"https:\/\/cozydeco.be\/fr\/#organization","name":"Cozy Deco","alternateName":"Cozydeco.be","url":"https:\/\/cozydeco.be\/fr\/","logo":{"@type":"ImageObject","inLanguage":"fr-FR","@id":"https:\/\/cozydeco.be\/fr\/#\/schema\/logo\/image\/","url":"https:\/\/cozydeco.be\/wp-content\/uploads\/2023\/06\/cropped-cozydeco-logo-blauw-zonder-slogan-3.png","contentUrl":"https:\/\/cozydeco.be\/wp-content\/uploads\/2023\/06\/cropped-cozydeco-logo-blauw-zonder-slogan-3.png","width":500,"height":499,"caption":"Cozy Deco"},"image":{"@id":"https:\/\/cozydeco.be\/fr\/#\/schema\/logo\/image\/"},"sameAs":["https:\/\/www.facebook.com\/cozydeco.be","https:\/\/www.instagram.com\/cozydeco.be\/"]}]}},"brands":[{"id":216,"name":"Gusta","slug":"gusta-fr"}],"_links":{"self":[{"href":"https:\/\/cozydeco.be\/fr\/wp-json\/wp\/v2\/product\/2571","targetHints":{"allow":["GET"]}}],"collection":[{"href":"https:\/\/cozydeco.be\/fr\/wp-json\/wp\/v2\/product"}],"about":[{"href":"https:\/\/cozydeco.be\/fr\/wp-json\/wp\/v2\/types\/product"}],"wp:featuredmedia":[{"embeddable":true,"href":"https:\/\/cozydeco.be\/fr\/wp-json\/wp\/v2\/media\/5203"}],"wp:attachment":[{"href":"https:\/\/cozydeco.be\/fr\/wp-json\/wp\/v2\/media?parent=2571"}],"wp:term":[{"taxonomy":"pwb-brand","embeddable":true,"href":"https:\/\/cozydeco.be\/fr\/wp-json\/wp\/v2\/pwb-brand?post=2571"},{"taxonomy":"product_brand","embeddable":true,"href":"https:\/\/cozydeco.be\/fr\/wp-json\/wp\/v2\/product_brand?post=2571"},{"taxonomy":"product_cat","embeddable":true,"href":"https:\/\/cozydeco.be\/fr\/wp-json\/wp\/v2\/product_cat?post=2571"},{"taxonomy":"product_tag","embeddable":true,"href":"https:\/\/cozydeco.be\/fr\/wp-json\/wp\/v2\/product_tag?post=2571"}],"curies":[{"name":"wp","href":"https:\/\/api.w.org\/{rel}","templated":true}]}}