{"id":3244,"date":"2023-06-09T19:42:10","date_gmt":"2023-06-09T19:42:10","guid":{"rendered":"https:\/\/cozydeco.be\/a-propos-de-nous\/"},"modified":"2024-03-29T09:37:45","modified_gmt":"2024-03-29T09:37:45","slug":"a-propos-de-nous","status":"publish","type":"page","link":"https:\/\/cozydeco.be\/fr\/a-propos-de-nous\/","title":{"rendered":"A propos de nous"},"content":{"rendered":"\t\t<div data-elementor-type=\"wp-page\" data-elementor-id=\"3244\" class=\"elementor elementor-3244 elementor-18\" data-elementor-post-type=\"page\">\n\t\t\t\t\t\t<section class=\"elementor-section elementor-top-section elementor-element elementor-element-9443c1e elementor-section-boxed elementor-section-height-default elementor-section-height-default\" data-id=\"9443c1e\" data-element_type=\"section\" data-e-type=\"section\">\n\t\t\t\t\t\t<div class=\"elementor-container elementor-column-gap-default\">\n\t\t\t\t\t<div class=\"elementor-column elementor-col-100 elementor-top-column elementor-element elementor-element-957be5d\" data-id=\"957be5d\" data-element_type=\"column\" data-e-type=\"column\">\n\t\t\t<div class=\"elementor-widget-wrap elementor-element-populated\">\n\t\t\t\t\t\t<div class=\"elementor-element elementor-element-92ce067 elementor-widget elementor-widget-text-editor\" data-id=\"92ce067\" data-element_type=\"widget\" data-e-type=\"widget\" data-widget_type=\"text-editor.default\">\n\t\t\t\t<div class=\"elementor-widget-container\">\n\t\t\t\t\t\t\t\t\t<p>La convivialit\u00e9 a toujours \u00e9t\u00e9 importante pour moi. J&#8217;appr\u00e9cie les petites choses de la vie, seule ou en famille et\/ou avec des amis. C&#8217;est en cr\u00e9ant une maison chaleureuse et accueillante pour ma famille que j&#8217;ai eu l&#8217;id\u00e9e de cr\u00e9er Cozy Deco.<\/p><p>Avec ma s\u00e9lection d&#8217;accessoires intemporels pour la maison, je veux aider d&#8217;autres personnes \u00e0 ressentir ce sentiment particulier de confort, de chaleur et de s\u00e9curit\u00e9 dans leur propre maison. Il suffit de quelques accents ou accessoires pour faire la diff\u00e9rence et ajouter un peu plus de confort \u00e0 votre maison, tant \u00e0 l&#8217;int\u00e9rieur qu&#8217;\u00e0 l&#8217;ext\u00e9rieur :<\/p><p>Un plaid doux et confortable par une froide soir\u00e9e d&#8217;hiver, une bougie d&#8217;ambiance, une bonne tasse de caf\u00e9 ou de th\u00e9 (ou un verre de vin, pourquoi pas ;-)), un peu de musique en fond sonore&#8230; Quel bonheur, n&#8217;est-ce pas ? Se d\u00e9tendre apr\u00e8s une longue et fatigante journ\u00e9e.<\/p><p>Ou une conversation chaleureuse avec la famille ou les amis lors d&#8217;un barbecue ou d&#8217;une soir\u00e9e tapas. De d\u00e9licieux en-cas sur la planche \u00e0 tapas, un \u00e9clairage aux chandelles, une table joliment dress\u00e9e, &#8230; En profitant simplement ensemble d&#8217;un cadre agr\u00e9able et douillet, vous cr\u00e9ez une atmosph\u00e8re unique qui rend votre maison si sp\u00e9ciale.<\/p><p>La convivialit\u00e9, c&#8217;est profiter des petites choses de la vie, simplement chez soi.<\/p>\t\t\t\t\t\t\t\t<\/div>\n\t\t\t\t<\/div>\n\t\t\t\t\t<\/div>\n\t\t<\/div>\n\t\t\t\t\t<\/div>\n\t\t<\/section>\n\t\t\t\t<section class=\"elementor-section elementor-top-section elementor-element elementor-element-61193971 elementor-section-content-middle elementor-section-boxed elementor-section-height-default elementor-section-height-default\" data-id=\"61193971\" data-element_type=\"section\" data-e-type=\"section\">\n\t\t\t\t\t\t<div class=\"elementor-container elementor-column-gap-no\">\n\t\t\t\t\t<div class=\"elementor-column elementor-col-50 elementor-top-column elementor-element elementor-element-5bbae9f7\" data-id=\"5bbae9f7\" data-element_type=\"column\" data-e-type=\"column\">\n\t\t\t<div class=\"elementor-widget-wrap elementor-element-populated\">\n\t\t\t\t\t\t<div class=\"elementor-element elementor-element-3a9d4b77 elementor-widget elementor-widget-image\" data-id=\"3a9d4b77\" data-element_type=\"widget\" data-e-type=\"widget\" data-widget_type=\"image.default\">\n\t\t\t\t<div class=\"elementor-widget-container\">\n\t\t\t\t\t\t\t\t\t\t\t\t\t\t\t<img fetchpriority=\"high\" decoding=\"async\" width=\"429\" height=\"436\" src=\"https:\/\/cozydeco.be\/wp-content\/uploads\/2023\/06\/foto-Sofie.jpg\" class=\"attachment-full size-full wp-image-1212\" alt=\"\" srcset=\"https:\/\/cozydeco.be\/wp-content\/uploads\/2023\/06\/foto-Sofie.jpg 429w, https:\/\/cozydeco.be\/wp-content\/uploads\/2023\/06\/foto-Sofie-295x300.jpg 295w\" sizes=\"(max-width: 429px) 100vw, 429px\" \/>\t\t\t\t\t\t\t\t\t\t\t\t\t\t\t<\/div>\n\t\t\t\t<\/div>\n\t\t\t\t\t<\/div>\n\t\t<\/div>\n\t\t\t\t<div class=\"elementor-column elementor-col-50 elementor-top-column elementor-element elementor-element-1c655329\" data-id=\"1c655329\" data-element_type=\"column\" data-e-type=\"column\">\n\t\t\t<div class=\"elementor-widget-wrap elementor-element-populated\">\n\t\t\t\t\t\t<div class=\"elementor-element elementor-element-4354369c elementor-widget elementor-widget-text-editor\" data-id=\"4354369c\" data-element_type=\"widget\" data-e-type=\"widget\" data-widget_type=\"text-editor.default\">\n\t\t\t\t<div class=\"elementor-widget-container\">\n\t\t\t\t\t\t\t\t\t<p>Vous \u00eates \u00e0 la recherche d&#8217;un accessoire de maison confortable comme cadeau (promotionnel) pour une occasion sp\u00e9cifique (p.ex. retraite, remerciement, anniversaire,&#8230;) ?\u00a0<\/p><p><span style=\"color: var( --e-global-color-secondary ); font-family: var( --e-global-typography-text-font-family ), Sans-serif;\">Je me ferai un plaisir de vous aider.<\/span><\/p><p>Vous pouvez me contacter par t\u00e9l\u00e9phone (+32 486 75 24 11) ou e-mail (info@cozydeco.be).<br \/>Je reste \u00e0 votre disposition.<\/p><p>Sofie De Heyn<\/p>\t\t\t\t\t\t\t\t<\/div>\n\t\t\t\t<\/div>\n\t\t\t\t\t<\/div>\n\t\t<\/div>\n\t\t\t\t\t<\/div>\n\t\t<\/section>\n\t\t\t\t<section class=\"elementor-section elementor-top-section elementor-element elementor-element-0b69639 elementor-section-boxed elementor-section-height-default elementor-section-height-default\" data-id=\"0b69639\" data-element_type=\"section\" data-e-type=\"section\">\n\t\t\t\t\t\t<div class=\"elementor-container elementor-column-gap-default\">\n\t\t\t\t\t<div class=\"elementor-column elementor-col-50 elementor-top-column elementor-element elementor-element-c37ce59\" data-id=\"c37ce59\" data-element_type=\"column\" data-e-type=\"column\">\n\t\t\t<div class=\"elementor-widget-wrap elementor-element-populated\">\n\t\t\t\t\t\t<div class=\"elementor-element elementor-element-efddee4 elementor-widget elementor-widget-image\" data-id=\"efddee4\" data-element_type=\"widget\" data-e-type=\"widget\" data-widget_type=\"image.default\">\n\t\t\t\t<div class=\"elementor-widget-container\">\n\t\t\t\t\t\t\t\t\t\t\t\t\t\t\t\t<a href=\"http:\/\/www.azaleashop.be\/fr\">\n\t\t\t\t\t\t\t<img decoding=\"async\" width=\"300\" height=\"300\" src=\"https:\/\/cozydeco.be\/wp-content\/uploads\/2024\/03\/cozydeco-oohh-tokyo-bloempot-zwart-groot-potdefleur-noir-300x300.jpg\" class=\"attachment-medium size-medium wp-image-8327\" alt=\"\" srcset=\"https:\/\/cozydeco.be\/wp-content\/uploads\/2024\/03\/cozydeco-oohh-tokyo-bloempot-zwart-groot-potdefleur-noir-300x300.jpg 300w, https:\/\/cozydeco.be\/wp-content\/uploads\/2024\/03\/cozydeco-oohh-tokyo-bloempot-zwart-groot-potdefleur-noir-150x150.jpg 150w, https:\/\/cozydeco.be\/wp-content\/uploads\/2024\/03\/cozydeco-oohh-tokyo-bloempot-zwart-groot-potdefleur-noir-600x600.jpg 600w, https:\/\/cozydeco.be\/wp-content\/uploads\/2024\/03\/cozydeco-oohh-tokyo-bloempot-zwart-groot-potdefleur-noir-100x100.jpg 100w, https:\/\/cozydeco.be\/wp-content\/uploads\/2024\/03\/cozydeco-oohh-tokyo-bloempot-zwart-groot-potdefleur-noir.jpg 756w\" sizes=\"(max-width: 300px) 100vw, 300px\" \/>\t\t\t\t\t\t\t\t<\/a>\n\t\t\t\t\t\t\t\t\t\t\t\t\t\t\t<\/div>\n\t\t\t\t<\/div>\n\t\t\t\t\t<\/div>\n\t\t<\/div>\n\t\t\t\t<div class=\"elementor-column elementor-col-50 elementor-top-column elementor-element elementor-element-4b9c3ec\" data-id=\"4b9c3ec\" data-element_type=\"column\" data-e-type=\"column\">\n\t\t\t<div class=\"elementor-widget-wrap elementor-element-populated\">\n\t\t\t\t\t\t<div class=\"elementor-element elementor-element-ee25469 elementor-widget__width-initial elementor-widget elementor-widget-text-editor\" data-id=\"ee25469\" data-element_type=\"widget\" data-e-type=\"widget\" data-widget_type=\"text-editor.default\">\n\t\t\t\t<div class=\"elementor-widget-container\">\n\t\t\t\t\t\t\t\t\t<p><strong>Le saviez-vous ?<\/strong><\/p><p>Depuis 2016, je g\u00e8re avec mon mari Kristof une autre boutique en ligne : <a href=\"http:\/\/www.azaleashop.be\/fr\">www.azaleashop.be<\/a>.<\/p><p>Bas\u00e9 sur notre passion de rendre les gens heureux avec nos azal\u00e9es et de fournir ce petit peu de &#8221; bonheur floral &#8221; simple, nous offrons des azal\u00e9es en chambre sur ce webshop qui sont livr\u00e9es \u00e0 votre domicile directement \u00e0 partir de nos serres.<\/p><p>Id\u00e9al pour se faire plaisir ou surprendre quelqu&#8217;un pour une occasion sp\u00e9ciale, ou tout simplement pour se donner du c\u0153ur \u00e0 l&#8217;ouvrage.<\/p>\t\t\t\t\t\t\t\t<\/div>\n\t\t\t\t<\/div>\n\t\t\t\t\t<\/div>\n\t\t<\/div>\n\t\t\t\t\t<\/div>\n\t\t<\/section>\n\t\t\t\t<\/div>\n\t\t","protected":false},"excerpt":{"rendered":"<p>La convivialit\u00e9 a toujours \u00e9t\u00e9 importante pour moi. J&#8217;appr\u00e9cie les petites choses de la vie, seule ou en famille et\/ou avec des amis. C&#8217;est en cr\u00e9ant une maison chaleureuse et accueillante pour ma famille que j&#8217;ai eu l&#8217;id\u00e9e de cr\u00e9er Cozy Deco. Avec ma s\u00e9lection d&#8217;accessoires intemporels pour la maison, je veux aider d&#8217;autres personnes [&hellip;]<\/p>\n","protected":false},"author":1,"featured_media":0,"parent":0,"menu_order":0,"comment_status":"closed","ping_status":"closed","template":"","meta":{"footnotes":""},"class_list":["post-3244","page","type-page","status-publish","hentry"],"yoast_head":"<!-- This site is optimized with the Yoast SEO plugin v27.3 - https:\/\/yoast.com\/product\/yoast-seo-wordpress\/ -->\n<title>A propos de nous - cozydeco.be<\/title>\n<meta name=\"robots\" content=\"index, follow, max-snippet:-1, max-image-preview:large, max-video-preview:-1\" \/>\n<link rel=\"canonical\" href=\"https:\/\/cozydeco.be\/fr\/a-propos-de-nous\/\" \/>\n<meta property=\"og:locale\" content=\"fr_FR\" \/>\n<meta property=\"og:type\" content=\"article\" \/>\n<meta property=\"og:title\" content=\"A propos de nous - cozydeco.be\" \/>\n<meta property=\"og:description\" content=\"La convivialit\u00e9 a toujours \u00e9t\u00e9 importante pour moi. J&#8217;appr\u00e9cie les petites choses de la vie, seule ou en famille et\/ou avec des amis. C&#8217;est en cr\u00e9ant une maison chaleureuse et accueillante pour ma famille que j&#8217;ai eu l&#8217;id\u00e9e de cr\u00e9er Cozy Deco. Avec ma s\u00e9lection d&#8217;accessoires intemporels pour la maison, je veux aider d&#8217;autres personnes [&hellip;]\" \/>\n<meta property=\"og:url\" content=\"https:\/\/cozydeco.be\/fr\/a-propos-de-nous\/\" \/>\n<meta property=\"og:site_name\" content=\"cozydeco.be\" \/>\n<meta property=\"article:publisher\" content=\"https:\/\/www.facebook.com\/cozydeco.be\" \/>\n<meta property=\"article:modified_time\" content=\"2024-03-29T09:37:45+00:00\" \/>\n<meta property=\"og:image\" content=\"https:\/\/cozydeco.be\/wp-content\/uploads\/2023\/06\/foto-Sofie.jpg\" \/>\n<meta name=\"twitter:card\" content=\"summary_large_image\" \/>\n<meta name=\"twitter:label1\" content=\"Dur\u00e9e de lecture estim\u00e9e\" \/>\n\t<meta name=\"twitter:data1\" content=\"3 minutes\" \/>\n<script type=\"application\/ld+json\" class=\"yoast-schema-graph\">{\"@context\":\"https:\\\/\\\/schema.org\",\"@graph\":[{\"@type\":\"WebPage\",\"@id\":\"https:\\\/\\\/cozydeco.be\\\/fr\\\/a-propos-de-nous\\\/\",\"url\":\"https:\\\/\\\/cozydeco.be\\\/fr\\\/a-propos-de-nous\\\/\",\"name\":\"A propos de nous - cozydeco.be\",\"isPartOf\":{\"@id\":\"https:\\\/\\\/cozydeco.be\\\/fr\\\/#website\"},\"primaryImageOfPage\":{\"@id\":\"https:\\\/\\\/cozydeco.be\\\/fr\\\/a-propos-de-nous\\\/#primaryimage\"},\"image\":{\"@id\":\"https:\\\/\\\/cozydeco.be\\\/fr\\\/a-propos-de-nous\\\/#primaryimage\"},\"thumbnailUrl\":\"https:\\\/\\\/cozydeco.be\\\/wp-content\\\/uploads\\\/2023\\\/06\\\/foto-Sofie.jpg\",\"datePublished\":\"2023-06-09T19:42:10+00:00\",\"dateModified\":\"2024-03-29T09:37:45+00:00\",\"inLanguage\":\"fr-FR\",\"potentialAction\":[{\"@type\":\"ReadAction\",\"target\":[\"https:\\\/\\\/cozydeco.be\\\/fr\\\/a-propos-de-nous\\\/\"]}]},{\"@type\":\"ImageObject\",\"inLanguage\":\"fr-FR\",\"@id\":\"https:\\\/\\\/cozydeco.be\\\/fr\\\/a-propos-de-nous\\\/#primaryimage\",\"url\":\"https:\\\/\\\/cozydeco.be\\\/wp-content\\\/uploads\\\/2023\\\/06\\\/foto-Sofie.jpg\",\"contentUrl\":\"https:\\\/\\\/cozydeco.be\\\/wp-content\\\/uploads\\\/2023\\\/06\\\/foto-Sofie.jpg\"},{\"@type\":\"WebSite\",\"@id\":\"https:\\\/\\\/cozydeco.be\\\/fr\\\/#website\",\"url\":\"https:\\\/\\\/cozydeco.be\\\/fr\\\/\",\"name\":\"cozydeco.be\",\"description\":\"voor meer sfeer, zachtheid en warmte in huis\",\"publisher\":{\"@id\":\"https:\\\/\\\/cozydeco.be\\\/fr\\\/#organization\"},\"alternateName\":\"Cozy deco\",\"potentialAction\":[{\"@type\":\"SearchAction\",\"target\":{\"@type\":\"EntryPoint\",\"urlTemplate\":\"https:\\\/\\\/cozydeco.be\\\/fr\\\/?s={search_term_string}\"},\"query-input\":{\"@type\":\"PropertyValueSpecification\",\"valueRequired\":true,\"valueName\":\"search_term_string\"}}],\"inLanguage\":\"fr-FR\"},{\"@type\":\"Organization\",\"@id\":\"https:\\\/\\\/cozydeco.be\\\/fr\\\/#organization\",\"name\":\"Cozy Deco\",\"alternateName\":\"Cozydeco.be\",\"url\":\"https:\\\/\\\/cozydeco.be\\\/fr\\\/\",\"logo\":{\"@type\":\"ImageObject\",\"inLanguage\":\"fr-FR\",\"@id\":\"https:\\\/\\\/cozydeco.be\\\/fr\\\/#\\\/schema\\\/logo\\\/image\\\/\",\"url\":\"https:\\\/\\\/cozydeco.be\\\/wp-content\\\/uploads\\\/2023\\\/06\\\/cropped-cozydeco-logo-blauw-zonder-slogan-3.png\",\"contentUrl\":\"https:\\\/\\\/cozydeco.be\\\/wp-content\\\/uploads\\\/2023\\\/06\\\/cropped-cozydeco-logo-blauw-zonder-slogan-3.png\",\"width\":500,\"height\":499,\"caption\":\"Cozy Deco\"},\"image\":{\"@id\":\"https:\\\/\\\/cozydeco.be\\\/fr\\\/#\\\/schema\\\/logo\\\/image\\\/\"},\"sameAs\":[\"https:\\\/\\\/www.facebook.com\\\/cozydeco.be\",\"https:\\\/\\\/www.instagram.com\\\/cozydeco.be\\\/\"]}]}<\/script>\n<!-- \/ Yoast SEO plugin. -->","yoast_head_json":{"title":"A propos de nous - cozydeco.be","robots":{"index":"index","follow":"follow","max-snippet":"max-snippet:-1","max-image-preview":"max-image-preview:large","max-video-preview":"max-video-preview:-1"},"canonical":"https:\/\/cozydeco.be\/fr\/a-propos-de-nous\/","og_locale":"fr_FR","og_type":"article","og_title":"A propos de nous - cozydeco.be","og_description":"La convivialit\u00e9 a toujours \u00e9t\u00e9 importante pour moi. J&#8217;appr\u00e9cie les petites choses de la vie, seule ou en famille et\/ou avec des amis. C&#8217;est en cr\u00e9ant une maison chaleureuse et accueillante pour ma famille que j&#8217;ai eu l&#8217;id\u00e9e de cr\u00e9er Cozy Deco. Avec ma s\u00e9lection d&#8217;accessoires intemporels pour la maison, je veux aider d&#8217;autres personnes [&hellip;]","og_url":"https:\/\/cozydeco.be\/fr\/a-propos-de-nous\/","og_site_name":"cozydeco.be","article_publisher":"https:\/\/www.facebook.com\/cozydeco.be","article_modified_time":"2024-03-29T09:37:45+00:00","og_image":[{"url":"https:\/\/cozydeco.be\/wp-content\/uploads\/2023\/06\/foto-Sofie.jpg","type":"","width":"","height":""}],"twitter_card":"summary_large_image","twitter_misc":{"Dur\u00e9e de lecture estim\u00e9e":"3 minutes"},"schema":{"@context":"https:\/\/schema.org","@graph":[{"@type":"WebPage","@id":"https:\/\/cozydeco.be\/fr\/a-propos-de-nous\/","url":"https:\/\/cozydeco.be\/fr\/a-propos-de-nous\/","name":"A propos de nous - cozydeco.be","isPartOf":{"@id":"https:\/\/cozydeco.be\/fr\/#website"},"primaryImageOfPage":{"@id":"https:\/\/cozydeco.be\/fr\/a-propos-de-nous\/#primaryimage"},"image":{"@id":"https:\/\/cozydeco.be\/fr\/a-propos-de-nous\/#primaryimage"},"thumbnailUrl":"https:\/\/cozydeco.be\/wp-content\/uploads\/2023\/06\/foto-Sofie.jpg","datePublished":"2023-06-09T19:42:10+00:00","dateModified":"2024-03-29T09:37:45+00:00","inLanguage":"fr-FR","potentialAction":[{"@type":"ReadAction","target":["https:\/\/cozydeco.be\/fr\/a-propos-de-nous\/"]}]},{"@type":"ImageObject","inLanguage":"fr-FR","@id":"https:\/\/cozydeco.be\/fr\/a-propos-de-nous\/#primaryimage","url":"https:\/\/cozydeco.be\/wp-content\/uploads\/2023\/06\/foto-Sofie.jpg","contentUrl":"https:\/\/cozydeco.be\/wp-content\/uploads\/2023\/06\/foto-Sofie.jpg"},{"@type":"WebSite","@id":"https:\/\/cozydeco.be\/fr\/#website","url":"https:\/\/cozydeco.be\/fr\/","name":"cozydeco.be","description":"voor meer sfeer, zachtheid en warmte in huis","publisher":{"@id":"https:\/\/cozydeco.be\/fr\/#organization"},"alternateName":"Cozy deco","potentialAction":[{"@type":"SearchAction","target":{"@type":"EntryPoint","urlTemplate":"https:\/\/cozydeco.be\/fr\/?s={search_term_string}"},"query-input":{"@type":"PropertyValueSpecification","valueRequired":true,"valueName":"search_term_string"}}],"inLanguage":"fr-FR"},{"@type":"Organization","@id":"https:\/\/cozydeco.be\/fr\/#organization","name":"Cozy Deco","alternateName":"Cozydeco.be","url":"https:\/\/cozydeco.be\/fr\/","logo":{"@type":"ImageObject","inLanguage":"fr-FR","@id":"https:\/\/cozydeco.be\/fr\/#\/schema\/logo\/image\/","url":"https:\/\/cozydeco.be\/wp-content\/uploads\/2023\/06\/cropped-cozydeco-logo-blauw-zonder-slogan-3.png","contentUrl":"https:\/\/cozydeco.be\/wp-content\/uploads\/2023\/06\/cropped-cozydeco-logo-blauw-zonder-slogan-3.png","width":500,"height":499,"caption":"Cozy Deco"},"image":{"@id":"https:\/\/cozydeco.be\/fr\/#\/schema\/logo\/image\/"},"sameAs":["https:\/\/www.facebook.com\/cozydeco.be","https:\/\/www.instagram.com\/cozydeco.be\/"]}]}},"_links":{"self":[{"href":"https:\/\/cozydeco.be\/fr\/wp-json\/wp\/v2\/pages\/3244","targetHints":{"allow":["GET"]}}],"collection":[{"href":"https:\/\/cozydeco.be\/fr\/wp-json\/wp\/v2\/pages"}],"about":[{"href":"https:\/\/cozydeco.be\/fr\/wp-json\/wp\/v2\/types\/page"}],"author":[{"embeddable":true,"href":"https:\/\/cozydeco.be\/fr\/wp-json\/wp\/v2\/users\/1"}],"replies":[{"embeddable":true,"href":"https:\/\/cozydeco.be\/fr\/wp-json\/wp\/v2\/comments?post=3244"}],"version-history":[{"count":16,"href":"https:\/\/cozydeco.be\/fr\/wp-json\/wp\/v2\/pages\/3244\/revisions"}],"predecessor-version":[{"id":8334,"href":"https:\/\/cozydeco.be\/fr\/wp-json\/wp\/v2\/pages\/3244\/revisions\/8334"}],"wp:attachment":[{"href":"https:\/\/cozydeco.be\/fr\/wp-json\/wp\/v2\/media?parent=3244"}],"curies":[{"name":"wp","href":"https:\/\/api.w.org\/{rel}","templated":true}]}}