{"id":1675,"date":"2023-06-09T19:42:09","date_gmt":"2023-06-09T19:42:09","guid":{"rendered":"https:\/\/cozydeco.be\/cadeaux-daffaires\/"},"modified":"2023-06-20T08:27:00","modified_gmt":"2023-06-20T08:27:00","slug":"cadeaux-daffaires","status":"publish","type":"page","link":"https:\/\/cozydeco.be\/fr\/cadeaux-daffaires\/","title":{"rendered":"Cadeaux d&#8217;affaires"},"content":{"rendered":"\t\t<div data-elementor-type=\"wp-page\" data-elementor-id=\"1675\" class=\"elementor elementor-1675 elementor-17\" data-elementor-post-type=\"page\">\n\t\t\t\t\t\t<section class=\"elementor-section elementor-top-section elementor-element elementor-element-7aa36c0 elementor-section-boxed elementor-section-height-default elementor-section-height-default\" data-id=\"7aa36c0\" data-element_type=\"section\" data-e-type=\"section\">\n\t\t\t\t\t\t<div class=\"elementor-container elementor-column-gap-default\">\n\t\t\t\t\t<div class=\"elementor-column elementor-col-100 elementor-top-column elementor-element elementor-element-231184d\" data-id=\"231184d\" data-element_type=\"column\" data-e-type=\"column\">\n\t\t\t<div class=\"elementor-widget-wrap elementor-element-populated\">\n\t\t\t\t\t\t<div class=\"elementor-element elementor-element-63149d1 elementor-widget elementor-widget-text-editor\" data-id=\"63149d1\" data-element_type=\"widget\" data-e-type=\"widget\" data-widget_type=\"text-editor.default\">\n\t\t\t\t<div class=\"elementor-widget-container\">\n\t\t\t\t\t\t\t\t\t<p>Les entreprises peuvent \u00e9galement contacter Cozy Deco pour des cadeaux d&#8217;affaires. Nous sommes l\u00e0 pour le <strong>client B2B<\/strong>.<br><br><\/p>\n<h3><strong>D\u00e9couvrez nos cadeaux d&#8217;affaires originaux !<\/strong><\/h3>\t\t\t\t\t\t\t\t<\/div>\n\t\t\t\t<\/div>\n\t\t\t\t\t<\/div>\n\t\t<\/div>\n\t\t\t\t\t<\/div>\n\t\t<\/section>\n\t\t\t\t<section class=\"elementor-section elementor-top-section elementor-element elementor-element-7710b30 elementor-section-boxed elementor-section-height-default elementor-section-height-default\" data-id=\"7710b30\" data-element_type=\"section\" data-e-type=\"section\">\n\t\t\t\t\t\t<div class=\"elementor-container elementor-column-gap-default\">\n\t\t\t\t\t<div class=\"elementor-column elementor-col-100 elementor-top-column elementor-element elementor-element-c02b41e\" data-id=\"c02b41e\" data-element_type=\"column\" data-e-type=\"column\">\n\t\t\t<div class=\"elementor-widget-wrap elementor-element-populated\">\n\t\t\t\t\t\t<div class=\"elementor-element elementor-element-081f435 elementor-widget elementor-widget-text-editor\" data-id=\"081f435\" data-element_type=\"widget\" data-e-type=\"widget\" data-widget_type=\"text-editor.default\">\n\t\t\t\t<div class=\"elementor-widget-container\">\n\t\t\t\t\t\t\t\t\t<p>Un &#8220;<strong>merci<\/strong>&#8220;, un &#8220;<strong>moment de plaisir<\/strong>&#8220;, un cadeau &#8220;<strong>nous allons le faire ensemble<\/strong>&#8220;.<br>Le budget n&#8217;est pas toujours important, mais un <strong>beau geste<\/strong> <strong>original<\/strong> l&#8217;est. Donner de la reconnaissance, c&#8217;est recevoir de la reconnaissance!<br>Une citation appropri\u00e9e, un cadeau qui correspond vraiment \u00e0 votre entreprise !<\/p>\n<p>Je propose des cadeaux d&#8217;affaires originaux pour les clients, les coll\u00e8gues, les employ\u00e9s et les relations B2B.<\/p>\n<table border=\"0\">\n<tbody>\n<tr>\n<td>\n<p>Cozy Deco pense aux cadeaux d&#8217;affaires <strong>durables<\/strong><br>&#8211; avec un <strong>message<\/strong><br>&#8211; aux <strong>cadeaux<\/strong> savoureux et <strong>originaux<\/strong> ou<br>&#8211; aux cadeaux avec un <strong>effet<\/strong> de <strong>surprise<\/strong> \u00e0 tout moment de l&#8217;ann\u00e9e <\/p>\n<p>Cozy Deco pense avec vous pour que vous puissiez envoyer le <strong>bon message<\/strong> \u00e0 vos employ\u00e9s ou \u00e0 vos clients. Un message \u00e0 la fin de l&#8217;ann\u00e9e, juste avant l&#8217;\u00e9t\u00e9, \u00e0 P\u00e2ques,&#8230;<\/p>\n<p>Chaque cadeau peut \u00eatre <strong>personnalis\u00e9<\/strong> Vous pensez \u00e0 votre logo, \u00e0 une jolie citation ou \u00e0 un message personnalis\u00e9 ? Cozy Deco s&#8217;occupe des plus petits d\u00e9tails.<\/p>\n<\/td>\n<\/tr>\n<\/tbody>\n<\/table>\t\t\t\t\t\t\t\t<\/div>\n\t\t\t\t<\/div>\n\t\t\t\t\t<\/div>\n\t\t<\/div>\n\t\t\t\t\t<\/div>\n\t\t<\/section>\n\t\t\t\t<section class=\"elementor-section elementor-top-section elementor-element elementor-element-3acdf7a elementor-section-boxed elementor-section-height-default elementor-section-height-default\" data-id=\"3acdf7a\" data-element_type=\"section\" data-e-type=\"section\">\n\t\t\t\t\t\t<div class=\"elementor-container elementor-column-gap-default\">\n\t\t\t\t\t<div class=\"elementor-column elementor-col-100 elementor-top-column elementor-element elementor-element-78af643\" data-id=\"78af643\" data-element_type=\"column\" data-e-type=\"column\">\n\t\t\t<div class=\"elementor-widget-wrap elementor-element-populated\">\n\t\t\t\t\t\t<div class=\"elementor-element elementor-element-1c57dc0 elementor-widget elementor-widget-text-editor\" data-id=\"1c57dc0\" data-element_type=\"widget\" data-e-type=\"widget\" data-widget_type=\"text-editor.default\">\n\t\t\t\t<div class=\"elementor-widget-container\">\n\t\t\t\t\t\t\t\t\t<p>Il n&#8217;y a rien de tel que de surprendre quelqu&#8217;un avec un beau cadeau, mais &#8220;<strong>recevoir<\/strong> un cadeau d&#8217;affaires original dans un <strong>joli<\/strong> <strong>paquet<\/strong>&#8221; est tout aussi important. <\/p>\n<p>Une <strong>surprise<\/strong> <strong>personnalis\u00e9e<\/strong> est <strong>unique<\/strong> et cr\u00e9era un <strong>souvenir<\/strong> durable aupr\u00e8s de vos clients ou employ\u00e9s.<\/p>\n<p>Pas de cl\u00e9s USB, de ballons ou de stylos. Un produit beau et tangible laisse un souvenir fort.<\/p>\n<p style=\"margin-bottom: 1rem; color: #414141; font-family: 'Open Sans', Helvetica, sans-serif; letter-spacing: 0.48px;\">Bien s\u00fbr, un beau cadeau peut d\u00e9sormais \u00eatre offert \u00e0 No\u00ebl et au Nouvel An, mais nous aimons aussi trouver des id\u00e9es de cadeaux d&#8217;affaires que vous pouvez offrir lors de journ\u00e9es sp\u00e9ciales:<\/p>\n<p style=\"margin-bottom: 1rem; color: #414141; font-family: 'Open Sans', Helvetica, sans-serif; letter-spacing: 0.48px; padding-left: 160px;\"><span style=\"font-weight: bolder;\">&#8211; jours f\u00e9riers<\/span><br><span style=\"font-weight: bolder;\">&#8211; journ\u00e9es portes ouvertes<\/span><br><span style=\"font-weight: bolder;\">&#8211; journ\u00e9es sp\u00e9ciales telles que les journ\u00e9es des employ\u00e9s<\/span><br><span style=\"font-weight: bolder;\">&#8211; c\u00e9l\u00e9brer le d\u00e9but de l&#8217;\u00e9t\u00e9<\/span><br><span style=\"font-weight: bolder;\">&#8211; un remerciement \u00e0 la fin de l&#8217;ann\u00e9e scolaire, <\/span><br><span style=\"font-weight: bolder;\">&#8211; journ\u00e9e du client<\/span><br><span style=\"font-weight: bolder;\">&#8211; journ\u00e9es portes ouvertes<\/span><br><span style=\"font-weight: bolder;\">&#8211; \u00e9v\u00e9nements de networking<\/span><br><span style=\"font-weight: bolder;\">&#8230;<\/span><\/p>\n<p>Vous aviez autre chose en t\u00eate? n&#8217; h\u00e9sitez pas de me contacter. Je travaillerai avec vous pour trouver le cadeau d&#8217;entreprise appropri\u00e9.<\/p>\t\t\t\t\t\t\t\t<\/div>\n\t\t\t\t<\/div>\n\t\t\t\t\t<\/div>\n\t\t<\/div>\n\t\t\t\t\t<\/div>\n\t\t<\/section>\n\t\t\t\t<section class=\"elementor-section elementor-top-section elementor-element elementor-element-7915dab elementor-section-boxed elementor-section-height-default elementor-section-height-default\" data-id=\"7915dab\" data-element_type=\"section\" data-e-type=\"section\">\n\t\t\t\t\t\t<div class=\"elementor-container elementor-column-gap-default\">\n\t\t\t\t\t<div class=\"elementor-column elementor-col-50 elementor-top-column elementor-element elementor-element-c0621e3\" data-id=\"c0621e3\" data-element_type=\"column\" data-e-type=\"column\">\n\t\t\t<div class=\"elementor-widget-wrap elementor-element-populated\">\n\t\t\t\t\t\t<div class=\"elementor-element elementor-element-c1eae2f elementor-button-align-start elementor-widget elementor-widget-form\" data-id=\"c1eae2f\" data-element_type=\"widget\" data-e-type=\"widget\" data-settings=\"{&quot;step_next_label&quot;:&quot;Next&quot;,&quot;step_previous_label&quot;:&quot;Previous&quot;,&quot;button_width&quot;:&quot;100&quot;,&quot;step_type&quot;:&quot;number_text&quot;,&quot;step_icon_shape&quot;:&quot;circle&quot;}\" data-widget_type=\"form.default\">\n\t\t\t\t<div class=\"elementor-widget-container\">\n\t\t\t\t\t\t\t<form class=\"elementor-form\" method=\"post\" name=\"Formulaire nouveau\" aria-label=\"Formulaire nouveau\">\n\t\t\t<input type=\"hidden\" name=\"post_id\" value=\"1675\"\/>\n\t\t\t<input type=\"hidden\" name=\"form_id\" value=\"c1eae2f\"\/>\n\t\t\t<input type=\"hidden\" name=\"referer_title\" value=\"Cadeaux d&#039;affaires - cozydeco.be\" \/>\n\n\t\t\t\t\t\t\t<input type=\"hidden\" name=\"queried_id\" value=\"1675\"\/>\n\t\t\t\n\t\t\t<div class=\"elementor-form-fields-wrapper elementor-labels-above\">\n\t\t\t\t\t\t\t\t<div class=\"elementor-field-type-text elementor-field-group elementor-column elementor-field-group-field_f422d94 elementor-col-50 elementor-field-required elementor-mark-required\">\n\t\t\t\t\t\t\t\t\t\t\t\t<label for=\"form-field-field_f422d94\" class=\"elementor-field-label\">\n\t\t\t\t\t\t\t\tNom\t\t\t\t\t\t\t<\/label>\n\t\t\t\t\t\t\t\t\t\t\t\t\t\t<input size=\"1\" type=\"text\" name=\"form_fields[field_f422d94]\" id=\"form-field-field_f422d94\" class=\"elementor-field elementor-size-sm  elementor-field-textual\" placeholder=\"Nom\" required=\"required\">\n\t\t\t\t\t\t\t\t\t\t\t<\/div>\n\t\t\t\t\t\t\t\t<div class=\"elementor-field-type-text elementor-field-group elementor-column elementor-field-group-field_3cce522 elementor-col-50\">\n\t\t\t\t\t\t\t\t\t\t\t\t<label for=\"form-field-field_3cce522\" class=\"elementor-field-label\">\n\t\t\t\t\t\t\t\tEntreprise\t\t\t\t\t\t\t<\/label>\n\t\t\t\t\t\t\t\t\t\t\t\t\t\t<input size=\"1\" type=\"text\" name=\"form_fields[field_3cce522]\" id=\"form-field-field_3cce522\" class=\"elementor-field elementor-size-sm  elementor-field-textual\" placeholder=\"Entreprise\">\n\t\t\t\t\t\t\t\t\t\t\t<\/div>\n\t\t\t\t\t\t\t\t<div class=\"elementor-field-type-email elementor-field-group elementor-column elementor-field-group-email elementor-col-50 elementor-field-required elementor-mark-required\">\n\t\t\t\t\t\t\t\t\t\t\t\t<label for=\"form-field-email\" class=\"elementor-field-label\">\n\t\t\t\t\t\t\t\tE-mail\t\t\t\t\t\t\t<\/label>\n\t\t\t\t\t\t\t\t\t\t\t\t\t\t<input size=\"1\" type=\"email\" name=\"form_fields[email]\" id=\"form-field-email\" class=\"elementor-field elementor-size-sm  elementor-field-textual\" placeholder=\"E-mail\" required=\"required\">\n\t\t\t\t\t\t\t\t\t\t\t<\/div>\n\t\t\t\t\t\t\t\t<div class=\"elementor-field-type-text elementor-field-group elementor-column elementor-field-group-field_c3418e6 elementor-col-50\">\n\t\t\t\t\t\t\t\t\t\t\t\t<label for=\"form-field-field_c3418e6\" class=\"elementor-field-label\">\n\t\t\t\t\t\t\t\tN\u00b0 de t\u00e9l\u00e9phone\t\t\t\t\t\t\t<\/label>\n\t\t\t\t\t\t\t\t\t\t\t\t\t\t<input size=\"1\" type=\"text\" name=\"form_fields[field_c3418e6]\" id=\"form-field-field_c3418e6\" class=\"elementor-field elementor-size-sm  elementor-field-textual\" placeholder=\"06-12345678\">\n\t\t\t\t\t\t\t\t\t\t\t<\/div>\n\t\t\t\t\t\t\t\t<div class=\"elementor-field-type-textarea elementor-field-group elementor-column elementor-field-group-message elementor-col-100 elementor-field-required elementor-mark-required\">\n\t\t\t\t\t\t\t\t\t\t\t\t<label for=\"form-field-message\" class=\"elementor-field-label\">\n\t\t\t\t\t\t\t\tSujet\t\t\t\t\t\t\t<\/label>\n\t\t\t\t\t\t<textarea class=\"elementor-field-textual elementor-field  elementor-size-sm\" name=\"form_fields[message]\" id=\"form-field-message\" rows=\"4\" placeholder=\"Sujet\" required=\"required\"><\/textarea>\t\t\t\t<\/div>\n\t\t\t\t\t\t\t\t<div class=\"elementor-field-group elementor-column elementor-field-type-submit elementor-col-100 e-form__buttons\">\n\t\t\t\t\t<button class=\"elementor-button elementor-size-sm\" type=\"submit\">\n\t\t\t\t\t\t<span class=\"elementor-button-content-wrapper\">\n\t\t\t\t\t\t\t\t\t\t\t\t\t\t\t\t\t\t\t\t\t\t<span class=\"elementor-button-text\">Envoyer<\/span>\n\t\t\t\t\t\t\t\t\t\t\t\t\t<\/span>\n\t\t\t\t\t<\/button>\n\t\t\t\t<\/div>\n\t\t\t<\/div>\n\t\t<\/form>\n\t\t\t\t\t\t<\/div>\n\t\t\t\t<\/div>\n\t\t\t\t\t<\/div>\n\t\t<\/div>\n\t\t\t\t<div class=\"elementor-column elementor-col-50 elementor-top-column elementor-element elementor-element-62a65cc\" data-id=\"62a65cc\" data-element_type=\"column\" data-e-type=\"column\" data-settings=\"{&quot;background_background&quot;:&quot;classic&quot;}\">\n\t\t\t<div class=\"elementor-widget-wrap elementor-element-populated\">\n\t\t\t\t\t\t<section class=\"elementor-section elementor-inner-section elementor-element elementor-element-99685c7 elementor-section-content-middle elementor-section-boxed elementor-section-height-default elementor-section-height-default\" data-id=\"99685c7\" data-element_type=\"section\" data-e-type=\"section\" data-settings=\"{&quot;background_background&quot;:&quot;classic&quot;}\">\n\t\t\t\t\t\t<div class=\"elementor-container elementor-column-gap-no\">\n\t\t\t\t\t<div class=\"elementor-column elementor-col-100 elementor-inner-column elementor-element elementor-element-6bc2b92\" data-id=\"6bc2b92\" data-element_type=\"column\" data-e-type=\"column\" data-settings=\"{&quot;background_background&quot;:&quot;classic&quot;}\">\n\t\t\t<div class=\"elementor-widget-wrap elementor-element-populated\">\n\t\t\t\t\t\t<div class=\"elementor-element elementor-element-c7d97a6 elementor-view-default elementor-position-block-start elementor-mobile-position-block-start elementor-widget elementor-widget-icon-box\" data-id=\"c7d97a6\" data-element_type=\"widget\" data-e-type=\"widget\" data-widget_type=\"icon-box.default\">\n\t\t\t\t<div class=\"elementor-widget-container\">\n\t\t\t\t\t\t\t<div class=\"elementor-icon-box-wrapper\">\n\n\t\t\t\t\t\t<div class=\"elementor-icon-box-icon\">\n\t\t\t\t<span  class=\"elementor-icon\">\n\t\t\t\t<i aria-hidden=\"true\" class=\"fas fa-phone-alt\"><\/i>\t\t\t\t<\/span>\n\t\t\t<\/div>\n\t\t\t\n\t\t\t\t\t\t<div class=\"elementor-icon-box-content\">\n\n\t\t\t\t\t\t\t\t\t<h3 class=\"elementor-icon-box-title\">\n\t\t\t\t\t\t<span  >\n\t\t\t\t\t\t\ttel: +32 486 75 24 11\t\t\t\t\t\t<\/span>\n\t\t\t\t\t<\/h3>\n\t\t\t\t\n\t\t\t\t\n\t\t\t<\/div>\n\t\t\t\n\t\t<\/div>\n\t\t\t\t\t\t<\/div>\n\t\t\t\t<\/div>\n\t\t\t\t<div class=\"elementor-element elementor-element-aba9d42 elementor-view-default elementor-position-block-start elementor-mobile-position-block-start elementor-widget elementor-widget-icon-box\" data-id=\"aba9d42\" data-element_type=\"widget\" data-e-type=\"widget\" data-widget_type=\"icon-box.default\">\n\t\t\t\t<div class=\"elementor-widget-container\">\n\t\t\t\t\t\t\t<div class=\"elementor-icon-box-wrapper\">\n\n\t\t\t\t\t\t<div class=\"elementor-icon-box-icon\">\n\t\t\t\t<span  class=\"elementor-icon\">\n\t\t\t\t<i aria-hidden=\"true\" class=\"fas fa-envelope\"><\/i>\t\t\t\t<\/span>\n\t\t\t<\/div>\n\t\t\t\n\t\t\t\t\t\t<div class=\"elementor-icon-box-content\">\n\n\t\t\t\t\t\t\t\t\t<h3 class=\"elementor-icon-box-title\">\n\t\t\t\t\t\t<span  >\n\t\t\t\t\t\t\tinfo@cozydeco.be\t\t\t\t\t\t<\/span>\n\t\t\t\t\t<\/h3>\n\t\t\t\t\n\t\t\t\t\n\t\t\t<\/div>\n\t\t\t\n\t\t<\/div>\n\t\t\t\t\t\t<\/div>\n\t\t\t\t<\/div>\n\t\t\t\t<div class=\"elementor-element elementor-element-1d686f9 elementor-view-default elementor-position-block-start elementor-mobile-position-block-start elementor-widget elementor-widget-icon-box\" data-id=\"1d686f9\" data-element_type=\"widget\" data-e-type=\"widget\" data-widget_type=\"icon-box.default\">\n\t\t\t\t<div class=\"elementor-widget-container\">\n\t\t\t\t\t\t\t<div class=\"elementor-icon-box-wrapper\">\n\n\t\t\t\t\t\t<div class=\"elementor-icon-box-icon\">\n\t\t\t\t<span  class=\"elementor-icon\">\n\t\t\t\t<i aria-hidden=\"true\" class=\"fas fa-house-user\"><\/i>\t\t\t\t<\/span>\n\t\t\t<\/div>\n\t\t\t\n\t\t\t\t\t\t<div class=\"elementor-icon-box-content\">\n\n\t\t\t\t\t\t\t\t\t<h3 class=\"elementor-icon-box-title\">\n\t\t\t\t\t\t<span  >\n\t\t\t\t\t\t\tOude Veldstraat 59, 9080 Zaffelare\t\t\t\t\t\t<\/span>\n\t\t\t\t\t<\/h3>\n\t\t\t\t\n\t\t\t\t\n\t\t\t<\/div>\n\t\t\t\n\t\t<\/div>\n\t\t\t\t\t\t<\/div>\n\t\t\t\t<\/div>\n\t\t\t\t\t<\/div>\n\t\t<\/div>\n\t\t\t\t\t<\/div>\n\t\t<\/section>\n\t\t\t\t\t<\/div>\n\t\t<\/div>\n\t\t\t\t\t<\/div>\n\t\t<\/section>\n\t\t\t\t<\/div>\n\t\t","protected":false},"excerpt":{"rendered":"<p>Les entreprises peuvent \u00e9galement contacter Cozy Deco pour des cadeaux d&#8217;affaires. Nous sommes l\u00e0 pour le client B2B. D\u00e9couvrez nos cadeaux d&#8217;affaires originaux ! Un &#8220;merci&#8220;, un &#8220;moment de plaisir&#8220;, un cadeau &#8220;nous allons le faire ensemble&#8220;.Le budget n&#8217;est pas toujours important, mais un beau geste original l&#8217;est. Donner de la reconnaissance, c&#8217;est recevoir de [&hellip;]<\/p>\n","protected":false},"author":1,"featured_media":0,"parent":0,"menu_order":0,"comment_status":"closed","ping_status":"closed","template":"","meta":{"footnotes":""},"class_list":["post-1675","page","type-page","status-publish","hentry"],"yoast_head":"<!-- This site is optimized with the Yoast SEO plugin v27.3 - https:\/\/yoast.com\/product\/yoast-seo-wordpress\/ -->\n<title>Cadeaux d&#039;affaires - cozydeco.be<\/title>\n<meta name=\"robots\" content=\"index, follow, max-snippet:-1, max-image-preview:large, max-video-preview:-1\" \/>\n<link rel=\"canonical\" href=\"https:\/\/cozydeco.be\/fr\/cadeaux-daffaires\/\" \/>\n<meta property=\"og:locale\" content=\"fr_FR\" \/>\n<meta property=\"og:type\" content=\"article\" \/>\n<meta property=\"og:title\" content=\"Cadeaux d&#039;affaires - cozydeco.be\" \/>\n<meta property=\"og:description\" content=\"Les entreprises peuvent \u00e9galement contacter Cozy Deco pour des cadeaux d&#8217;affaires. Nous sommes l\u00e0 pour le client B2B. D\u00e9couvrez nos cadeaux d&#8217;affaires originaux ! Un &#8220;merci&#8220;, un &#8220;moment de plaisir&#8220;, un cadeau &#8220;nous allons le faire ensemble&#8220;.Le budget n&#8217;est pas toujours important, mais un beau geste original l&#8217;est. Donner de la reconnaissance, c&#8217;est recevoir de [&hellip;]\" \/>\n<meta property=\"og:url\" content=\"https:\/\/cozydeco.be\/fr\/cadeaux-daffaires\/\" \/>\n<meta property=\"og:site_name\" content=\"cozydeco.be\" \/>\n<meta property=\"article:publisher\" content=\"https:\/\/www.facebook.com\/cozydeco.be\" \/>\n<meta property=\"article:modified_time\" content=\"2023-06-20T08:27:00+00:00\" \/>\n<meta property=\"og:image\" content=\"https:\/\/cozydeco.be\/wp-content\/uploads\/2023\/06\/cozydeco-logo-blauw-zonder-slogan-3.png\" \/>\n\t<meta property=\"og:image:width\" content=\"500\" \/>\n\t<meta property=\"og:image:height\" content=\"500\" \/>\n\t<meta property=\"og:image:type\" content=\"image\/png\" \/>\n<meta name=\"twitter:card\" content=\"summary_large_image\" \/>\n<meta name=\"twitter:label1\" content=\"Dur\u00e9e de lecture estim\u00e9e\" \/>\n\t<meta name=\"twitter:data1\" content=\"2 minutes\" \/>\n<script type=\"application\/ld+json\" class=\"yoast-schema-graph\">{\"@context\":\"https:\\\/\\\/schema.org\",\"@graph\":[{\"@type\":\"WebPage\",\"@id\":\"https:\\\/\\\/cozydeco.be\\\/fr\\\/cadeaux-daffaires\\\/\",\"url\":\"https:\\\/\\\/cozydeco.be\\\/fr\\\/cadeaux-daffaires\\\/\",\"name\":\"Cadeaux d'affaires - cozydeco.be\",\"isPartOf\":{\"@id\":\"https:\\\/\\\/cozydeco.be\\\/fr\\\/#website\"},\"datePublished\":\"2023-06-09T19:42:09+00:00\",\"dateModified\":\"2023-06-20T08:27:00+00:00\",\"inLanguage\":\"fr-FR\",\"potentialAction\":[{\"@type\":\"ReadAction\",\"target\":[\"https:\\\/\\\/cozydeco.be\\\/fr\\\/cadeaux-daffaires\\\/\"]}]},{\"@type\":\"WebSite\",\"@id\":\"https:\\\/\\\/cozydeco.be\\\/fr\\\/#website\",\"url\":\"https:\\\/\\\/cozydeco.be\\\/fr\\\/\",\"name\":\"cozydeco.be\",\"description\":\"voor meer sfeer, zachtheid en warmte in huis\",\"publisher\":{\"@id\":\"https:\\\/\\\/cozydeco.be\\\/fr\\\/#organization\"},\"alternateName\":\"Cozy deco\",\"potentialAction\":[{\"@type\":\"SearchAction\",\"target\":{\"@type\":\"EntryPoint\",\"urlTemplate\":\"https:\\\/\\\/cozydeco.be\\\/fr\\\/?s={search_term_string}\"},\"query-input\":{\"@type\":\"PropertyValueSpecification\",\"valueRequired\":true,\"valueName\":\"search_term_string\"}}],\"inLanguage\":\"fr-FR\"},{\"@type\":\"Organization\",\"@id\":\"https:\\\/\\\/cozydeco.be\\\/fr\\\/#organization\",\"name\":\"Cozy Deco\",\"alternateName\":\"Cozydeco.be\",\"url\":\"https:\\\/\\\/cozydeco.be\\\/fr\\\/\",\"logo\":{\"@type\":\"ImageObject\",\"inLanguage\":\"fr-FR\",\"@id\":\"https:\\\/\\\/cozydeco.be\\\/fr\\\/#\\\/schema\\\/logo\\\/image\\\/\",\"url\":\"https:\\\/\\\/cozydeco.be\\\/wp-content\\\/uploads\\\/2023\\\/06\\\/cropped-cozydeco-logo-blauw-zonder-slogan-3.png\",\"contentUrl\":\"https:\\\/\\\/cozydeco.be\\\/wp-content\\\/uploads\\\/2023\\\/06\\\/cropped-cozydeco-logo-blauw-zonder-slogan-3.png\",\"width\":500,\"height\":499,\"caption\":\"Cozy Deco\"},\"image\":{\"@id\":\"https:\\\/\\\/cozydeco.be\\\/fr\\\/#\\\/schema\\\/logo\\\/image\\\/\"},\"sameAs\":[\"https:\\\/\\\/www.facebook.com\\\/cozydeco.be\",\"https:\\\/\\\/www.instagram.com\\\/cozydeco.be\\\/\"]}]}<\/script>\n<!-- \/ Yoast SEO plugin. -->","yoast_head_json":{"title":"Cadeaux d'affaires - cozydeco.be","robots":{"index":"index","follow":"follow","max-snippet":"max-snippet:-1","max-image-preview":"max-image-preview:large","max-video-preview":"max-video-preview:-1"},"canonical":"https:\/\/cozydeco.be\/fr\/cadeaux-daffaires\/","og_locale":"fr_FR","og_type":"article","og_title":"Cadeaux d'affaires - cozydeco.be","og_description":"Les entreprises peuvent \u00e9galement contacter Cozy Deco pour des cadeaux d&#8217;affaires. Nous sommes l\u00e0 pour le client B2B. D\u00e9couvrez nos cadeaux d&#8217;affaires originaux ! Un &#8220;merci&#8220;, un &#8220;moment de plaisir&#8220;, un cadeau &#8220;nous allons le faire ensemble&#8220;.Le budget n&#8217;est pas toujours important, mais un beau geste original l&#8217;est. Donner de la reconnaissance, c&#8217;est recevoir de [&hellip;]","og_url":"https:\/\/cozydeco.be\/fr\/cadeaux-daffaires\/","og_site_name":"cozydeco.be","article_publisher":"https:\/\/www.facebook.com\/cozydeco.be","article_modified_time":"2023-06-20T08:27:00+00:00","og_image":[{"width":500,"height":500,"url":"https:\/\/cozydeco.be\/wp-content\/uploads\/2023\/06\/cozydeco-logo-blauw-zonder-slogan-3.png","type":"image\/png"}],"twitter_card":"summary_large_image","twitter_misc":{"Dur\u00e9e de lecture estim\u00e9e":"2 minutes"},"schema":{"@context":"https:\/\/schema.org","@graph":[{"@type":"WebPage","@id":"https:\/\/cozydeco.be\/fr\/cadeaux-daffaires\/","url":"https:\/\/cozydeco.be\/fr\/cadeaux-daffaires\/","name":"Cadeaux d'affaires - cozydeco.be","isPartOf":{"@id":"https:\/\/cozydeco.be\/fr\/#website"},"datePublished":"2023-06-09T19:42:09+00:00","dateModified":"2023-06-20T08:27:00+00:00","inLanguage":"fr-FR","potentialAction":[{"@type":"ReadAction","target":["https:\/\/cozydeco.be\/fr\/cadeaux-daffaires\/"]}]},{"@type":"WebSite","@id":"https:\/\/cozydeco.be\/fr\/#website","url":"https:\/\/cozydeco.be\/fr\/","name":"cozydeco.be","description":"voor meer sfeer, zachtheid en warmte in huis","publisher":{"@id":"https:\/\/cozydeco.be\/fr\/#organization"},"alternateName":"Cozy deco","potentialAction":[{"@type":"SearchAction","target":{"@type":"EntryPoint","urlTemplate":"https:\/\/cozydeco.be\/fr\/?s={search_term_string}"},"query-input":{"@type":"PropertyValueSpecification","valueRequired":true,"valueName":"search_term_string"}}],"inLanguage":"fr-FR"},{"@type":"Organization","@id":"https:\/\/cozydeco.be\/fr\/#organization","name":"Cozy Deco","alternateName":"Cozydeco.be","url":"https:\/\/cozydeco.be\/fr\/","logo":{"@type":"ImageObject","inLanguage":"fr-FR","@id":"https:\/\/cozydeco.be\/fr\/#\/schema\/logo\/image\/","url":"https:\/\/cozydeco.be\/wp-content\/uploads\/2023\/06\/cropped-cozydeco-logo-blauw-zonder-slogan-3.png","contentUrl":"https:\/\/cozydeco.be\/wp-content\/uploads\/2023\/06\/cropped-cozydeco-logo-blauw-zonder-slogan-3.png","width":500,"height":499,"caption":"Cozy Deco"},"image":{"@id":"https:\/\/cozydeco.be\/fr\/#\/schema\/logo\/image\/"},"sameAs":["https:\/\/www.facebook.com\/cozydeco.be","https:\/\/www.instagram.com\/cozydeco.be\/"]}]}},"_links":{"self":[{"href":"https:\/\/cozydeco.be\/fr\/wp-json\/wp\/v2\/pages\/1675","targetHints":{"allow":["GET"]}}],"collection":[{"href":"https:\/\/cozydeco.be\/fr\/wp-json\/wp\/v2\/pages"}],"about":[{"href":"https:\/\/cozydeco.be\/fr\/wp-json\/wp\/v2\/types\/page"}],"author":[{"embeddable":true,"href":"https:\/\/cozydeco.be\/fr\/wp-json\/wp\/v2\/users\/1"}],"replies":[{"embeddable":true,"href":"https:\/\/cozydeco.be\/fr\/wp-json\/wp\/v2\/comments?post=1675"}],"version-history":[{"count":3,"href":"https:\/\/cozydeco.be\/fr\/wp-json\/wp\/v2\/pages\/1675\/revisions"}],"predecessor-version":[{"id":1678,"href":"https:\/\/cozydeco.be\/fr\/wp-json\/wp\/v2\/pages\/1675\/revisions\/1678"}],"wp:attachment":[{"href":"https:\/\/cozydeco.be\/fr\/wp-json\/wp\/v2\/media?parent=1675"}],"curies":[{"name":"wp","href":"https:\/\/api.w.org\/{rel}","templated":true}]}}